{"id":1445,"date":"2026-01-25T12:34:31","date_gmt":"2026-01-25T12:34:31","guid":{"rendered":"https:\/\/luckycaponecasino.net\/app\/"},"modified":"2026-01-26T08:03:06","modified_gmt":"2026-01-26T08:03:06","slug":"app","status":"publish","type":"page","link":"https:\/\/luckycaponecasino.net\/de\/app\/","title":{"rendered":"App"},"content":{"rendered":"<h1>LuckyCapone App<\/h1>\n<p>Die LuckyCapone App revolutioniert die mobile Casino-Unterhaltung durch ununterbrochenen Zugriff auf eine Vielzahl von Online Slots, Tischspielen und Live-Dealer-Erlebnissen f\u00fcr unterwegs. Wir haben das Vertrauen der Spieler mit einer sicheren, schnellen und bequemen Spielumgebung auf jedem Ger\u00e4t gewonnen und garantieren optimierte Spielsitzungen.<\/p>\n<p>Live Chat Support und ein einfacher Verifizierungsprozess tragen ebenfalls zur allgemeinen Atmosph\u00e4re bei, was das LuckyCapone Casino zum beliebtesten Ort f\u00fcr alle macht, die das Spiel in bester Qualit\u00e4t auf jedem Ger\u00e4t genie\u00dfen m\u00f6chten.<\/p>\n<p><div class=\"banner-wrap\" aria-label=\"Banner\"><img src=\"https:\/\/luckycaponecasino.net\/wp-content\/uploads\/2026\/01\/Luckycapone-banner.webp\" class=\"w-100 d-none d-lg-block img-pc main-banner-img\" alt=\"banner\" fetchpriority=\"high\" decoding=\"async\"><img src=\"https:\/\/luckycaponecasino.net\/wp-content\/uploads\/2026\/01\/Mobile-banner.webp\" class=\"w-100 d-none d-md-block d-lg-none main-banner-img\" alt=\"Mobile banner\" fetchpriority=\"high\" decoding=\"async\"><img src=\"https:\/\/luckycaponecasino.net\/wp-content\/uploads\/2026\/01\/Mobile-banner.webp\" class=\"w-100 d-md-none\" alt=\"Mobile banner\" fetchpriority=\"high\" decoding=\"async\"><div class=\"banner-description\">\n<div class=\"banner-title\">Willkommensboni<\/div>\n<p class=\"banner-header-title\">1500 \u20ac<\/p>\n<div class=\"banner-header-AdditionalText\">+ 250 Freispiele<\/div>\n<button data-item=\"homepage_banner_link\" class=\"goto m-button m-gradient-border m-button--primary m-button--large banner-button btn-orange\">\n            <div class=\"m-button-content\">\n                <span>Jetzt anmelden<\/span>\n                <span><\/span>\n            <\/div>\n        <\/button>\n<\/div>\n<div class=\"WelcomePack\">\n<p><img loading=\"lazy\" decoding=\"async\" class=\"alignnone size-full wp-image-1349\" src=\"https:\/\/luckycaponecasino.net\/wp-content\/uploads\/2026\/01\/welcome-crown.svg\" alt=\"welcome crown\" width=\"25\" height=\"26\" \/><\/p>\n<div class=\"WelcomePack-Info\">W\u00f6chentlicher Cashback von bis zu 25 %<\/div>\n<p><img loading=\"lazy\" decoding=\"async\" class=\"alignnone size-full wp-image-1349\" src=\"https:\/\/luckycaponecasino.net\/wp-content\/uploads\/2026\/01\/welcome-crown.svg\" alt=\"welcome crown\" width=\"25\" height=\"26\" \/><\/p>\n<\/div>\n<\/div><div class=\"scrollable-content-wrap my-5\"><div class=\"scrollable-content-inner\"><h2>LuckyCapone App f\u00fcr iOS<\/h2>\n<p>iOS-Nutzer k\u00f6nnen \u00fcber ihren Safari-Browser auf das Lucky Capone Casino zugreifen. Die Website ist vollst\u00e4ndig f\u00fcr iOS-Ger\u00e4te optimiert. Das Spielerlebnis ist sehr fl\u00fcssig. Sie k\u00f6nnen die LuckyCapone App an verschiedene Bildschirmgr\u00f6\u00dfen anpassen. Die LuckyCapone App l\u00e4sst sich ganz einfach auf iOS installieren:<\/p>\n<ol>\n<li>Um eine Verkn\u00fcpfung hinzuzuf\u00fcgen, verwenden Sie das Symbol eines Quadrats mit einem Pfeil nach oben.<\/li>\n<li>Speichern Sie die Verkn\u00fcpfung auf Ihrem Startbildschirm (klicken Sie auf \u201eZum Startbildschirm hinzuf\u00fcgen\u201c).<\/li>\n<li>Vergewissern Sie sich, dass es sich um unsere offizielle Website handelt und die URL korrekt ist, und klicken Sie auf \u201eHinzuf\u00fcgen\u201c.<\/li>\n<\/ol>\n<p>Fertig! Sie haben nun die LuckyCapone Casino-Verkn\u00fcpfung direkt auf Ihrem Bildschirm. Es ist keine Beteiligung des Apple App Stores erforderlich, der die iOS-Richtlinien f\u00fcr Online-Gl\u00fccksspielanwendungen einh\u00e4lt.<\/p>\n<p>Die iOS-Version verf\u00fcgt \u00fcber alle wesentlichen Funktionen wie Spiele, Kontoverwaltung und Live-Chat und \u00e4hnelt somit in Bezug auf die Funktionen unserer Desktop-Version von Lucky Capone. Das Design der App ist sicherheitsbewusst und benutzerfreundlich, wobei der Schwerpunkt auf einem stabilen Spielerlebnis auf iPhones und iPads liegt.<\/p>\n<p><img loading=\"lazy\" decoding=\"async\" class=\"alignnone wp-image-1336 size-full\" src=\"https:\/\/luckycaponecasino.net\/wp-content\/uploads\/2026\/01\/Luckycapone-iOS.webp\" alt=\"Luckycapone iOS\" width=\"1248\" height=\"536\" srcset=\"https:\/\/luckycaponecasino.net\/wp-content\/uploads\/2026\/01\/Luckycapone-iOS.webp 1248w, https:\/\/luckycaponecasino.net\/wp-content\/uploads\/2026\/01\/Luckycapone-iOS-300x129.webp 300w, https:\/\/luckycaponecasino.net\/wp-content\/uploads\/2026\/01\/Luckycapone-iOS-1024x440.webp 1024w, https:\/\/luckycaponecasino.net\/wp-content\/uploads\/2026\/01\/Luckycapone-iOS-768x330.webp 768w\" sizes=\"auto, (max-width: 1248px) 100vw, 1248px\" \/><\/p>\n<\/div><\/div><div style=\"clear: both\"><\/div><div class=\"d-flex justify-content-center\"><button data-item=\"decouvrez_link\" data-group=\"website_links\" class=\"goto fw-bold rounded-pill btn btn-orange\" aria-label=\"Laden Sie die Luckycapone-App herunter\" >Laden Sie die Luckycapone-App herunter<\/button><\/div><\/p>\n<h2>Funktionen der LuckyCapone App<\/h2>\n<p>Die LuckyCapone App bietet Funktionen, die das Spielen bequemer und angenehmer machen. Das benutzerfreundliche Design erleichtert die Navigation, sodass Sie die gew\u00fcnschten Spiele finden, zu verschiedenen Bereichen springen, auf unserer Website scrollen und Einzahlungen f\u00fcr Ihre Wetten vornehmen k\u00f6nnen. Die leistungsstarke Architektur der App garantiert ein schnelles Laden, geringe Latenzzeiten und nahtloses Spielen \u2013 Sie werden wirklich das gleiche Erlebnis haben wie in einem Browser!<\/p>\n<p>Die Benutzerdaten werden durch fortschrittliche Sicherheitssysteme (TLS 1.3) gesch\u00fctzt, und integrierte Support-Funktionen wie Live-Chat sorgen daf\u00fcr, dass Benutzer sofort Hilfe erhalten. Dar\u00fcber hinaus ist die App mit verschiedenen Ger\u00e4ten kompatibel, sodass Spieler auf Smartphones, Tablets und sogar Desktops das gleiche Erlebnis haben.<\/p>\n<p><div class=\"scrollable-content-wrap my-5\"><div class=\"scrollable-content-inner\"><h2>LuckyCapone App f\u00fcr Android<\/h2>\n<p>Wenn wir speziell \u00fcber Android-Ger\u00e4te sprechen, haben wir f\u00fcr dieses System eine progressive Webanwendung (PWA), die keine Downloads erfordert. Es handelt sich um eine mobile browserbasierte App. Sie bietet eine leichtgewichtige, sichere und reaktionsschnelle Spielintegration. Auf die Android-Version von Lucky Capone Casino k\u00f6nnen Sie zugreifen, indem Sie einfach auf der Seite nach unten scrollen, bis Sie die Schaltfl\u00e4che \u201eCasino-App\u201d finden, und darauf klicken, um eine Verkn\u00fcpfung auf Ihrem Startbildschirm zu erstellen. Ganz einfach! Es handelt sich um eine native App, die direkten Zugriff auf alle Funktionen erm\u00f6glicht.<\/p>\n<h3>Sicherheitsberechtigungen<\/h3>\n<p>Die LuckyCapone Casino Android-Anwendung enth\u00e4lt die Mindestberechtigungen, die f\u00fcr einen optimalen Betrieb erforderlich sind. Und selbst diese kleine Einschr\u00e4nkung h\u00e4ngt haupts\u00e4chlich mit der Notwendigkeit zusammen, Transaktionen sicher zu gestalten und Echtzeit-Updates zu erm\u00f6glichen. Es werden keine invasiven personenbezogenen Daten erfasst. Wir gew\u00e4hrleisten jederzeit die Privatsph\u00e4re und Sicherheit unserer Nutzer.<\/p>\n<p><img loading=\"lazy\" decoding=\"async\" src=\"https:\/\/luckycaponecasino.net\/wp-content\/uploads\/2026\/01\/Luckycapone-Android.webp\" alt=\"Luckycapone Android\" width=\"1248\" height=\"536\" \/><\/p>\n<\/div><\/div><div style=\"clear: both\"><\/div><div class=\"d-flex justify-content-center\"><button data-item=\"decouvrez_link\" data-group=\"website_links\" class=\"goto fw-bold rounded-pill btn btn-orange\" aria-label=\"Laden Sie die Luckycapone-App herunter\" >Laden Sie die Luckycapone-App herunter<\/button><\/div><div class=\"scrollable-content-wrap my-5\"><div class=\"scrollable-content-inner\"><h2>Lucky Capone Casino Desktop Version<\/h2>\n<p>Die Desktop-Plattform von LuckyCapone Casino ist eine Vollversion unserer Plattform. Sie k\u00f6nnen unsere Lucky Capone Casino-Spiele mit allen g\u00e4ngigen Browsern wie Chrome, Edge, Safari und Firefox und sogar mit datenschutzorientierten Browsern wie DuckDuckGo spielen.<\/p>\n<p>Die Desktop-Version verf\u00fcgt \u00fcber eine erweiterte Benutzeroberfl\u00e4che, die sich besser f\u00fcr Spieler eignet, die ein intensiveres Spielerlebnis w\u00fcnschen. \u00dcber Shortcuts k\u00f6nnen Sie ganz einfach auf die Website zugreifen. Die Anweisungen sind leicht zug\u00e4nglich, sodass das Casino je nach Betriebssystem zum Desktop oder Dock hinzugef\u00fcgt werden kann.<\/p>\n<p>Diese Desktop-App verf\u00fcgt ebenfalls \u00fcber alle Funktionen der mobilen Anwendung. Vor einer Auszahlung ist ein Verifizierungsschritt erforderlich, um eine hohe Integrit\u00e4t und die Einhaltung der Sicherheitsprotokolle zu gew\u00e4hrleisten. Die Desktop-Plattform ist leistungsstark und unterst\u00fctzt das Spiel auf allen Ger\u00e4ten, ohne Kompromisse bei Sicherheit, Geschwindigkeit und Benutzerfreundlichkeit einzugehen. Wir m\u00f6chten Sie daran erinnern, wie Sie die LuckyCapone App hinzuf\u00fcgen k\u00f6nnen:<\/p>\n<table>\n<tbody>\n<tr>\n<td>Plattform<\/td>\n<td>So erstellen Sie eine Verkn\u00fcpfung<\/td>\n<\/tr>\n<tr>\n<td>Windows<\/td>\n<td>\u00d6ffnen Sie den Browser, \u00f6ffnen Sie die LuckyCapone Casino Website und f\u00fcgen Sie eine Desktop Verkn\u00fcpfung hinzu. Es ist keine zus\u00e4tzliche Software erforderlich.<\/td>\n<\/tr>\n<tr>\n<td>macOS<\/td>\n<td>Suchen Sie in Safari oder Chrome auf unserer Website im Men\u00fc im Dateibereich die Option \u201eZum Startbildschirm hinzuf\u00fcgen\u201c. Es ist keine komplexe Installation erforderlich.<\/td>\n<\/tr>\n<\/tbody>\n<\/table>\n<h3>LuckyCapone PWA vs. native App (APK\/iOS App)<\/h3>\n<p>Die LuckyCapone Casino PWA hat viele Vorteile. Sie aktualisiert sich automatisch \u00fcber den Browser, sodass die Spieler kontinuierlich die neuesten Funktionen und Sicherheitserweiterungen nutzen k\u00f6nnen, ohne sie manuell aktualisieren zu m\u00fcssen.<\/p>\n<p>Dies liegt an ihrer Leichtigkeit, die den Speicherbedarf minimiert und ein kontinuierliches Spielen erm\u00f6glicht. Die LuckyCapone APK ist nicht mehr relevant, und iOS-Nutzer haben nun die PWA. Wir bieten ein integrierteres Erlebnis, und die LuckyCapone PWA l\u00e4dt schneller und kann offline genutzt werden.<\/p>\n<p><img loading=\"lazy\" decoding=\"async\" class=\"alignnone size-full wp-image-1342\" src=\"https:\/\/luckycaponecasino.net\/wp-content\/uploads\/2026\/01\/Luckycapone-Desktop.webp\" alt=\"Luckycapone Desktop\" width=\"1248\" height=\"536\" srcset=\"https:\/\/luckycaponecasino.net\/wp-content\/uploads\/2026\/01\/Luckycapone-Desktop.webp 1248w, https:\/\/luckycaponecasino.net\/wp-content\/uploads\/2026\/01\/Luckycapone-Desktop-300x129.webp 300w, https:\/\/luckycaponecasino.net\/wp-content\/uploads\/2026\/01\/Luckycapone-Desktop-1024x440.webp 1024w, https:\/\/luckycaponecasino.net\/wp-content\/uploads\/2026\/01\/Luckycapone-Desktop-768x330.webp 768w\" sizes=\"auto, (max-width: 1248px) 100vw, 1248px\" \/><\/p>\n<\/div><\/div><div style=\"clear: both\"><\/div><div class=\"d-flex justify-content-center\"><button data-item=\"decouvrez_link\" data-group=\"website_links\" class=\"goto fw-bold rounded-pill btn btn-orange\" aria-label=\"Laden Sie die Luckycapone-App herunter\" >Laden Sie die Luckycapone-App herunter<\/button><\/div><div class=\"scrollable-content-wrap my-5\"><div class=\"scrollable-content-inner\"><h2>FAQ<\/h2>\n<h3>Muss ich externe Anwendungen herunterladen, um Lucky Capone-Spiele zu spielen?<\/h3>\n<p>F\u00fcr das Spielen von Lucky Capone Casino-Spielen ist nichts Externes erforderlich. Wir haben eine progressive Webanwendung, die keinen tats\u00e4chlichen Download und keine Installation erfordert. Die Desktop-Variante ist mit jedem Standardbrowser kompatibel und erfordert keine zus\u00e4tzliche Software. Wenn die Erkl\u00e4rung zur Installation noch unklar ist, schreiben Sie uns einfach, und das Support-Team wird Ihnen helfen!<\/p>\n<h3>Ist die PWA sicher in der Anwendung?<\/h3>\n<p>Die Lucky Capone PWA verf\u00fcgt \u00fcber strenge Sicherheitsma\u00dfnahmen, die die Verschl\u00fcsselung und Sicherheit der Daten bei Transaktionen und beim Spielen gew\u00e4hrleisten. Sie arbeitet mit sicherem HTTPS und g\u00fcltigen TLS-Zertifikaten. Das Design der App basiert auf dem Konzept der Privatsph\u00e4re und Sicherheit der Benutzer, was sie zu einer guten Option f\u00fcr mobile Casinospiele macht.<\/p>\n<h3>Sind alle LuckyCapone Spiele in der App verf\u00fcgbar?<\/h3>\n<p>Die LuckyCapone App bietet Zugriff auf alle Spiele in der mobilen Casino-Bibliothek. Alle Ihre Lieblings-Slots, Tischspiele, Live-Dealer und Instant-Win-Titel sind dort verf\u00fcgbar. Die Plattform sorgt f\u00fcr ein nahtloses Spielerlebnis. Die LuckyCapone App ist wirklich einen Versuch wert.<\/p>\n<\/div><\/div><\/p>\n","protected":false},"excerpt":{"rendered":"<p>LuckyCapone App Die LuckyCapone App revolutioniert die mobile Casino-Unterhaltung durch ununterbrochenen Zugriff auf eine Vielzahl von Online Slots, Tischspielen und Live-Dealer-Erlebnissen f\u00fcr unterwegs. Wir haben das Vertrauen der Spieler mit einer sicheren, schnellen und bequemen Spielumgebung auf jedem Ger\u00e4t gewonnen und garantieren optimierte Spielsitzungen. Live Chat Support und ein einfacher Verifizierungsprozess tragen ebenfalls zur allgemeinen [&hellip;]<\/p>\n","protected":false},"author":1,"featured_media":0,"parent":0,"menu_order":0,"comment_status":"closed","ping_status":"closed","template":"template-builder.php","meta":{"_acf_changed":false,"inline_featured_image":false,"footnotes":""},"class_list":["post-1445","page","type-page","status-publish","hentry"],"acf":[],"yoast_head":"<!-- This site is optimized with the Yoast SEO plugin v27.3 - https:\/\/yoast.com\/product\/yoast-seo-wordpress\/ -->\n<title>LuckyCapone App f\u00fcr Mobile | Download \u2013 iOS, Android<\/title>\n<meta name=\"description\" content=\"LuckyCapone App \u2013 lade die App f\u00fcr iOS und Android herunter und genie\u00dfe fl\u00fcssiges mobiles Casino-Gaming. Greife auf Slots, Tische, Jackpots und Live-Dealer mit kompletter Kontosync bei Lucky Capone zu.\" \/>\n<meta name=\"robots\" content=\"index, follow, max-snippet:-1, max-image-preview:large, max-video-preview:-1\" \/>\n<link rel=\"canonical\" href=\"https:\/\/luckycaponecasino.net\/de\/app\/\" \/>\n<meta property=\"og:locale\" content=\"de_DE\" \/>\n<meta property=\"og:type\" content=\"article\" \/>\n<meta property=\"og:title\" content=\"LuckyCapone App f\u00fcr Mobile | Download \u2013 iOS, Android\" \/>\n<meta property=\"og:description\" content=\"LuckyCapone App \u2013 lade die App f\u00fcr iOS und Android herunter und genie\u00dfe fl\u00fcssiges mobiles Casino-Gaming. Greife auf Slots, Tische, Jackpots und Live-Dealer mit kompletter Kontosync bei Lucky Capone zu.\" \/>\n<meta property=\"og:url\" content=\"https:\/\/luckycaponecasino.net\/de\/app\/\" \/>\n<meta property=\"og:site_name\" content=\"luckycapone\" \/>\n<meta property=\"article:modified_time\" content=\"2026-01-26T08:03:06+00:00\" \/>\n<meta name=\"twitter:card\" content=\"summary_large_image\" \/>\n<meta name=\"twitter:label1\" content=\"Gesch\u00e4tzte Lesezeit\" \/>\n\t<meta name=\"twitter:data1\" content=\"1\u00a0Minute\" \/>\n<script type=\"application\/ld+json\" class=\"yoast-schema-graph\">{\"@context\":\"https:\\\/\\\/schema.org\",\"@graph\":[{\"@type\":\"WebPage\",\"@id\":\"https:\\\/\\\/luckycaponecasino.net\\\/de\\\/app\\\/\",\"url\":\"https:\\\/\\\/luckycaponecasino.net\\\/de\\\/app\\\/\",\"name\":\"LuckyCapone App f\u00fcr Mobile | Download \u2013 iOS, Android\",\"isPartOf\":{\"@id\":\"https:\\\/\\\/luckycaponecasino.net\\\/de\\\/#website\"},\"datePublished\":\"2026-01-25T12:34:31+00:00\",\"dateModified\":\"2026-01-26T08:03:06+00:00\",\"description\":\"LuckyCapone App \u2013 lade die App f\u00fcr iOS und Android herunter und genie\u00dfe fl\u00fcssiges mobiles Casino-Gaming. Greife auf Slots, Tische, Jackpots und Live-Dealer mit kompletter Kontosync bei Lucky Capone zu.\",\"breadcrumb\":{\"@id\":\"https:\\\/\\\/luckycaponecasino.net\\\/de\\\/app\\\/#breadcrumb\"},\"inLanguage\":\"de\",\"potentialAction\":[{\"@type\":\"ReadAction\",\"target\":[\"https:\\\/\\\/luckycaponecasino.net\\\/de\\\/app\\\/\"]}]},{\"@type\":\"BreadcrumbList\",\"@id\":\"https:\\\/\\\/luckycaponecasino.net\\\/de\\\/app\\\/#breadcrumb\",\"itemListElement\":[{\"@type\":\"ListItem\",\"position\":1,\"name\":\"Luckycapone\",\"item\":\"https:\\\/\\\/luckycaponecasino.net\\\/de\\\/\"},{\"@type\":\"ListItem\",\"position\":2,\"name\":\"App\"}]},{\"@type\":\"WebSite\",\"@id\":\"https:\\\/\\\/luckycaponecasino.net\\\/de\\\/#website\",\"url\":\"https:\\\/\\\/luckycaponecasino.net\\\/de\\\/\",\"name\":\"Luckycapone\",\"description\":\"\",\"publisher\":{\"@id\":\"https:\\\/\\\/luckycaponecasino.net\\\/de\\\/#organization\"},\"potentialAction\":[{\"@type\":\"SearchAction\",\"target\":{\"@type\":\"EntryPoint\",\"urlTemplate\":\"https:\\\/\\\/luckycaponecasino.net\\\/de\\\/?s={search_term_string}\"},\"query-input\":{\"@type\":\"PropertyValueSpecification\",\"valueRequired\":true,\"valueName\":\"search_term_string\"}}],\"inLanguage\":\"de\"},{\"@type\":\"Organization\",\"@id\":\"https:\\\/\\\/luckycaponecasino.net\\\/de\\\/#organization\",\"name\":\"Luckycapone\",\"url\":\"https:\\\/\\\/luckycaponecasino.net\\\/de\\\/\",\"logo\":{\"@type\":\"ImageObject\",\"inLanguage\":\"de\",\"@id\":\"https:\\\/\\\/luckycaponecasino.net\\\/de\\\/#\\\/schema\\\/logo\\\/image\\\/\",\"url\":\"https:\\\/\\\/luckycaponecasino.net\\\/wp-content\\\/uploads\\\/2026\\\/01\\\/logo-luckycapone.svg\",\"contentUrl\":\"https:\\\/\\\/luckycaponecasino.net\\\/wp-content\\\/uploads\\\/2026\\\/01\\\/logo-luckycapone.svg\",\"width\":70,\"height\":24,\"caption\":\"Luckycapone\"},\"image\":{\"@id\":\"https:\\\/\\\/luckycaponecasino.net\\\/de\\\/#\\\/schema\\\/logo\\\/image\\\/\"}}]}<\/script>\n<!-- \/ Yoast SEO plugin. -->","yoast_head_json":{"title":"LuckyCapone App f\u00fcr Mobile | Download \u2013 iOS, Android","description":"LuckyCapone App \u2013 lade die App f\u00fcr iOS und Android herunter und genie\u00dfe fl\u00fcssiges mobiles Casino-Gaming. Greife auf Slots, Tische, Jackpots und Live-Dealer mit kompletter Kontosync bei Lucky Capone zu.","robots":{"index":"index","follow":"follow","max-snippet":"max-snippet:-1","max-image-preview":"max-image-preview:large","max-video-preview":"max-video-preview:-1"},"canonical":"https:\/\/luckycaponecasino.net\/de\/app\/","og_locale":"de_DE","og_type":"article","og_title":"LuckyCapone App f\u00fcr Mobile | Download \u2013 iOS, Android","og_description":"LuckyCapone App \u2013 lade die App f\u00fcr iOS und Android herunter und genie\u00dfe fl\u00fcssiges mobiles Casino-Gaming. Greife auf Slots, Tische, Jackpots und Live-Dealer mit kompletter Kontosync bei Lucky Capone zu.","og_url":"https:\/\/luckycaponecasino.net\/de\/app\/","og_site_name":"luckycapone","article_modified_time":"2026-01-26T08:03:06+00:00","twitter_card":"summary_large_image","twitter_misc":{"Gesch\u00e4tzte Lesezeit":"1\u00a0Minute"},"schema":{"@context":"https:\/\/schema.org","@graph":[{"@type":"WebPage","@id":"https:\/\/luckycaponecasino.net\/de\/app\/","url":"https:\/\/luckycaponecasino.net\/de\/app\/","name":"LuckyCapone App f\u00fcr Mobile | Download \u2013 iOS, Android","isPartOf":{"@id":"https:\/\/luckycaponecasino.net\/de\/#website"},"datePublished":"2026-01-25T12:34:31+00:00","dateModified":"2026-01-26T08:03:06+00:00","description":"LuckyCapone App \u2013 lade die App f\u00fcr iOS und Android herunter und genie\u00dfe fl\u00fcssiges mobiles Casino-Gaming. Greife auf Slots, Tische, Jackpots und Live-Dealer mit kompletter Kontosync bei Lucky Capone zu.","breadcrumb":{"@id":"https:\/\/luckycaponecasino.net\/de\/app\/#breadcrumb"},"inLanguage":"de","potentialAction":[{"@type":"ReadAction","target":["https:\/\/luckycaponecasino.net\/de\/app\/"]}]},{"@type":"BreadcrumbList","@id":"https:\/\/luckycaponecasino.net\/de\/app\/#breadcrumb","itemListElement":[{"@type":"ListItem","position":1,"name":"Luckycapone","item":"https:\/\/luckycaponecasino.net\/de\/"},{"@type":"ListItem","position":2,"name":"App"}]},{"@type":"WebSite","@id":"https:\/\/luckycaponecasino.net\/de\/#website","url":"https:\/\/luckycaponecasino.net\/de\/","name":"Luckycapone","description":"","publisher":{"@id":"https:\/\/luckycaponecasino.net\/de\/#organization"},"potentialAction":[{"@type":"SearchAction","target":{"@type":"EntryPoint","urlTemplate":"https:\/\/luckycaponecasino.net\/de\/?s={search_term_string}"},"query-input":{"@type":"PropertyValueSpecification","valueRequired":true,"valueName":"search_term_string"}}],"inLanguage":"de"},{"@type":"Organization","@id":"https:\/\/luckycaponecasino.net\/de\/#organization","name":"Luckycapone","url":"https:\/\/luckycaponecasino.net\/de\/","logo":{"@type":"ImageObject","inLanguage":"de","@id":"https:\/\/luckycaponecasino.net\/de\/#\/schema\/logo\/image\/","url":"https:\/\/luckycaponecasino.net\/wp-content\/uploads\/2026\/01\/logo-luckycapone.svg","contentUrl":"https:\/\/luckycaponecasino.net\/wp-content\/uploads\/2026\/01\/logo-luckycapone.svg","width":70,"height":24,"caption":"Luckycapone"},"image":{"@id":"https:\/\/luckycaponecasino.net\/de\/#\/schema\/logo\/image\/"}}]}},"_links":{"self":[{"href":"https:\/\/luckycaponecasino.net\/de\/wp-json\/wp\/v2\/pages\/1445","targetHints":{"allow":["GET"]}}],"collection":[{"href":"https:\/\/luckycaponecasino.net\/de\/wp-json\/wp\/v2\/pages"}],"about":[{"href":"https:\/\/luckycaponecasino.net\/de\/wp-json\/wp\/v2\/types\/page"}],"author":[{"embeddable":true,"href":"https:\/\/luckycaponecasino.net\/de\/wp-json\/wp\/v2\/users\/1"}],"replies":[{"embeddable":true,"href":"https:\/\/luckycaponecasino.net\/de\/wp-json\/wp\/v2\/comments?post=1445"}],"version-history":[{"count":2,"href":"https:\/\/luckycaponecasino.net\/de\/wp-json\/wp\/v2\/pages\/1445\/revisions"}],"predecessor-version":[{"id":1503,"href":"https:\/\/luckycaponecasino.net\/de\/wp-json\/wp\/v2\/pages\/1445\/revisions\/1503"}],"wp:attachment":[{"href":"https:\/\/luckycaponecasino.net\/de\/wp-json\/wp\/v2\/media?parent=1445"}],"curies":[{"name":"wp","href":"https:\/\/api.w.org\/{rel}","templated":true}]}}