{"id":1486,"date":"2026-01-25T13:05:59","date_gmt":"2026-01-25T13:05:59","guid":{"rendered":"https:\/\/luckycaponecasino.net\/login-and-registration\/"},"modified":"2026-01-26T08:13:44","modified_gmt":"2026-01-26T08:13:44","slug":"anmeldung-und-registrierung","status":"publish","type":"page","link":"https:\/\/luckycaponecasino.net\/de\/anmeldung-und-registrierung\/","title":{"rendered":"Anmeldung und Registrierung"},"content":{"rendered":"<h1>LuckyCapone Anmeldung und Registrierung<\/h1>\n<p>LuckyCapone Login ist f\u00fcr unsere Spieler eine M\u00f6glichkeit, mit einem Klick auf alle Funktionen unseres Casinos zuzugreifen \u2013 einfach und schnell. Sie k\u00f6nnen eine ganze Reihe von Spielen genie\u00dfen, Ihr Konto effektiv verwalten und an Sonderangeboten teilnehmen. Alle registrierten Benutzer verf\u00fcgen \u00fcber ein sicheres, benutzerfreundliches Anmeldesystem, das ihnen ein besseres Spielerlebnis erm\u00f6glicht.<\/p>\n<p><div class=\"banner-wrap\" aria-label=\"Banner\"><img src=\"https:\/\/luckycaponecasino.net\/wp-content\/uploads\/2026\/01\/Luckycapone-banner.webp\" class=\"w-100 d-none d-lg-block img-pc main-banner-img\" alt=\"banner\" fetchpriority=\"high\" decoding=\"async\"><img src=\"https:\/\/luckycaponecasino.net\/wp-content\/uploads\/2026\/01\/Mobile-banner.webp\" class=\"w-100 d-none d-md-block d-lg-none main-banner-img\" alt=\"Mobile banner\" fetchpriority=\"high\" decoding=\"async\"><img src=\"https:\/\/luckycaponecasino.net\/wp-content\/uploads\/2026\/01\/Mobile-banner.webp\" class=\"w-100 d-md-none\" alt=\"Mobile banner\" fetchpriority=\"high\" decoding=\"async\"><div class=\"banner-description\">\n<div class=\"banner-title\">Willkommensboni<\/div>\n<p class=\"banner-header-title\">1500 \u20ac<\/p>\n<div class=\"banner-header-AdditionalText\">+ 250 Freispiele<\/div>\n<button data-item=\"homepage_banner_link\" class=\"goto m-button m-gradient-border m-button--primary m-button--large banner-button btn-orange\">\n            <div class=\"m-button-content\">\n                <span>Jetzt anmelden<\/span>\n                <span><\/span>\n            <\/div>\n        <\/button>\n<\/div>\n<div class=\"WelcomePack\">\n<p><img loading=\"lazy\" decoding=\"async\" class=\"alignnone size-full wp-image-1349\" src=\"https:\/\/luckycaponecasino.net\/wp-content\/uploads\/2026\/01\/welcome-crown.svg\" alt=\"welcome crown\" width=\"25\" height=\"26\" \/><\/p>\n<div class=\"WelcomePack-Info\">W\u00f6chentlicher Cashback von bis zu 25 %<\/div>\n<p><img loading=\"lazy\" decoding=\"async\" class=\"alignnone size-full wp-image-1349\" src=\"https:\/\/luckycaponecasino.net\/wp-content\/uploads\/2026\/01\/welcome-crown.svg\" alt=\"welcome crown\" width=\"25\" height=\"26\" \/><\/p>\n<\/div>\n<\/div><div class=\"scrollable-content-wrap my-5\"><div class=\"scrollable-content-inner\"><h2>LuckyCapone Registrierungsverfahren<\/h2>\n<p>Die Anmeldung bei LuckyCapone Casino bedeutet, dass Sie eine umfassende Auswahl an Funktionen zur Verbesserung des Spielprozesses erhalten. Bei der Einrichtung eines Kontos erhalten alle neuen Spieler au\u00dferdem Zugang zu unserer supercoolen, riesigen Bibliothek mit mehr als 6000 verschiedenen Slots, Buchsammlungen, Drops and Wins und Kartenspielen. Die Anmeldung bei LuckyCapone er\u00f6ffnet Ihnen au\u00dferdem exklusive Boni, Promotion-Turniere und ein Treueprogramm (VIP), das regelm\u00e4\u00dfiges Spielen belohnt.<\/p>\n<p>Die Registrierung ist schnell und einfach. Um sich zu registrieren, ben\u00f6tigen Spieler wichtige pers\u00f6nliche Daten wie eine E-Mail-Adresse und ein starkes, sicheres Passwort, das sie selbst erstellen (oder von einer vertrauensw\u00fcrdigen Quelle generieren lassen). Sp\u00e4ter k\u00f6nnen Sie im Dashboard von LuckyCapone Casino Ihren Namen und andere pers\u00f6nliche Informationen hinzuf\u00fcgen.<\/p>\n<p>Die Informationen, die Sie uns zur Verf\u00fcgung stellen, garantieren die Einhaltung der gesetzlichen Bestimmungen. Unsere Standards f\u00fcr verantwortungsbewusstes Spielen schreiben vor, dass wir nur Spieler akzeptieren, die das 18. Lebensjahr vollendet haben. Minderj\u00e4hrige werden nicht akzeptiert. Au\u00dferdem k\u00f6nnen Spieler bei der Registrierung ihre eigenen individuellen Spielgrenzen festlegen und so verantwortungsbewusstes Spielen erm\u00f6glichen, was eine sichere und regulierte Umgebung f\u00f6rdert.<\/p>\n<h3>\u00c4nderung der pers\u00f6nlichen Daten bei LuckyCapone Casino<\/h3>\n<p>Spieler k\u00f6nnen ihre pers\u00f6nlichen Daten jederzeit in ihrem Konto-Dashboard aktualisieren. Einige dieser \u00c4nderungen k\u00f6nnen Kontaktdaten, Bankdaten oder Sicherheitseinstellungen betreffen. Es ist auch wichtig, die richtigen Daten zu hinterlegen, damit der Kontoverifizierungsprozess reibungslos funktioniert. Die Aktualisierung von Dokumenten ist ebenso wichtig wie der Auszahlungsprozess und die Kommunikation. Unsere Website verwendet ein hohes Ma\u00df an Sicherheit, um die Privatsph\u00e4re und Datenintegrit\u00e4t aller pers\u00f6nlichen Informationen w\u00e4hrend der Aktualisierung zu sch\u00fctzen.<\/p>\n<h2>Schritte zur Anmeldung bei LuckyCapone<\/h2>\n<p>Die Anmeldung bei LuckyCapone ist ganz einfach:<\/p>\n<ol>\n<li>Suchen Sie den Anmeldebereich auf der rechten Seite der Homepage oben auf unserer Lucky Capone Casino-Website.<\/li>\n<li>Geben Sie Ihre registrierte E-Mail-Adresse und Ihr Passwort ein.<\/li>\n<li>Um darauf zuzugreifen, klicken Sie auf die Schaltfl\u00e4che \u201eAnmelden\u201d und schon sind Sie in Ihrem LuckyCapone Casino-Konto!<\/li>\n<\/ol>\n<p>Nach der Anmeldung k\u00f6nnen Spieler verschiedene Dinge tun, die sie normalerweise gerne tun \u2013 Einzahlungen und Auszahlungen von Gewinnen, Einl\u00f6sen von Boni, Anzeigen des Kontoverlaufs und Anpassen der Kontoeinstellungen. Die Benutzeroberfl\u00e4che ist einfach und wir haben auch ein benutzerfreundliches Dashboard, das die Verwaltung eines Kontos erleichtert.<\/p>\n<p>Dar\u00fcber hinaus bietet Luckycapone eine optionale Zwei-Faktor-Authentifizierung. Diese erh\u00f6ht die Sicherheit der Konten. Diese Funktion ist einfach superpraktisch und sicher \u2013 Sie m\u00fcssen sich \u00fcberhaupt keine Sorgen um Ihre Sicherheit machen. Wir freuen uns immer, zus\u00e4tzlichen Schutz bieten zu k\u00f6nnen. Benutzer k\u00f6nnen auf ihre Aktivit\u00e4tsprotokolle zugreifen, Geld einzahlen und abheben sowie pers\u00f6nliche Daten\/Zahlungsinformationen auf ihrer Kontoseite aktualisieren.<\/p>\n<h3>Probleme bei der Anmeldung und Fehlerbehebung<\/h3>\n<p>Wenn Spieler Probleme beim Einloggen bei LuckyCapone haben \u2013 das kann alles M\u00f6gliche sein, wie das Einfrieren der Seite, Fehlermeldungen oder Fehlermeldungen, wenn sie ihr Passwort vergessen haben oder ihr Konto gesperrt ist \u2013 k\u00f6nnen wir Ihnen helfen und das Problem sofort beheben!<\/p>\n<p>Die Gr\u00fcnde daf\u00fcr k\u00f6nnen vielf\u00e4ltig sein:<\/p>\n<ul>\n<li>mehrfache fehlgeschlagene Versuche, sich bei LuckyCapone anzumelden;<\/li>\n<li>wenn Sie sich noch im Verifizierungsprozess befinden;<\/li>\n<li>Sicherheitsbeschr\u00e4nkungen.<\/li>\n<\/ul>\n<p>Spielern wird empfohlen, sich per E-Mail oder Live Chat an unser mehrsprachiges Support Team zu wenden, um diese Probleme zu l\u00f6sen. Die Identit\u00e4ts\u00fcberpr\u00fcfung kann eine Voraussetzung f\u00fcr den erneuten Zugriff sein. Dies gew\u00e4hrleistet stets die Sicherheit Ihres Kontos und die Einhaltung der gesetzlichen Bestimmungen.<\/p>\n<h2>Zugriff auf das Konto<\/h2>\n<p>Der Zugriff auf Konten ist wichtig, damit Sie alle Optionen von LuckyCapone Casino nutzen k\u00f6nnen. Alle Spieler sollten diese Empfehlungen befolgen:<\/p>\n<table>\n<tbody>\n<tr>\n<td>Sicherheitstipp<\/td>\n<td>Beschreibung<\/td>\n<\/tr>\n<tr>\n<td>Aktivieren Sie die Zwei-Faktor-Authentifizierung<\/td>\n<td>2FA bietet zus\u00e4tzliche Sicherheit f\u00fcr Ihr Konto.<\/td>\n<\/tr>\n<tr>\n<td>Verwenden Sie gute, spezielle Passw\u00f6rter f\u00fcr Ihre Konten<\/td>\n<td>Verwenden Sie starke, einzigartige Passw\u00f6rter, die schwer zu erraten sind.<\/td>\n<\/tr>\n<tr>\n<td>Geben Sie Ihre Anmeldedaten nicht an andere Personen weiter<\/td>\n<td>Halten Sie Ihre Anmeldedaten geheim, um unbefugten Zugriff zu verhindern.<\/td>\n<\/tr>\n<tr>\n<td>\u00dcberpr\u00fcfen Sie regelm\u00e4\u00dfig die Kontobewegungen auf unbekannte Transaktionen<\/td>\n<td>\u00dcberpr\u00fcfen Sie regelm\u00e4\u00dfig Ihre Kontoaktivit\u00e4ten, um verd\u00e4chtige oder unbefugte Aktivit\u00e4ten zu erkennen.<\/td>\n<\/tr>\n<tr>\n<td>Durchlaufen Sie das Verifizierungsverfahren von LuckyCapone Casino.<\/td>\n<td>Dies ist unerl\u00e4sslich, um die Identit\u00e4t und das Alter zu \u00fcberpr\u00fcfen und Betrug zu verhindern.<\/td>\n<\/tr>\n<\/tbody>\n<\/table>\n<p>Spieler k\u00f6nnen sich auch an den Support wenden, um die Situation im Falle einer vor\u00fcbergehenden Sperrung ihres Kontos umgehend zu kl\u00e4ren. In der Regel liegt dies an verd\u00e4chtigen Aktivit\u00e4ten, daher ist es besser, uns Dokumente zu schicken und sich verifizieren zu lassen. Die Verifizierung wird als Teil der Kontosicherheit betrachtet. Reichen Sie w\u00e4hrend des Verifizierungsprozesses einfach offizielle Dokumente ein, darunter amtliche Ausweise, Stromrechnungen oder Kontoausz\u00fcge.<\/p>\n<h2>FAQ<\/h2>\n<h3>Kann ich mich von mehreren Ger\u00e4ten aus anmelden?<\/h3>\n<p>Die LuckyCapone Casino Plattform ist f\u00fcr mehrere Ger\u00e4te geeignet, was bedeutet, dass sich Spieler auf einem Desktop-Computer, Tablet oder Smartphone anmelden k\u00f6nnen, ohne sich um die Sicherheit im Internet sorgen zu m\u00fcssen. Durch die Synchronisierung bleiben Ihre Spiel- und Kontoinformationen auf allen Ger\u00e4ten auf dem neuesten Stand.<\/p>\n<h3>Wie kann ich mein Lucky Capone Konto vor unbefugtem Zugriff sch\u00fctzen?<\/h3>\n<p>Zwei-Faktor-Authentifizierung, die Erstellung komplexer Passw\u00f6rter und die Nichtweitergabe von Anmeldedaten sind die wichtigsten Ma\u00dfnahmen. Auch wenn Sie glauben, viele Freunde zu haben, sollten Sie niemandem leichtfertig vertrauen. Es ist ratsam, Ihre Kontoaktivit\u00e4ten genau zu beobachten und gelegentlich Ihre Sicherheitseinstellungen zu \u00e4ndern, um einen zus\u00e4tzlichen Schutz zu gew\u00e4hrleisten.<\/p>\n<h3>Warum muss ich mein Konto vor dem Einloggen verifizieren?<\/h3>\n<p>Es wird dringend empfohlen, zun\u00e4chst die Lucky Capone Verifizierung zu durchlaufen, indem Sie uns einfach Ihre offiziellen Ausweisdokumente zur \u00dcberpr\u00fcfung vorlegen. Das Support Team wird sich innerhalb von 2 Tagen bei Ihnen melden, und Sie werden nie wieder Probleme mit Ihrem Konto oder der Anmeldung bei Lucky Capone haben.<\/p>\n<\/div><\/div><\/p>\n","protected":false},"excerpt":{"rendered":"<p>LuckyCapone Anmeldung und Registrierung LuckyCapone Login ist f\u00fcr unsere Spieler eine M\u00f6glichkeit, mit einem Klick auf alle Funktionen unseres Casinos zuzugreifen \u2013 einfach und schnell. Sie k\u00f6nnen eine ganze Reihe von Spielen genie\u00dfen, Ihr Konto effektiv verwalten und an Sonderangeboten teilnehmen. Alle registrierten Benutzer verf\u00fcgen \u00fcber ein sicheres, benutzerfreundliches Anmeldesystem, das ihnen ein besseres Spielerlebnis [&hellip;]<\/p>\n","protected":false},"author":1,"featured_media":0,"parent":0,"menu_order":0,"comment_status":"closed","ping_status":"closed","template":"template-builder.php","meta":{"_acf_changed":false,"inline_featured_image":false,"footnotes":""},"class_list":["post-1486","page","type-page","status-publish","hentry"],"acf":[],"yoast_head":"<!-- This site is optimized with the Yoast SEO plugin v27.3 - https:\/\/yoast.com\/product\/yoast-seo-wordpress\/ -->\n<title>LuckyCapone Login \u2013 Sicher in dein Casino-Konto einloggen<\/title>\n<meta name=\"description\" content=\"LuckyCapone Login \u2013 melde dich sicher an oder erstelle ein neues Konto mit verschl\u00fcsseltem Zugriff. Verwalte Verifizierung, Passwortwiederherstellung und Einstellungen bei Lucky Capone.\" \/>\n<meta name=\"robots\" content=\"index, follow, max-snippet:-1, max-image-preview:large, max-video-preview:-1\" \/>\n<link rel=\"canonical\" href=\"https:\/\/luckycaponecasino.net\/de\/anmeldung-und-registrierung\/\" \/>\n<meta property=\"og:locale\" content=\"de_DE\" \/>\n<meta property=\"og:type\" content=\"article\" \/>\n<meta property=\"og:title\" content=\"LuckyCapone Login \u2013 Sicher in dein Casino-Konto einloggen\" \/>\n<meta property=\"og:description\" content=\"LuckyCapone Login \u2013 melde dich sicher an oder erstelle ein neues Konto mit verschl\u00fcsseltem Zugriff. Verwalte Verifizierung, Passwortwiederherstellung und Einstellungen bei Lucky Capone.\" \/>\n<meta property=\"og:url\" content=\"https:\/\/luckycaponecasino.net\/de\/anmeldung-und-registrierung\/\" \/>\n<meta property=\"og:site_name\" content=\"luckycapone\" \/>\n<meta property=\"article:modified_time\" content=\"2026-01-26T08:13:44+00:00\" \/>\n<meta name=\"twitter:card\" content=\"summary_large_image\" \/>\n<meta name=\"twitter:label1\" content=\"Gesch\u00e4tzte Lesezeit\" \/>\n\t<meta name=\"twitter:data1\" content=\"1\u00a0Minute\" \/>\n<script type=\"application\/ld+json\" class=\"yoast-schema-graph\">{\"@context\":\"https:\\\/\\\/schema.org\",\"@graph\":[{\"@type\":\"WebPage\",\"@id\":\"https:\\\/\\\/luckycaponecasino.net\\\/de\\\/anmeldung-und-registrierung\\\/\",\"url\":\"https:\\\/\\\/luckycaponecasino.net\\\/de\\\/anmeldung-und-registrierung\\\/\",\"name\":\"LuckyCapone Login \u2013 Sicher in dein Casino-Konto einloggen\",\"isPartOf\":{\"@id\":\"https:\\\/\\\/luckycaponecasino.net\\\/de\\\/#website\"},\"datePublished\":\"2026-01-25T13:05:59+00:00\",\"dateModified\":\"2026-01-26T08:13:44+00:00\",\"description\":\"LuckyCapone Login \u2013 melde dich sicher an oder erstelle ein neues Konto mit verschl\u00fcsseltem Zugriff. Verwalte Verifizierung, Passwortwiederherstellung und Einstellungen bei Lucky Capone.\",\"breadcrumb\":{\"@id\":\"https:\\\/\\\/luckycaponecasino.net\\\/de\\\/anmeldung-und-registrierung\\\/#breadcrumb\"},\"inLanguage\":\"de\",\"potentialAction\":[{\"@type\":\"ReadAction\",\"target\":[\"https:\\\/\\\/luckycaponecasino.net\\\/de\\\/anmeldung-und-registrierung\\\/\"]}]},{\"@type\":\"BreadcrumbList\",\"@id\":\"https:\\\/\\\/luckycaponecasino.net\\\/de\\\/anmeldung-und-registrierung\\\/#breadcrumb\",\"itemListElement\":[{\"@type\":\"ListItem\",\"position\":1,\"name\":\"Luckycapone\",\"item\":\"https:\\\/\\\/luckycaponecasino.net\\\/de\\\/\"},{\"@type\":\"ListItem\",\"position\":2,\"name\":\"Anmeldung und Registrierung\"}]},{\"@type\":\"WebSite\",\"@id\":\"https:\\\/\\\/luckycaponecasino.net\\\/de\\\/#website\",\"url\":\"https:\\\/\\\/luckycaponecasino.net\\\/de\\\/\",\"name\":\"Luckycapone\",\"description\":\"\",\"publisher\":{\"@id\":\"https:\\\/\\\/luckycaponecasino.net\\\/de\\\/#organization\"},\"potentialAction\":[{\"@type\":\"SearchAction\",\"target\":{\"@type\":\"EntryPoint\",\"urlTemplate\":\"https:\\\/\\\/luckycaponecasino.net\\\/de\\\/?s={search_term_string}\"},\"query-input\":{\"@type\":\"PropertyValueSpecification\",\"valueRequired\":true,\"valueName\":\"search_term_string\"}}],\"inLanguage\":\"de\"},{\"@type\":\"Organization\",\"@id\":\"https:\\\/\\\/luckycaponecasino.net\\\/de\\\/#organization\",\"name\":\"Luckycapone\",\"url\":\"https:\\\/\\\/luckycaponecasino.net\\\/de\\\/\",\"logo\":{\"@type\":\"ImageObject\",\"inLanguage\":\"de\",\"@id\":\"https:\\\/\\\/luckycaponecasino.net\\\/de\\\/#\\\/schema\\\/logo\\\/image\\\/\",\"url\":\"https:\\\/\\\/luckycaponecasino.net\\\/wp-content\\\/uploads\\\/2026\\\/01\\\/logo-luckycapone.svg\",\"contentUrl\":\"https:\\\/\\\/luckycaponecasino.net\\\/wp-content\\\/uploads\\\/2026\\\/01\\\/logo-luckycapone.svg\",\"width\":70,\"height\":24,\"caption\":\"Luckycapone\"},\"image\":{\"@id\":\"https:\\\/\\\/luckycaponecasino.net\\\/de\\\/#\\\/schema\\\/logo\\\/image\\\/\"}}]}<\/script>\n<!-- \/ Yoast SEO plugin. -->","yoast_head_json":{"title":"LuckyCapone Login \u2013 Sicher in dein Casino-Konto einloggen","description":"LuckyCapone Login \u2013 melde dich sicher an oder erstelle ein neues Konto mit verschl\u00fcsseltem Zugriff. Verwalte Verifizierung, Passwortwiederherstellung und Einstellungen bei Lucky Capone.","robots":{"index":"index","follow":"follow","max-snippet":"max-snippet:-1","max-image-preview":"max-image-preview:large","max-video-preview":"max-video-preview:-1"},"canonical":"https:\/\/luckycaponecasino.net\/de\/anmeldung-und-registrierung\/","og_locale":"de_DE","og_type":"article","og_title":"LuckyCapone Login \u2013 Sicher in dein Casino-Konto einloggen","og_description":"LuckyCapone Login \u2013 melde dich sicher an oder erstelle ein neues Konto mit verschl\u00fcsseltem Zugriff. Verwalte Verifizierung, Passwortwiederherstellung und Einstellungen bei Lucky Capone.","og_url":"https:\/\/luckycaponecasino.net\/de\/anmeldung-und-registrierung\/","og_site_name":"luckycapone","article_modified_time":"2026-01-26T08:13:44+00:00","twitter_card":"summary_large_image","twitter_misc":{"Gesch\u00e4tzte Lesezeit":"1\u00a0Minute"},"schema":{"@context":"https:\/\/schema.org","@graph":[{"@type":"WebPage","@id":"https:\/\/luckycaponecasino.net\/de\/anmeldung-und-registrierung\/","url":"https:\/\/luckycaponecasino.net\/de\/anmeldung-und-registrierung\/","name":"LuckyCapone Login \u2013 Sicher in dein Casino-Konto einloggen","isPartOf":{"@id":"https:\/\/luckycaponecasino.net\/de\/#website"},"datePublished":"2026-01-25T13:05:59+00:00","dateModified":"2026-01-26T08:13:44+00:00","description":"LuckyCapone Login \u2013 melde dich sicher an oder erstelle ein neues Konto mit verschl\u00fcsseltem Zugriff. Verwalte Verifizierung, Passwortwiederherstellung und Einstellungen bei Lucky Capone.","breadcrumb":{"@id":"https:\/\/luckycaponecasino.net\/de\/anmeldung-und-registrierung\/#breadcrumb"},"inLanguage":"de","potentialAction":[{"@type":"ReadAction","target":["https:\/\/luckycaponecasino.net\/de\/anmeldung-und-registrierung\/"]}]},{"@type":"BreadcrumbList","@id":"https:\/\/luckycaponecasino.net\/de\/anmeldung-und-registrierung\/#breadcrumb","itemListElement":[{"@type":"ListItem","position":1,"name":"Luckycapone","item":"https:\/\/luckycaponecasino.net\/de\/"},{"@type":"ListItem","position":2,"name":"Anmeldung und Registrierung"}]},{"@type":"WebSite","@id":"https:\/\/luckycaponecasino.net\/de\/#website","url":"https:\/\/luckycaponecasino.net\/de\/","name":"Luckycapone","description":"","publisher":{"@id":"https:\/\/luckycaponecasino.net\/de\/#organization"},"potentialAction":[{"@type":"SearchAction","target":{"@type":"EntryPoint","urlTemplate":"https:\/\/luckycaponecasino.net\/de\/?s={search_term_string}"},"query-input":{"@type":"PropertyValueSpecification","valueRequired":true,"valueName":"search_term_string"}}],"inLanguage":"de"},{"@type":"Organization","@id":"https:\/\/luckycaponecasino.net\/de\/#organization","name":"Luckycapone","url":"https:\/\/luckycaponecasino.net\/de\/","logo":{"@type":"ImageObject","inLanguage":"de","@id":"https:\/\/luckycaponecasino.net\/de\/#\/schema\/logo\/image\/","url":"https:\/\/luckycaponecasino.net\/wp-content\/uploads\/2026\/01\/logo-luckycapone.svg","contentUrl":"https:\/\/luckycaponecasino.net\/wp-content\/uploads\/2026\/01\/logo-luckycapone.svg","width":70,"height":24,"caption":"Luckycapone"},"image":{"@id":"https:\/\/luckycaponecasino.net\/de\/#\/schema\/logo\/image\/"}}]}},"_links":{"self":[{"href":"https:\/\/luckycaponecasino.net\/de\/wp-json\/wp\/v2\/pages\/1486","targetHints":{"allow":["GET"]}}],"collection":[{"href":"https:\/\/luckycaponecasino.net\/de\/wp-json\/wp\/v2\/pages"}],"about":[{"href":"https:\/\/luckycaponecasino.net\/de\/wp-json\/wp\/v2\/types\/page"}],"author":[{"embeddable":true,"href":"https:\/\/luckycaponecasino.net\/de\/wp-json\/wp\/v2\/users\/1"}],"replies":[{"embeddable":true,"href":"https:\/\/luckycaponecasino.net\/de\/wp-json\/wp\/v2\/comments?post=1486"}],"version-history":[{"count":2,"href":"https:\/\/luckycaponecasino.net\/de\/wp-json\/wp\/v2\/pages\/1486\/revisions"}],"predecessor-version":[{"id":1507,"href":"https:\/\/luckycaponecasino.net\/de\/wp-json\/wp\/v2\/pages\/1486\/revisions\/1507"}],"wp:attachment":[{"href":"https:\/\/luckycaponecasino.net\/de\/wp-json\/wp\/v2\/media?parent=1486"}],"curies":[{"name":"wp","href":"https:\/\/api.w.org\/{rel}","templated":true}]}}