{"id":1452,"date":"2026-01-25T12:34:31","date_gmt":"2026-01-25T12:34:31","guid":{"rendered":"https:\/\/luckycaponecasino.net\/app\/"},"modified":"2026-01-26T08:20:18","modified_gmt":"2026-01-26T08:20:18","slug":"aplicacion","status":"publish","type":"page","link":"https:\/\/luckycaponecasino.net\/es\/aplicacion\/","title":{"rendered":"Aplicaci\u00f3n"},"content":{"rendered":"<h1>Aplicaci\u00f3n LuckyCapone<\/h1>\n<p>La LuckyCapone app est\u00e1 redise\u00f1ando el entretenimiento de los casinos m\u00f3viles gracias al acceso ininterrumpido a una amplia variedad de online slots, juegos de mesa y experiencias con crupieres en vivo sobre la marcha. Nos hemos ganado la confianza de los jugadores espa\u00f1oles con un entorno de juego seguro, r\u00e1pido y c\u00f3modo en cualquier dispositivo y garantizamos sesiones de juego optimizadas.<\/p>\n<p>El chat en vivo y un proceso de verificaci\u00f3n sencillo tambi\u00e9n se a\u00f1aden al ambiente general, lo que convierte a LuckyCapone Casino en el lugar m\u00e1s popular entre quienes quieren disfrutar del juego de la mejor calidad en cualquier dispositivo.<\/p>\n<p><div class=\"banner-wrap\" aria-label=\"Banner\"><img src=\"https:\/\/luckycaponecasino.net\/wp-content\/uploads\/2026\/01\/Luckycapone-banner.webp\" class=\"w-100 d-none d-lg-block img-pc main-banner-img\" alt=\"banner\" fetchpriority=\"high\" decoding=\"async\"><img src=\"https:\/\/luckycaponecasino.net\/wp-content\/uploads\/2026\/01\/Mobile-banner.webp\" class=\"w-100 d-none d-md-block d-lg-none main-banner-img\" alt=\"Mobile banner\" fetchpriority=\"high\" decoding=\"async\"><img src=\"https:\/\/luckycaponecasino.net\/wp-content\/uploads\/2026\/01\/Mobile-banner.webp\" class=\"w-100 d-md-none\" alt=\"Mobile banner\" fetchpriority=\"high\" decoding=\"async\"><div class=\"banner-description\">\n<div class=\"banner-title\">Welcome Bonuses<\/div>\n<p class=\"banner-header-title\">1500 \u20ac<\/p>\n<div class=\"banner-header-AdditionalText\">+ 250 Free Spins<\/div>\n<button data-item=\"homepage_banner_link\" class=\"goto m-button m-gradient-border m-button--primary m-button--large banner-button btn-orange\">\n            <div class=\"m-button-content\">\n                <span>Sign Up Now<\/span>\n                <span><\/span>\n            <\/div>\n        <\/button>\n<\/div>\n<div class=\"WelcomePack\">\n<p><a href=\"https:\/\/luckycaponecasino.net\/wp-content\/uploads\/2026\/01\/welcome-crown.svg\"><img loading=\"lazy\" decoding=\"async\" class=\"alignnone size-full wp-image-1348\" src=\"https:\/\/luckycaponecasino.net\/wp-content\/uploads\/2026\/01\/welcome-crown.svg\" alt=\"welcome crown\" width=\"25\" height=\"26\" \/><\/a><\/p>\n<div class=\"WelcomePack-Info\">Weekly Cashback up to 25%<\/div>\n<p><img loading=\"lazy\" decoding=\"async\" class=\"alignnone size-full wp-image-1348\" src=\"https:\/\/luckycaponecasino.net\/wp-content\/uploads\/2026\/01\/welcome-crown.svg\" alt=\"welcome crown\" width=\"25\" height=\"26\" \/><\/p>\n<\/div>\n<\/div><div class=\"scrollable-content-wrap my-5\"><div class=\"scrollable-content-inner\"><h2>Aplicaci\u00f3n LuckyCapone para iOS<\/h2>\n<p>Los usuarios de iOS pueden acceder a Lucky Capone Casino a trav\u00e9s de su navegador Safari. El sitio est\u00e1 optimizado al m\u00e1ximo para dispositivos iOS. La experiencia de juego es muy fluida. Puedes adaptar la aplicaci\u00f3n LuckyCapone a diferentes tama\u00f1os de pantalla. La aplicaci\u00f3n LuckyCapone se puede instalar en iOS muy f\u00e1cilmente:<\/p>\n<ol>\n<li>Para a\u00f1adir un acceso directo, utilice el s\u00edmbolo de un cuadrado con una flecha hacia arriba.<\/li>\n<li>Guarde el acceso directo en su pantalla de inicio (haga clic en \u00abA\u00f1adir a la pantalla de inicio\u00bb).<\/li>\n<li>Aseg\u00farate de que se trata de nuestro sitio web oficial y de que la URL es correcta y haz clic en \u00abA\u00f1adir\u00bb.<\/li>\n<\/ol>\n<p>\u00a1Listo! Ya tienes acceso directo a LuckyCapone Casino en tu pantalla. No es necesario pasar por la App Store de Apple, que cumple con las pol\u00edticas de iOS relativas a las aplicaciones de juego online.<\/p>\n<p>La versi\u00f3n para iOS tiene todas las funciones esenciales, como jugar, gestionar cuentas y chatear en directo, por lo que es muy similar a nuestra versi\u00f3n de escritorio de Lucky Capone en cuanto a funciones. El dise\u00f1o de la aplicaci\u00f3n es seguro y f\u00e1cil de usar, y se centra en proporcionar una experiencia de juego estable en iPhones y iPads.<\/p>\n<p><img loading=\"lazy\" decoding=\"async\" class=\"alignnone wp-image-1336 size-full\" src=\"https:\/\/luckycaponecasino.net\/wp-content\/uploads\/2026\/01\/Luckycapone-iOS.webp\" alt=\"Luckycapone iOS\" width=\"1248\" height=\"536\" srcset=\"https:\/\/luckycaponecasino.net\/wp-content\/uploads\/2026\/01\/Luckycapone-iOS.webp 1248w, https:\/\/luckycaponecasino.net\/wp-content\/uploads\/2026\/01\/Luckycapone-iOS-300x129.webp 300w, https:\/\/luckycaponecasino.net\/wp-content\/uploads\/2026\/01\/Luckycapone-iOS-1024x440.webp 1024w, https:\/\/luckycaponecasino.net\/wp-content\/uploads\/2026\/01\/Luckycapone-iOS-768x330.webp 768w\" sizes=\"auto, (max-width: 1248px) 100vw, 1248px\" \/><\/p>\n<\/div><\/div><div style=\"clear: both\"><\/div><div class=\"d-flex justify-content-center\"><button data-item=\"decouvrez_link\" data-group=\"website_links\" class=\"goto fw-bold rounded-pill btn btn-orange\" aria-label=\"Descarga la aplicaci\u00f3n Luckycapone\" >Descarga la aplicaci\u00f3n Luckycapone<\/button><\/div><\/p>\n<h2>Caracter\u00edsticas de la aplicaci\u00f3n LuckyCapone<\/h2>\n<p>La aplicaci\u00f3n LuckyCapone ofrece caracter\u00edsticas que hacen que jugar sea m\u00e1s c\u00f3modo y divertido. Su dise\u00f1o intuitivo facilita la navegaci\u00f3n, permiti\u00e9ndote localizar los juegos que te gustan, saltar a diferentes secciones, desplazarte por nuestro sitio y realizar dep\u00f3sitos para tus apuestas. La arquitectura de alto rendimiento de la aplicaci\u00f3n garantiza una carga r\u00e1pida, una baja latencia y un juego fluido: \u00a1tendr\u00e1s la misma experiencia que si estuvieras en un navegador, de verdad!<\/p>\n<p>Los datos de los usuarios est\u00e1n protegidos por sistemas de seguridad avanzados (TLS 1.3) y las funciones de asistencia integradas, como el chat en vivo, garantizan que los usuarios reciban ayuda de forma inmediata. Adem\u00e1s, la aplicaci\u00f3n es compatible con diversos dispositivos, por lo que los jugadores disfrutar\u00e1n de la misma experiencia en smartphones, tabletas e incluso ordenadores de sobremesa.<\/p>\n<p><div class=\"scrollable-content-wrap my-5\"><div class=\"scrollable-content-inner\"><h2>Aplicaci\u00f3n LuckyCapone para el sistema operativo Android<\/h2>\n<p>Si hablamos espec\u00edficamente de Android, para este sistema disponemos de una aplicaci\u00f3n web progresiva (PWA), que no requiere descargas. Se trata de una aplicaci\u00f3n basada en un navegador m\u00f3vil. Proporciona una integraci\u00f3n de juegos ligera, segura y con gran capacidad de respuesta. Se puede acceder a la versi\u00f3n para Android de Lucky Capone Casino simplemente desplaz\u00e1ndose hacia abajo en la p\u00e1gina hasta el bot\u00f3n \u00abAplicaci\u00f3n del casino\u00bb y haciendo clic para generar un acceso directo en la pantalla de inicio. \u00a1F\u00e1cil! Es una aplicaci\u00f3n nativa y, por lo tanto, permite el acceso directo a todas las funciones.<\/p>\n<h3>Permisos de seguridad<\/h3>\n<p>La aplicaci\u00f3n LuckyCapone Casino para Android contiene los permisos m\u00ednimos necesarios para funcionar de forma \u00f3ptima. E incluso esta peque\u00f1a limitaci\u00f3n est\u00e1 relacionada principalmente con la necesidad de garantizar la seguridad de las transacciones y permitir actualizaciones en tiempo real. No implica la recopilaci\u00f3n de datos personales invasivos. Mantenemos la privacidad y la seguridad de los usuarios en todo momento.<\/p>\n<p><img loading=\"lazy\" decoding=\"async\" src=\"https:\/\/luckycaponecasino.net\/wp-content\/uploads\/2026\/01\/Luckycapone-Android.webp\" alt=\"Luckycapone Android\" width=\"1248\" height=\"536\" \/><\/p>\n<\/div><\/div><div style=\"clear: both\"><\/div><div class=\"d-flex justify-content-center\"><button data-item=\"decouvrez_link\" data-group=\"website_links\" class=\"goto fw-bold rounded-pill btn btn-orange\" aria-label=\"Descarga la aplicaci\u00f3n Luckycapone\" >Descarga la aplicaci\u00f3n Luckycapone<\/button><\/div><div class=\"scrollable-content-wrap my-5\"><div class=\"scrollable-content-inner\"><h2>Versi\u00f3n de escritorio de Lucky Capone Casino<\/h2>\n<p>La plataforma de escritorio de LuckyCapone Casino es una versi\u00f3n completa de nuestra plataforma. Puedes jugar a nuestros juegos de Lucky Capone Casino con todos los navegadores habituales, como Chrome, Edge, Safari y Firefox, e incluso con los que protegen la privacidad, como DuckDuckGo.<\/p>\n<p>La versi\u00f3n de escritorio tiene una interfaz ampliada, m\u00e1s adecuada para los jugadores que necesitan una experiencia m\u00e1s inmersiva. Los accesos directos permiten un f\u00e1cil acceso al sitio. Las instrucciones son f\u00e1cilmente accesibles para que el casino se pueda a\u00f1adir al escritorio o al dock, dependiendo del sistema operativo.<\/p>\n<p>Esta aplicaci\u00f3n de escritorio tambi\u00e9n tendr\u00e1 todas las caracter\u00edsticas de la aplicaci\u00f3n m\u00f3vil. El paso de verificaci\u00f3n es necesario antes de realizar un retiro para garantizar una alta integridad y el cumplimiento de los protocolos de seguridad. La plataforma de escritorio es de alto rendimiento y admite el juego en todos los dispositivos sin comprometer la seguridad, la velocidad y la usabilidad. Perm\u00edtanos recordarle c\u00f3mo a\u00f1adir la aplicaci\u00f3n LuckyCapone:<\/p>\n<table>\n<tbody>\n<tr>\n<td>Plataforma<\/td>\n<td>C\u00f3mo crear un acceso directo<\/td>\n<\/tr>\n<tr>\n<td>Windows<\/td>\n<td>Abre el navegador, abre el sitio web de LuckyCapone Casino y a\u00f1ade un acceso directo en el escritorio. No se necesita ning\u00fan software adicional.<\/td>\n<\/tr>\n<tr>\n<td>macOS<\/td>\n<td>En Safari o Chrome, en nuestro sitio web, busca en el men\u00fa de la secci\u00f3n de archivos: \u00abA\u00f1adir a la pantalla de inicio\u00bb. No se requiere ninguna instalaci\u00f3n compleja.<\/td>\n<\/tr>\n<\/tbody>\n<\/table>\n<h3>LuckyCapone PWA frente a aplicaci\u00f3n nativa (APK \/ aplicaci\u00f3n iOS)<\/h3>\n<p>La PWA de LuckyCapone Casino tiene muchas ventajas. Se actualiza autom\u00e1ticamente a trav\u00e9s del navegador, lo que significa que los jugadores pueden utilizar continuamente las \u00faltimas funciones y extensiones de seguridad sin tener que actualizarlas manualmente.<\/p>\n<p>Esto se debe a su naturaleza ligera, que minimiza las necesidades de almacenamiento y permite jugar de forma continua. La APK de LuckyCapone ya no es relevante, y los usuarios de iOS ahora tienen la PWA. Ofrecemos una experiencia m\u00e1s integrada, y la PWA de LuckyCapone se carga m\u00e1s r\u00e1pido y se puede utilizar sin conexi\u00f3n.<\/p>\n<p><img loading=\"lazy\" decoding=\"async\" class=\"alignnone size-full wp-image-1342\" src=\"https:\/\/luckycaponecasino.net\/wp-content\/uploads\/2026\/01\/Luckycapone-Desktop.webp\" alt=\"Luckycapone Desktop\" width=\"1248\" height=\"536\" srcset=\"https:\/\/luckycaponecasino.net\/wp-content\/uploads\/2026\/01\/Luckycapone-Desktop.webp 1248w, https:\/\/luckycaponecasino.net\/wp-content\/uploads\/2026\/01\/Luckycapone-Desktop-300x129.webp 300w, https:\/\/luckycaponecasino.net\/wp-content\/uploads\/2026\/01\/Luckycapone-Desktop-1024x440.webp 1024w, https:\/\/luckycaponecasino.net\/wp-content\/uploads\/2026\/01\/Luckycapone-Desktop-768x330.webp 768w\" sizes=\"auto, (max-width: 1248px) 100vw, 1248px\" \/><\/p>\n<\/div><\/div><div style=\"clear: both\"><\/div><div class=\"d-flex justify-content-center\"><button data-item=\"decouvrez_link\" data-group=\"website_links\" class=\"goto fw-bold rounded-pill btn btn-orange\" aria-label=\"Descarga la aplicaci\u00f3n Luckycapone\" >Descarga la aplicaci\u00f3n Luckycapone<\/button><\/div><div class=\"scrollable-content-wrap my-5\"><div class=\"scrollable-content-inner\"><h2>Preguntas frecuentes<\/h2>\n<h3>\u00bfNecesito descargar alguna aplicaci\u00f3n externa para jugar a los juegos de Lucky Capone?<\/h3>\n<p>No se necesita nada externo para jugar a los juegos de Lucky Capone Casino. Tenemos una aplicaci\u00f3n web progresiva que no necesita descarga ni instalaci\u00f3n. La variante de escritorio es compatible con cualquier navegador est\u00e1ndar y no requiere ning\u00fan software adicional. Si la explicaci\u00f3n de la instalaci\u00f3n sigue sin estar clara, escr\u00edbanos y el equipo de asistencia le ayudar\u00e1.<\/p>\n<h3>\u00bfEs seguro utilizar la PWA?<\/h3>\n<p>La PWA de Lucky Capone cuenta con medidas de seguridad muy estrictas que garantizan el cifrado y la seguridad de los datos en las transacciones y el juego. Funciona con HTTPS seguro con certificados TLS v\u00e1lidos. El dise\u00f1o de la aplicaci\u00f3n se basa en el concepto de privacidad y seguridad del usuario, lo que la convierte en una buena opci\u00f3n para los juegos de casino m\u00f3viles.<\/p>\n<h3>\u00bfTodos los juegos de LuckyCapone est\u00e1n disponibles en la aplicaci\u00f3n?<\/h3>\n<p>La aplicaci\u00f3n LuckyCapone tiene acceso a todos los juegos de la biblioteca del casino m\u00f3vil. Todas tus tragamonedas favoritas, juegos de mesa, crupieres en vivo y t\u00edtulos con premios instant\u00e1neos est\u00e1n disponibles all\u00ed. La plataforma ofrece una experiencia de juego fluida. Realmente vale la pena probar la aplicaci\u00f3n LuckyCapone.<\/p>\n<\/div><\/div><\/p>\n","protected":false},"excerpt":{"rendered":"<p>Aplicaci\u00f3n LuckyCapone La LuckyCapone app est\u00e1 redise\u00f1ando el entretenimiento de los casinos m\u00f3viles gracias al acceso ininterrumpido a una amplia variedad de online slots, juegos de mesa y experiencias con crupieres en vivo sobre la marcha. Nos hemos ganado la confianza de los jugadores espa\u00f1oles con un entorno de juego seguro, r\u00e1pido y c\u00f3modo en [&hellip;]<\/p>\n","protected":false},"author":1,"featured_media":0,"parent":0,"menu_order":0,"comment_status":"closed","ping_status":"closed","template":"template-builder.php","meta":{"_acf_changed":false,"inline_featured_image":false,"footnotes":""},"class_list":["post-1452","page","type-page","status-publish","hentry"],"acf":[],"yoast_head":"<!-- This site is optimized with the Yoast SEO plugin v27.3 - https:\/\/yoast.com\/product\/yoast-seo-wordpress\/ -->\n<title>LuckyCapone App para M\u00f3vil | Download \u2013 iOS, Android<\/title>\n<meta name=\"description\" content=\"LuckyCapone App \u2013 desc\u00e1rgala en iOS y Android para disfrutar de un casino m\u00f3vil fluido. Accede a slots, mesas, jackpots y crupieres en vivo con sincronizaci\u00f3n completa en Lucky Capone.\" \/>\n<meta name=\"robots\" content=\"index, follow, max-snippet:-1, max-image-preview:large, max-video-preview:-1\" \/>\n<link rel=\"canonical\" href=\"https:\/\/luckycaponecasino.net\/es\/aplicacion\/\" \/>\n<meta property=\"og:locale\" content=\"es_ES\" \/>\n<meta property=\"og:type\" content=\"article\" \/>\n<meta property=\"og:title\" content=\"LuckyCapone App para M\u00f3vil | Download \u2013 iOS, Android\" \/>\n<meta property=\"og:description\" content=\"LuckyCapone App \u2013 desc\u00e1rgala en iOS y Android para disfrutar de un casino m\u00f3vil fluido. Accede a slots, mesas, jackpots y crupieres en vivo con sincronizaci\u00f3n completa en Lucky Capone.\" \/>\n<meta property=\"og:url\" content=\"https:\/\/luckycaponecasino.net\/es\/aplicacion\/\" \/>\n<meta property=\"og:site_name\" content=\"luckycapone\" \/>\n<meta property=\"article:modified_time\" content=\"2026-01-26T08:20:18+00:00\" \/>\n<meta name=\"twitter:card\" content=\"summary_large_image\" \/>\n<meta name=\"twitter:label1\" content=\"Est. reading time\" \/>\n\t<meta name=\"twitter:data1\" content=\"2 minutos\" \/>\n<script type=\"application\/ld+json\" class=\"yoast-schema-graph\">{\"@context\":\"https:\\\/\\\/schema.org\",\"@graph\":[{\"@type\":\"WebPage\",\"@id\":\"https:\\\/\\\/luckycaponecasino.net\\\/es\\\/aplicacion\\\/\",\"url\":\"https:\\\/\\\/luckycaponecasino.net\\\/es\\\/aplicacion\\\/\",\"name\":\"LuckyCapone App para M\u00f3vil | Download \u2013 iOS, Android\",\"isPartOf\":{\"@id\":\"https:\\\/\\\/luckycaponecasino.net\\\/es\\\/#website\"},\"datePublished\":\"2026-01-25T12:34:31+00:00\",\"dateModified\":\"2026-01-26T08:20:18+00:00\",\"description\":\"LuckyCapone App \u2013 desc\u00e1rgala en iOS y Android para disfrutar de un casino m\u00f3vil fluido. Accede a slots, mesas, jackpots y crupieres en vivo con sincronizaci\u00f3n completa en Lucky Capone.\",\"breadcrumb\":{\"@id\":\"https:\\\/\\\/luckycaponecasino.net\\\/es\\\/aplicacion\\\/#breadcrumb\"},\"inLanguage\":\"es\",\"potentialAction\":[{\"@type\":\"ReadAction\",\"target\":[\"https:\\\/\\\/luckycaponecasino.net\\\/es\\\/aplicacion\\\/\"]}]},{\"@type\":\"BreadcrumbList\",\"@id\":\"https:\\\/\\\/luckycaponecasino.net\\\/es\\\/aplicacion\\\/#breadcrumb\",\"itemListElement\":[{\"@type\":\"ListItem\",\"position\":1,\"name\":\"Luckycapone\",\"item\":\"https:\\\/\\\/luckycaponecasino.net\\\/es\\\/\"},{\"@type\":\"ListItem\",\"position\":2,\"name\":\"Aplicaci\u00f3n\"}]},{\"@type\":\"WebSite\",\"@id\":\"https:\\\/\\\/luckycaponecasino.net\\\/es\\\/#website\",\"url\":\"https:\\\/\\\/luckycaponecasino.net\\\/es\\\/\",\"name\":\"Luckycapone\",\"description\":\"\",\"publisher\":{\"@id\":\"https:\\\/\\\/luckycaponecasino.net\\\/es\\\/#organization\"},\"potentialAction\":[{\"@type\":\"SearchAction\",\"target\":{\"@type\":\"EntryPoint\",\"urlTemplate\":\"https:\\\/\\\/luckycaponecasino.net\\\/es\\\/?s={search_term_string}\"},\"query-input\":{\"@type\":\"PropertyValueSpecification\",\"valueRequired\":true,\"valueName\":\"search_term_string\"}}],\"inLanguage\":\"es\"},{\"@type\":\"Organization\",\"@id\":\"https:\\\/\\\/luckycaponecasino.net\\\/es\\\/#organization\",\"name\":\"Luckycapone\",\"url\":\"https:\\\/\\\/luckycaponecasino.net\\\/es\\\/\",\"logo\":{\"@type\":\"ImageObject\",\"inLanguage\":\"es\",\"@id\":\"https:\\\/\\\/luckycaponecasino.net\\\/es\\\/#\\\/schema\\\/logo\\\/image\\\/\",\"url\":\"https:\\\/\\\/luckycaponecasino.net\\\/wp-content\\\/uploads\\\/2026\\\/01\\\/logo-luckycapone.svg\",\"contentUrl\":\"https:\\\/\\\/luckycaponecasino.net\\\/wp-content\\\/uploads\\\/2026\\\/01\\\/logo-luckycapone.svg\",\"width\":70,\"height\":24,\"caption\":\"Luckycapone\"},\"image\":{\"@id\":\"https:\\\/\\\/luckycaponecasino.net\\\/es\\\/#\\\/schema\\\/logo\\\/image\\\/\"}}]}<\/script>\n<!-- \/ Yoast SEO plugin. -->","yoast_head_json":{"title":"LuckyCapone App para M\u00f3vil | Download \u2013 iOS, Android","description":"LuckyCapone App \u2013 desc\u00e1rgala en iOS y Android para disfrutar de un casino m\u00f3vil fluido. Accede a slots, mesas, jackpots y crupieres en vivo con sincronizaci\u00f3n completa en Lucky Capone.","robots":{"index":"index","follow":"follow","max-snippet":"max-snippet:-1","max-image-preview":"max-image-preview:large","max-video-preview":"max-video-preview:-1"},"canonical":"https:\/\/luckycaponecasino.net\/es\/aplicacion\/","og_locale":"es_ES","og_type":"article","og_title":"LuckyCapone App para M\u00f3vil | Download \u2013 iOS, Android","og_description":"LuckyCapone App \u2013 desc\u00e1rgala en iOS y Android para disfrutar de un casino m\u00f3vil fluido. Accede a slots, mesas, jackpots y crupieres en vivo con sincronizaci\u00f3n completa en Lucky Capone.","og_url":"https:\/\/luckycaponecasino.net\/es\/aplicacion\/","og_site_name":"luckycapone","article_modified_time":"2026-01-26T08:20:18+00:00","twitter_card":"summary_large_image","twitter_misc":{"Est. reading time":"2 minutos"},"schema":{"@context":"https:\/\/schema.org","@graph":[{"@type":"WebPage","@id":"https:\/\/luckycaponecasino.net\/es\/aplicacion\/","url":"https:\/\/luckycaponecasino.net\/es\/aplicacion\/","name":"LuckyCapone App para M\u00f3vil | Download \u2013 iOS, Android","isPartOf":{"@id":"https:\/\/luckycaponecasino.net\/es\/#website"},"datePublished":"2026-01-25T12:34:31+00:00","dateModified":"2026-01-26T08:20:18+00:00","description":"LuckyCapone App \u2013 desc\u00e1rgala en iOS y Android para disfrutar de un casino m\u00f3vil fluido. Accede a slots, mesas, jackpots y crupieres en vivo con sincronizaci\u00f3n completa en Lucky Capone.","breadcrumb":{"@id":"https:\/\/luckycaponecasino.net\/es\/aplicacion\/#breadcrumb"},"inLanguage":"es","potentialAction":[{"@type":"ReadAction","target":["https:\/\/luckycaponecasino.net\/es\/aplicacion\/"]}]},{"@type":"BreadcrumbList","@id":"https:\/\/luckycaponecasino.net\/es\/aplicacion\/#breadcrumb","itemListElement":[{"@type":"ListItem","position":1,"name":"Luckycapone","item":"https:\/\/luckycaponecasino.net\/es\/"},{"@type":"ListItem","position":2,"name":"Aplicaci\u00f3n"}]},{"@type":"WebSite","@id":"https:\/\/luckycaponecasino.net\/es\/#website","url":"https:\/\/luckycaponecasino.net\/es\/","name":"Luckycapone","description":"","publisher":{"@id":"https:\/\/luckycaponecasino.net\/es\/#organization"},"potentialAction":[{"@type":"SearchAction","target":{"@type":"EntryPoint","urlTemplate":"https:\/\/luckycaponecasino.net\/es\/?s={search_term_string}"},"query-input":{"@type":"PropertyValueSpecification","valueRequired":true,"valueName":"search_term_string"}}],"inLanguage":"es"},{"@type":"Organization","@id":"https:\/\/luckycaponecasino.net\/es\/#organization","name":"Luckycapone","url":"https:\/\/luckycaponecasino.net\/es\/","logo":{"@type":"ImageObject","inLanguage":"es","@id":"https:\/\/luckycaponecasino.net\/es\/#\/schema\/logo\/image\/","url":"https:\/\/luckycaponecasino.net\/wp-content\/uploads\/2026\/01\/logo-luckycapone.svg","contentUrl":"https:\/\/luckycaponecasino.net\/wp-content\/uploads\/2026\/01\/logo-luckycapone.svg","width":70,"height":24,"caption":"Luckycapone"},"image":{"@id":"https:\/\/luckycaponecasino.net\/es\/#\/schema\/logo\/image\/"}}]}},"_links":{"self":[{"href":"https:\/\/luckycaponecasino.net\/es\/wp-json\/wp\/v2\/pages\/1452","targetHints":{"allow":["GET"]}}],"collection":[{"href":"https:\/\/luckycaponecasino.net\/es\/wp-json\/wp\/v2\/pages"}],"about":[{"href":"https:\/\/luckycaponecasino.net\/es\/wp-json\/wp\/v2\/types\/page"}],"author":[{"embeddable":true,"href":"https:\/\/luckycaponecasino.net\/es\/wp-json\/wp\/v2\/users\/1"}],"replies":[{"embeddable":true,"href":"https:\/\/luckycaponecasino.net\/es\/wp-json\/wp\/v2\/comments?post=1452"}],"version-history":[{"count":2,"href":"https:\/\/luckycaponecasino.net\/es\/wp-json\/wp\/v2\/pages\/1452\/revisions"}],"predecessor-version":[{"id":1509,"href":"https:\/\/luckycaponecasino.net\/es\/wp-json\/wp\/v2\/pages\/1452\/revisions\/1509"}],"wp:attachment":[{"href":"https:\/\/luckycaponecasino.net\/es\/wp-json\/wp\/v2\/media?parent=1452"}],"curies":[{"name":"wp","href":"https:\/\/api.w.org\/{rel}","templated":true}]}}