{"id":1490,"date":"2026-01-25T13:05:59","date_gmt":"2026-01-25T13:05:59","guid":{"rendered":"https:\/\/luckycaponecasino.net\/login-and-registration\/"},"modified":"2026-01-26T08:38:40","modified_gmt":"2026-01-26T08:38:40","slug":"inicio-de-sesion-y-registro","status":"publish","type":"page","link":"https:\/\/luckycaponecasino.net\/es\/inicio-de-sesion-y-registro\/","title":{"rendered":"Inicio de sesi\u00f3n y Registro"},"content":{"rendered":"<h1>Inicio de sesi\u00f3n y registro en LuckyCapone<\/h1>\n<p>El LuckyCapone login es solo una forma de que nuestros jugadores espa\u00f1oles accedan a todas las funciones de nuestro casino con un solo clic, de forma f\u00e1cil y r\u00e1pida. Podr\u00e1s disfrutar de una gran variedad de juegos, gestionar tu cuenta de forma eficaz y participar en ofertas especiales. Todos los usuarios registrados disponen de un sistema de inicio de sesi\u00f3n seguro y f\u00e1cil de usar que les permite disfrutar de una mejor experiencia de juego.<\/p>\n<p><div class=\"banner-wrap\" aria-label=\"Banner\"><img src=\"https:\/\/luckycaponecasino.net\/wp-content\/uploads\/2026\/01\/Luckycapone-banner.webp\" class=\"w-100 d-none d-lg-block img-pc main-banner-img\" alt=\"banner\" fetchpriority=\"high\" decoding=\"async\"><img src=\"https:\/\/luckycaponecasino.net\/wp-content\/uploads\/2026\/01\/Mobile-banner.webp\" class=\"w-100 d-none d-md-block d-lg-none main-banner-img\" alt=\"Mobile banner\" fetchpriority=\"high\" decoding=\"async\"><img src=\"https:\/\/luckycaponecasino.net\/wp-content\/uploads\/2026\/01\/Mobile-banner.webp\" class=\"w-100 d-md-none\" alt=\"Mobile banner\" fetchpriority=\"high\" decoding=\"async\"><div class=\"banner-description\">\n<div class=\"banner-title\">Bonos de bienvenida<\/div>\n<p class=\"banner-header-title\">1500 \u20ac<\/p>\n<div class=\"banner-header-AdditionalText\">+ 250 Tiradas gratis<\/div>\n<button data-item=\"homepage_banner_link\" class=\"goto m-button m-gradient-border m-button--primary m-button--large banner-button btn-orange\">\n            <div class=\"m-button-content\">\n                <span>Reg\u00edstrate ahora<\/span>\n                <span><\/span>\n            <\/div>\n        <\/button>\n<\/div>\n<div class=\"WelcomePack\">\n<p><img loading=\"lazy\" decoding=\"async\" class=\"alignnone size-full wp-image-1350\" src=\"https:\/\/luckycaponecasino.net\/wp-content\/uploads\/2026\/01\/welcome-crown.svg\" alt=\"welcome crown\" width=\"25\" height=\"26\" \/><\/p>\n<div class=\"WelcomePack-Info\">Reembolso semanal de hasta el 25 %<\/div>\n<p><img loading=\"lazy\" decoding=\"async\" class=\"alignnone size-full wp-image-1350\" src=\"https:\/\/luckycaponecasino.net\/wp-content\/uploads\/2026\/01\/welcome-crown.svg\" alt=\"welcome crown\" width=\"25\" height=\"26\" \/><\/p>\n<\/div>\n<\/div><div class=\"scrollable-content-wrap my-5\"><div class=\"scrollable-content-inner\"><h2>Procedimiento de registro en LuckyCapone<\/h2>\n<p>Registrarse en LuckyCapone Casino significa tener una selecci\u00f3n completa de funciones para mejorar el proceso de juego. Al crear una cuenta, todos los nuevos jugadores tambi\u00e9n tienen acceso a nuestra incre\u00edble biblioteca gigante de m\u00e1s de 6000 tragamonedas diferentes, colecciones de libros, Drops and Wins y juegos de cartas. El inicio de sesi\u00f3n en LuckyCapone tambi\u00e9n da acceso a bonificaciones exclusivas, torneos promocionales y un programa de fidelidad (VIP) que recompensa el juego habitual.<\/p>\n<p>El registro es r\u00e1pido y sencillo. Para registrarse, los jugadores deben proporcionar datos personales importantes, como una direcci\u00f3n de correo electr\u00f3nico y una contrase\u00f1a segura que ellos mismos crean (o generan a partir de una fuente fiable). M\u00e1s adelante, en el panel de control de LuckyCapone Casino, puedes a\u00f1adir tu nombre y otra informaci\u00f3n personal.<\/p>\n<p>La informaci\u00f3n que nos proporcionas garantiza el cumplimiento de la normativa legal. Nuestras normas de juego responsable nos obligan a aceptar solo a jugadores que hayan cumplido los 18 a\u00f1os de edad. No se admiten menores. Adem\u00e1s, los jugadores pueden utilizar el registro para crear sus propios l\u00edmites de juego \u00fanicos y habilitar el juego responsable, lo que fomenta un entorno seguro y regulado.<\/p>\n<h3>Modificaci\u00f3n de los datos personales de LuckyCapone Casino<\/h3>\n<p>Los jugadores siempre pueden actualizar sus datos personales cuando lo deseen en el panel de control de su cuenta. Algunos de estos cambios pueden referirse a los datos de contacto, los datos bancarios o la configuraci\u00f3n de seguridad. Tambi\u00e9n es esencial mantener los datos correctos para que el proceso de verificaci\u00f3n de la cuenta funcione correctamente. La actualizaci\u00f3n de los documentos tambi\u00e9n es importante, as\u00ed como el proceso de retirada y la comunicaci\u00f3n. Nuestro sitio web utiliza un alto nivel de seguridad para proteger la privacidad y la integridad de todos los datos personales durante las actualizaciones.<\/p>\n<h2>Pasos para iniciar sesi\u00f3n en LuckyCapone<\/h2>\n<p>El proceso para iniciar sesi\u00f3n en tu cuenta de LuckyCapone es muy sencillo:<\/p>\n<ol>\n<li>Busque el \u00e1rea de inicio de sesi\u00f3n en la parte superior derecha de la p\u00e1gina de inicio de nuestro casino Lucky Capone.<\/li>\n<li>Introduce tu direcci\u00f3n de correo electr\u00f3nico y contrase\u00f1a registradas.<\/li>\n<li>Para acceder, pulse el bot\u00f3n \u00abIniciar sesi\u00f3n\u00bb y ya estar\u00e1 en su cuenta de LuckyCapone Casino.<\/li>\n<\/ol>\n<p>Despu\u00e9s de iniciar sesi\u00f3n, los jugadores podr\u00e1n realizar diversas acciones que suelen disfrutar, como depositar y retirar ganancias, canjear bonificaciones, ver el historial de la cuenta y ajustar la configuraci\u00f3n de la misma. La interfaz es sencilla y tambi\u00e9n contamos con un panel de control f\u00e1cil de usar, lo que facilita la gesti\u00f3n de la cuenta.<\/p>\n<p>Adem\u00e1s, Luckycapone ofrece una autenticaci\u00f3n opcional de dos factores. Esto aumenta la seguridad de las cuentas. Esta funci\u00f3n es muy c\u00f3moda y segura, por lo que no tendr\u00e1s que preocuparte en absoluto por tu seguridad. Siempre estamos encantados de ofrecer protecci\u00f3n adicional. Los usuarios pueden acceder a sus registros de actividad, depositar y retirar dinero, y actualizar la informaci\u00f3n personal y de pago en la p\u00e1gina de su cuenta.<\/p>\n<h3>Problemas de inicio de sesi\u00f3n y soluci\u00f3n de problemas<\/h3>\n<p>Cuando los jugadores experimentan problemas durante el inicio de sesi\u00f3n en LuckyCapone, ya sea porque la p\u00e1gina se bloquea, aparecen banners de error o mensajes de error cuando olvidan sus contrase\u00f1as o cuando su cuenta est\u00e1 bloqueada, \u00a1podemos ayudarles y solucionarlo todo inmediatamente!<\/p>\n<p>Las razones pueden ser numerosas:<\/p>\n<ul>\n<li>muchos intentos fallidos de iniciar sesi\u00f3n en LuckyCapone;<\/li>\n<li>si a\u00fan se encuentra en proceso de verificaci\u00f3n;<\/li>\n<li>limitaciones de seguridad.<\/li>\n<\/ul>\n<p>Se recomienda a los jugadores que se pongan en contacto con nuestro equipo de asistencia multiling\u00fce por correo electr\u00f3nico o chat en vivo para resolver estos problemas. La verificaci\u00f3n de identidad puede ser un requisito previo para volver a acceder. Esto siempre le garantiza la seguridad de su cuenta y el cumplimiento de los requisitos normativos.<\/p>\n<h2>Acceso a la cuenta<\/h2>\n<p>El acceso a las cuentas es importante para que puedas utilizar toda la gama de opciones de LuckyCapone Casino. Todos los jugadores deben seguir estas recomendaciones:<\/p>\n<table>\n<tbody>\n<tr>\n<td>Consejo de seguridad<\/td>\n<td>Descripci\u00f3n<\/td>\n<\/tr>\n<tr>\n<td>Active la autenticaci\u00f3n de dos factores<\/td>\n<td>La autenticaci\u00f3n de dos factores (2FA) a\u00f1ade una capa adicional de seguridad a su cuenta.<\/td>\n<\/tr>\n<tr>\n<td>Utilice contrase\u00f1as seguras y espec\u00edficas para sus cuentas<\/td>\n<td>Utilice contrase\u00f1as seguras y \u00fanicas que sean dif\u00edciles de adivinar.<\/td>\n<\/tr>\n<tr>\n<td>No compartas tu informaci\u00f3n de inicio de sesi\u00f3n con otras personas<\/td>\n<td>Mantenga la confidencialidad de sus datos de inicio de sesi\u00f3n para evitar el acceso no autorizado.<\/td>\n<\/tr>\n<tr>\n<td>Compruebe peri\u00f3dicamente las operaciones de la cuenta en busca de transacciones desconocidas<\/td>\n<td>Revise regularmente la actividad de su cuenta para detectar cualquier actividad sospechosa o no autorizada.<\/td>\n<\/tr>\n<tr>\n<td>Supera el procedimiento de verificaci\u00f3n de LuckyCapone Casino.<\/td>\n<td>Es esencial para verificar la identidad, la edad y prevenir el fraude.<\/td>\n<\/tr>\n<\/tbody>\n<\/table>\n<p>Los jugadores tambi\u00e9n pueden comunicarse con el servicio de asistencia para resolver la situaci\u00f3n de inmediato en caso de un bloqueo temporal de las cuentas. Por lo general, se debe a una actividad sospechosa, por lo que es mejor enviarnos documentos y verificar su identidad. La verificaci\u00f3n se considera parte de la seguridad de la cuenta. Solo tiene que enviar documentos oficiales, como documentos de identidad emitidos por el gobierno, facturas de servicios p\u00fablicos o extractos bancarios, durante el proceso de verificaci\u00f3n.<\/p>\n<h2>Preguntas frecuentes<\/h2>\n<h3>\u00bfPuedo iniciar sesi\u00f3n desde varios dispositivos?<\/h3>\n<p>La plataforma LuckyCapone Casino es multidispositivo, lo que significa que los jugadores pueden iniciar sesi\u00f3n en un ordenador de sobremesa, una tableta o un smartphone sin temor a la inseguridad de Internet. La sincronizaci\u00f3n mantiene tu juego y la informaci\u00f3n de tu cuenta en consonancia con los dispositivos.<\/p>\n<h3>\u00bfC\u00f3mo puedo proteger mi cuenta de Lucky Capone contra el acceso no autorizado?<\/h3>\n<p>La autenticaci\u00f3n de dos factores, la creaci\u00f3n de contrase\u00f1as complejas y no compartir los datos de inicio de sesi\u00f3n son las medidas principales. Aunque creas que tienes muchos amigos, no debes confiar en nadie f\u00e1cilmente. Es recomendable vigilar de cerca la actividad de tu cuenta y cambiar ocasionalmente la configuraci\u00f3n de seguridad como medida de protecci\u00f3n adicional.<\/p>\n<h3>\u00bfPor qu\u00e9 tengo que verificar mi cuenta antes de iniciar sesi\u00f3n?<\/h3>\n<p>Se recomienda encarecidamente pasar primero la verificaci\u00f3n de Lucky Capone, simplemente envi\u00e1ndonos tus documentos de identidad oficiales para su comprobaci\u00f3n. El equipo de asistencia se pondr\u00e1 en contacto contigo en un plazo de 2 d\u00edas y nunca tendr\u00e1s ning\u00fan problema con tu cuenta ni al iniciar sesi\u00f3n en Lucky Capone.<\/p>\n<\/div><\/div><\/p>\n","protected":false},"excerpt":{"rendered":"<p>Inicio de sesi\u00f3n y registro en LuckyCapone El LuckyCapone login es solo una forma de que nuestros jugadores espa\u00f1oles accedan a todas las funciones de nuestro casino con un solo clic, de forma f\u00e1cil y r\u00e1pida. Podr\u00e1s disfrutar de una gran variedad de juegos, gestionar tu cuenta de forma eficaz y participar en ofertas especiales. [&hellip;]<\/p>\n","protected":false},"author":1,"featured_media":0,"parent":0,"menu_order":0,"comment_status":"closed","ping_status":"closed","template":"template-builder.php","meta":{"_acf_changed":false,"inline_featured_image":false,"footnotes":""},"class_list":["post-1490","page","type-page","status-publish","hentry"],"acf":[],"yoast_head":"<!-- This site is optimized with the Yoast SEO plugin v27.3 - https:\/\/yoast.com\/product\/yoast-seo-wordpress\/ -->\n<title>LuckyCapone Login \u2013 Accede con Seguridad a tu Cuenta de Casino<\/title>\n<meta name=\"description\" content=\"LuckyCapone Login \u2013 inicia sesi\u00f3n de forma segura o crea tu cuenta con acceso cifrado. Gestiona verificaci\u00f3n, recuperaci\u00f3n de contrase\u00f1a y ajustes en Lucky Capone.\" \/>\n<meta name=\"robots\" content=\"index, follow, max-snippet:-1, max-image-preview:large, max-video-preview:-1\" \/>\n<link rel=\"canonical\" href=\"https:\/\/luckycaponecasino.net\/es\/inicio-de-sesion-y-registro\/\" \/>\n<meta property=\"og:locale\" content=\"es_ES\" \/>\n<meta property=\"og:type\" content=\"article\" \/>\n<meta property=\"og:title\" content=\"LuckyCapone Login \u2013 Accede con Seguridad a tu Cuenta de Casino\" \/>\n<meta property=\"og:description\" content=\"LuckyCapone Login \u2013 inicia sesi\u00f3n de forma segura o crea tu cuenta con acceso cifrado. Gestiona verificaci\u00f3n, recuperaci\u00f3n de contrase\u00f1a y ajustes en Lucky Capone.\" \/>\n<meta property=\"og:url\" content=\"https:\/\/luckycaponecasino.net\/es\/inicio-de-sesion-y-registro\/\" \/>\n<meta property=\"og:site_name\" content=\"luckycapone\" \/>\n<meta property=\"article:modified_time\" content=\"2026-01-26T08:38:40+00:00\" \/>\n<meta name=\"twitter:card\" content=\"summary_large_image\" \/>\n<meta name=\"twitter:label1\" content=\"Est. reading time\" \/>\n\t<meta name=\"twitter:data1\" content=\"1 minuto\" \/>\n<script type=\"application\/ld+json\" class=\"yoast-schema-graph\">{\"@context\":\"https:\\\/\\\/schema.org\",\"@graph\":[{\"@type\":\"WebPage\",\"@id\":\"https:\\\/\\\/luckycaponecasino.net\\\/es\\\/inicio-de-sesion-y-registro\\\/\",\"url\":\"https:\\\/\\\/luckycaponecasino.net\\\/es\\\/inicio-de-sesion-y-registro\\\/\",\"name\":\"LuckyCapone Login \u2013 Accede con Seguridad a tu Cuenta de Casino\",\"isPartOf\":{\"@id\":\"https:\\\/\\\/luckycaponecasino.net\\\/es\\\/#website\"},\"datePublished\":\"2026-01-25T13:05:59+00:00\",\"dateModified\":\"2026-01-26T08:38:40+00:00\",\"description\":\"LuckyCapone Login \u2013 inicia sesi\u00f3n de forma segura o crea tu cuenta con acceso cifrado. Gestiona verificaci\u00f3n, recuperaci\u00f3n de contrase\u00f1a y ajustes en Lucky Capone.\",\"breadcrumb\":{\"@id\":\"https:\\\/\\\/luckycaponecasino.net\\\/es\\\/inicio-de-sesion-y-registro\\\/#breadcrumb\"},\"inLanguage\":\"es\",\"potentialAction\":[{\"@type\":\"ReadAction\",\"target\":[\"https:\\\/\\\/luckycaponecasino.net\\\/es\\\/inicio-de-sesion-y-registro\\\/\"]}]},{\"@type\":\"BreadcrumbList\",\"@id\":\"https:\\\/\\\/luckycaponecasino.net\\\/es\\\/inicio-de-sesion-y-registro\\\/#breadcrumb\",\"itemListElement\":[{\"@type\":\"ListItem\",\"position\":1,\"name\":\"Luckycapone\",\"item\":\"https:\\\/\\\/luckycaponecasino.net\\\/es\\\/\"},{\"@type\":\"ListItem\",\"position\":2,\"name\":\"Inicio de sesi\u00f3n y Registro\"}]},{\"@type\":\"WebSite\",\"@id\":\"https:\\\/\\\/luckycaponecasino.net\\\/es\\\/#website\",\"url\":\"https:\\\/\\\/luckycaponecasino.net\\\/es\\\/\",\"name\":\"Luckycapone\",\"description\":\"\",\"publisher\":{\"@id\":\"https:\\\/\\\/luckycaponecasino.net\\\/es\\\/#organization\"},\"potentialAction\":[{\"@type\":\"SearchAction\",\"target\":{\"@type\":\"EntryPoint\",\"urlTemplate\":\"https:\\\/\\\/luckycaponecasino.net\\\/es\\\/?s={search_term_string}\"},\"query-input\":{\"@type\":\"PropertyValueSpecification\",\"valueRequired\":true,\"valueName\":\"search_term_string\"}}],\"inLanguage\":\"es\"},{\"@type\":\"Organization\",\"@id\":\"https:\\\/\\\/luckycaponecasino.net\\\/es\\\/#organization\",\"name\":\"Luckycapone\",\"url\":\"https:\\\/\\\/luckycaponecasino.net\\\/es\\\/\",\"logo\":{\"@type\":\"ImageObject\",\"inLanguage\":\"es\",\"@id\":\"https:\\\/\\\/luckycaponecasino.net\\\/es\\\/#\\\/schema\\\/logo\\\/image\\\/\",\"url\":\"https:\\\/\\\/luckycaponecasino.net\\\/wp-content\\\/uploads\\\/2026\\\/01\\\/logo-luckycapone.svg\",\"contentUrl\":\"https:\\\/\\\/luckycaponecasino.net\\\/wp-content\\\/uploads\\\/2026\\\/01\\\/logo-luckycapone.svg\",\"width\":70,\"height\":24,\"caption\":\"Luckycapone\"},\"image\":{\"@id\":\"https:\\\/\\\/luckycaponecasino.net\\\/es\\\/#\\\/schema\\\/logo\\\/image\\\/\"}}]}<\/script>\n<!-- \/ Yoast SEO plugin. -->","yoast_head_json":{"title":"LuckyCapone Login \u2013 Accede con Seguridad a tu Cuenta de Casino","description":"LuckyCapone Login \u2013 inicia sesi\u00f3n de forma segura o crea tu cuenta con acceso cifrado. Gestiona verificaci\u00f3n, recuperaci\u00f3n de contrase\u00f1a y ajustes en Lucky Capone.","robots":{"index":"index","follow":"follow","max-snippet":"max-snippet:-1","max-image-preview":"max-image-preview:large","max-video-preview":"max-video-preview:-1"},"canonical":"https:\/\/luckycaponecasino.net\/es\/inicio-de-sesion-y-registro\/","og_locale":"es_ES","og_type":"article","og_title":"LuckyCapone Login \u2013 Accede con Seguridad a tu Cuenta de Casino","og_description":"LuckyCapone Login \u2013 inicia sesi\u00f3n de forma segura o crea tu cuenta con acceso cifrado. Gestiona verificaci\u00f3n, recuperaci\u00f3n de contrase\u00f1a y ajustes en Lucky Capone.","og_url":"https:\/\/luckycaponecasino.net\/es\/inicio-de-sesion-y-registro\/","og_site_name":"luckycapone","article_modified_time":"2026-01-26T08:38:40+00:00","twitter_card":"summary_large_image","twitter_misc":{"Est. reading time":"1 minuto"},"schema":{"@context":"https:\/\/schema.org","@graph":[{"@type":"WebPage","@id":"https:\/\/luckycaponecasino.net\/es\/inicio-de-sesion-y-registro\/","url":"https:\/\/luckycaponecasino.net\/es\/inicio-de-sesion-y-registro\/","name":"LuckyCapone Login \u2013 Accede con Seguridad a tu Cuenta de Casino","isPartOf":{"@id":"https:\/\/luckycaponecasino.net\/es\/#website"},"datePublished":"2026-01-25T13:05:59+00:00","dateModified":"2026-01-26T08:38:40+00:00","description":"LuckyCapone Login \u2013 inicia sesi\u00f3n de forma segura o crea tu cuenta con acceso cifrado. Gestiona verificaci\u00f3n, recuperaci\u00f3n de contrase\u00f1a y ajustes en Lucky Capone.","breadcrumb":{"@id":"https:\/\/luckycaponecasino.net\/es\/inicio-de-sesion-y-registro\/#breadcrumb"},"inLanguage":"es","potentialAction":[{"@type":"ReadAction","target":["https:\/\/luckycaponecasino.net\/es\/inicio-de-sesion-y-registro\/"]}]},{"@type":"BreadcrumbList","@id":"https:\/\/luckycaponecasino.net\/es\/inicio-de-sesion-y-registro\/#breadcrumb","itemListElement":[{"@type":"ListItem","position":1,"name":"Luckycapone","item":"https:\/\/luckycaponecasino.net\/es\/"},{"@type":"ListItem","position":2,"name":"Inicio de sesi\u00f3n y Registro"}]},{"@type":"WebSite","@id":"https:\/\/luckycaponecasino.net\/es\/#website","url":"https:\/\/luckycaponecasino.net\/es\/","name":"Luckycapone","description":"","publisher":{"@id":"https:\/\/luckycaponecasino.net\/es\/#organization"},"potentialAction":[{"@type":"SearchAction","target":{"@type":"EntryPoint","urlTemplate":"https:\/\/luckycaponecasino.net\/es\/?s={search_term_string}"},"query-input":{"@type":"PropertyValueSpecification","valueRequired":true,"valueName":"search_term_string"}}],"inLanguage":"es"},{"@type":"Organization","@id":"https:\/\/luckycaponecasino.net\/es\/#organization","name":"Luckycapone","url":"https:\/\/luckycaponecasino.net\/es\/","logo":{"@type":"ImageObject","inLanguage":"es","@id":"https:\/\/luckycaponecasino.net\/es\/#\/schema\/logo\/image\/","url":"https:\/\/luckycaponecasino.net\/wp-content\/uploads\/2026\/01\/logo-luckycapone.svg","contentUrl":"https:\/\/luckycaponecasino.net\/wp-content\/uploads\/2026\/01\/logo-luckycapone.svg","width":70,"height":24,"caption":"Luckycapone"},"image":{"@id":"https:\/\/luckycaponecasino.net\/es\/#\/schema\/logo\/image\/"}}]}},"_links":{"self":[{"href":"https:\/\/luckycaponecasino.net\/es\/wp-json\/wp\/v2\/pages\/1490","targetHints":{"allow":["GET"]}}],"collection":[{"href":"https:\/\/luckycaponecasino.net\/es\/wp-json\/wp\/v2\/pages"}],"about":[{"href":"https:\/\/luckycaponecasino.net\/es\/wp-json\/wp\/v2\/types\/page"}],"author":[{"embeddable":true,"href":"https:\/\/luckycaponecasino.net\/es\/wp-json\/wp\/v2\/users\/1"}],"replies":[{"embeddable":true,"href":"https:\/\/luckycaponecasino.net\/es\/wp-json\/wp\/v2\/comments?post=1490"}],"version-history":[{"count":2,"href":"https:\/\/luckycaponecasino.net\/es\/wp-json\/wp\/v2\/pages\/1490\/revisions"}],"predecessor-version":[{"id":1515,"href":"https:\/\/luckycaponecasino.net\/es\/wp-json\/wp\/v2\/pages\/1490\/revisions\/1515"}],"wp:attachment":[{"href":"https:\/\/luckycaponecasino.net\/es\/wp-json\/wp\/v2\/media?parent=1490"}],"curies":[{"name":"wp","href":"https:\/\/api.w.org\/{rel}","templated":true}]}}