{"id":1443,"date":"2026-01-25T12:34:31","date_gmt":"2026-01-25T12:34:31","guid":{"rendered":"https:\/\/luckycaponecasino.net\/app\/"},"modified":"2026-01-26T11:11:23","modified_gmt":"2026-01-26T11:11:23","slug":"app","status":"publish","type":"page","link":"https:\/\/luckycaponecasino.net\/fr\/app\/","title":{"rendered":"App"},"content":{"rendered":"<h1>Application LuckyCapone<\/h1>\n<p>LuckyCapone app red\u00e9finit le divertissement des casinos mobiles en offrant un acc\u00e8s ininterrompu \u00e0 une vaste s\u00e9lection de machines \u00e0 sous en ligne, de jeux de table et d&rsquo;exp\u00e9riences avec des croupiers en direct, o\u00f9 que vous soyez. Nous avons gagn\u00e9 la confiance des joueurs gr\u00e2ce \u00e0 un environnement de jeu s\u00e9curis\u00e9, rapide et pratique sur n&rsquo;importe quel appareil, et nous garantissons des sessions de jeu optimis\u00e9es.<\/p>\n<p>Un service d&rsquo;assistance par chat en direct et un processus de v\u00e9rification simple sont \u00e9galement ajout\u00e9s \u00e0 l&rsquo;ambiance g\u00e9n\u00e9rale, ce qui fait du LuckyCapone Casino l&rsquo;endroit le plus populaire parmi toutes les personnes qui souhaitent profiter d&rsquo;un jeu de la meilleure qualit\u00e9 sur n&rsquo;importe quel appareil.<\/p>\n<p><div class=\"banner-wrap\" aria-label=\"Banner\"><img src=\"https:\/\/luckycaponecasino.net\/wp-content\/uploads\/2026\/01\/Luckycapone-banner.webp\" class=\"w-100 d-none d-lg-block img-pc main-banner-img\" alt=\"banner\" fetchpriority=\"high\" decoding=\"async\"><img src=\"https:\/\/luckycaponecasino.net\/wp-content\/uploads\/2026\/01\/Mobile-banner.webp\" class=\"w-100 d-none d-md-block d-lg-none main-banner-img\" alt=\"Mobile banner\" fetchpriority=\"high\" decoding=\"async\"><img src=\"https:\/\/luckycaponecasino.net\/wp-content\/uploads\/2026\/01\/Mobile-banner.webp\" class=\"w-100 d-md-none\" alt=\"Mobile banner\" fetchpriority=\"high\" decoding=\"async\"><div class=\"banner-description\">\n<div class=\"banner-title\">Bonus de bienvenue<\/div>\n<p class=\"banner-header-title\">1000 \u20ac<\/p>\n<div class=\"banner-header-AdditionalText\">+ 100 Tours gratuits<\/div>\n<button data-item=\"homepage_banner_link\" class=\"goto m-button m-gradient-border m-button--primary m-button--large banner-button btn-orange\">\n            <div class=\"m-button-content\">\n                <span>Inscrivez-vous d\u00e8s maintenant<\/span>\n                <span><\/span>\n            <\/div>\n        <\/button>\n<\/div>\n<div class=\"WelcomePack\">\n<p><img loading=\"lazy\" decoding=\"async\" class=\"alignnone size-full wp-image-1442\" src=\"https:\/\/spin-winera.org\/wp-content\/uploads\/2025\/12\/welcome-crown.svg\" alt=\"crown\" width=\"25\" height=\"26\" \/><\/p>\n<div class=\"WelcomePack-Info\">Cashback hebdomadaire jusqu&rsquo;\u00e0 25 %<\/div>\n<p><img loading=\"lazy\" decoding=\"async\" class=\"alignnone size-full wp-image-1527\" src=\"https:\/\/luckycaponecasino.net\/wp-content\/uploads\/2026\/01\/welcome-crown-1.svg\" alt=\"welcome crown\" width=\"25\" height=\"26\" \/><img loading=\"lazy\" decoding=\"async\" class=\"alignnone size-full wp-image-1527\" src=\"https:\/\/luckycaponecasino.net\/wp-content\/uploads\/2026\/01\/welcome-crown-1.svg\" alt=\"welcome crown\" width=\"25\" height=\"26\" \/><\/p>\n<\/div>\n<\/div><div class=\"scrollable-content-wrap my-5\"><div class=\"scrollable-content-inner\"><h2>Application LuckyCapone pour iOS<\/h2>\n<p>Les utilisateurs iOS peuvent acc\u00e9der \u00e0 Lucky Capone Casino via leur navigateur Safari. Le site est enti\u00e8rement optimis\u00e9 pour les appareils iOS. L&rsquo;exp\u00e9rience de jeu est tr\u00e8s fluide. Vous pouvez adapter l&rsquo;application LuckyCapone \u00e0 diff\u00e9rentes tailles d&rsquo;\u00e9cran. L&rsquo;application LuckyCapone s&rsquo;installe tr\u00e8s facilement sur iOS :<\/p>\n<ol>\n<li>Pour ajouter un raccourci, utilisez le symbole repr\u00e9sentant un carr\u00e9 avec une fl\u00e8che vers le haut.<\/li>\n<li>Enregistrez le raccourci sur votre \u00e9cran d&rsquo;accueil (cliquez sur \u00ab Ajouter \u00e0 l&rsquo;\u00e9cran d&rsquo;accueil \u00bb).<\/li>\n<li>Assurez-vous qu&rsquo;il s&rsquo;agit bien de notre site officiel et que l&rsquo;URL est correcte, puis cliquez sur \u00ab Ajouter \u00bb.<\/li>\n<\/ol>\n<p>C&rsquo;est fait ! Vous avez maintenant le raccourci LuckyCapone Casino directement sur votre \u00e9cran. L&rsquo;Apple App Store n&rsquo;intervient \u00e0 aucun moment, conform\u00e9ment aux politiques iOS relatives aux applications de jeux d&rsquo;argent en ligne.<\/p>\n<p>La version iOS dispose de toutes les fonctionnalit\u00e9s essentielles, telles que les jeux, la gestion des comptes et le chat en direct, ce qui la rend similaire \u00e0 notre version Lucky Capone pour ordinateur de bureau en termes de fonctionnalit\u00e9s. La conception de l&rsquo;application est ax\u00e9e sur la s\u00e9curit\u00e9 et la convivialit\u00e9, l&rsquo;accent \u00e9tant mis sur la fourniture d&rsquo;une exp\u00e9rience de jeu stable sur les iPhones et les iPads.<\/p>\n<p><img loading=\"lazy\" decoding=\"async\" class=\"alignnone wp-image-1336 size-full\" src=\"https:\/\/luckycaponecasino.net\/wp-content\/uploads\/2026\/01\/Luckycapone-iOS.webp\" alt=\"Luckycapone iOS\" width=\"1248\" height=\"536\" srcset=\"https:\/\/luckycaponecasino.net\/wp-content\/uploads\/2026\/01\/Luckycapone-iOS.webp 1248w, https:\/\/luckycaponecasino.net\/wp-content\/uploads\/2026\/01\/Luckycapone-iOS-300x129.webp 300w, https:\/\/luckycaponecasino.net\/wp-content\/uploads\/2026\/01\/Luckycapone-iOS-1024x440.webp 1024w, https:\/\/luckycaponecasino.net\/wp-content\/uploads\/2026\/01\/Luckycapone-iOS-768x330.webp 768w\" sizes=\"auto, (max-width: 1248px) 100vw, 1248px\" \/><\/p>\n<\/div><\/div><div style=\"clear: both\"><\/div><div class=\"d-flex justify-content-center\"><button data-item=\"decouvrez_link\" data-group=\"website_links\" class=\"goto fw-bold rounded-pill btn btn-orange\" aria-label=\"T\u00e9l\u00e9chargez l&#039;application Luckycapone\" >T\u00e9l\u00e9chargez l&#039;application Luckycapone<\/button><\/div><\/p>\n<h2>Caract\u00e9ristiques de l&rsquo;application LuckyCapone<\/h2>\n<p>L&rsquo;application LuckyCapone offre des fonctionnalit\u00e9s qui rendent le jeu plus pratique et plus agr\u00e9able. Sa conception conviviale facilite la navigation, vous permettant de trouver les jeux que vous aimez, de passer \u00e0 diff\u00e9rentes sections, de faire d\u00e9filer notre site et d&rsquo;effectuer des d\u00e9p\u00f4ts pour vos paris. L&rsquo;architecture haute performance de l&rsquo;application garantit un chargement rapide, une faible latence et un jeu fluide. Vous vivrez la m\u00eame exp\u00e9rience que si vous \u00e9tiez sur un navigateur, vraiment !<\/p>\n<p>Les donn\u00e9es des utilisateurs sont s\u00e9curis\u00e9es par des syst\u00e8mes de s\u00e9curit\u00e9 avanc\u00e9s (TLS 1.3), et des services d&rsquo;assistance int\u00e9gr\u00e9s, tels que le chat en direct, garantissent une aide imm\u00e9diate aux utilisateurs. De plus, l&rsquo;application est compatible avec divers appareils, ce qui permet aux joueurs de profiter de la m\u00eame exp\u00e9rience sur les smartphones, les tablettes et m\u00eame les ordinateurs de bureau.<\/p>\n<p><div class=\"scrollable-content-wrap my-5\"><div class=\"scrollable-content-inner\"><h2>Application LuckyCapone pour Android<\/h2>\n<p>Si nous parlons sp\u00e9cifiquement des appareils Android, pour ce syst\u00e8me, nous disposons d&rsquo;une application web progressive (PWA), qui ne n\u00e9cessite aucun t\u00e9l\u00e9chargement. Il s&rsquo;agit d&rsquo;une application mobile bas\u00e9e sur un navigateur. Elle offre une int\u00e9gration de jeu l\u00e9g\u00e8re, s\u00e9curis\u00e9e et r\u00e9active. La version Android de Lucky Capone Casino est accessible en faisant simplement d\u00e9filer la page jusqu&rsquo;au bouton \u00ab Casino App \u00bb et en cliquant dessus pour g\u00e9n\u00e9rer un raccourci sur votre \u00e9cran d&rsquo;accueil. C&rsquo;est facile ! Il s&rsquo;agit d&rsquo;une application native qui permet donc d&rsquo;acc\u00e9der directement \u00e0 toutes les fonctionnalit\u00e9s.<\/p>\n<h3>Autorisations de s\u00e9curit\u00e9<\/h3>\n<p>L&rsquo;application Android LuckyCapone Casino contient les autorisations minimales requises pour fonctionner de mani\u00e8re optimale. Et m\u00eame cette petite limitation est principalement li\u00e9e \u00e0 la n\u00e9cessit\u00e9 de s\u00e9curiser les transactions et de permettre des mises \u00e0 jour en temps r\u00e9el. Elle n&rsquo;implique pas la collecte de donn\u00e9es personnelles intrusives. Nous pr\u00e9servons la confidentialit\u00e9 et la s\u00e9curit\u00e9 des utilisateurs \u00e0 tout moment.<\/p>\n<p><img loading=\"lazy\" decoding=\"async\" class=\"alignnone wp-image-1339 size-full\" src=\"https:\/\/luckycaponecasino.net\/wp-content\/uploads\/2026\/01\/Luckycapone-Android.webp\" alt=\"Luckycapone Android\" width=\"1248\" height=\"536\" srcset=\"https:\/\/luckycaponecasino.net\/wp-content\/uploads\/2026\/01\/Luckycapone-Android.webp 1248w, https:\/\/luckycaponecasino.net\/wp-content\/uploads\/2026\/01\/Luckycapone-Android-300x129.webp 300w, https:\/\/luckycaponecasino.net\/wp-content\/uploads\/2026\/01\/Luckycapone-Android-1024x440.webp 1024w, https:\/\/luckycaponecasino.net\/wp-content\/uploads\/2026\/01\/Luckycapone-Android-768x330.webp 768w\" sizes=\"auto, (max-width: 1248px) 100vw, 1248px\" \/><\/p>\n<\/div><\/div><div style=\"clear: both\"><\/div><div class=\"d-flex justify-content-center\"><button data-item=\"decouvrez_link\" data-group=\"website_links\" class=\"goto fw-bold rounded-pill btn btn-orange\" aria-label=\"T\u00e9l\u00e9chargez l&#039;application Luckycapone\" >T\u00e9l\u00e9chargez l&#039;application Luckycapone<\/button><\/div><div class=\"scrollable-content-wrap my-5\"><div class=\"scrollable-content-inner\"><h2>Version de bureau de Lucky Capone Casino<\/h2>\n<p>La plateforme de bureau LuckyCapone Casino est une version compl\u00e8te de notre plateforme. Vous pouvez jouer \u00e0 nos jeux Lucky Capone Casino avec tous les navigateurs courants tels que Chrome, Edge, Safari et Firefox, et m\u00eame ceux qui sont plus soucieux de la confidentialit\u00e9 comme DuckDuckGo.<\/p>\n<p>La version pour ordinateur de bureau dispose d&rsquo;une interface \u00e9tendue, qui convient mieux aux joueurs qui recherchent une exp\u00e9rience plus immersive. Des raccourcis permettent d&rsquo;acc\u00e9der facilement au site. Les instructions sont facilement accessibles afin que le casino puisse \u00eatre ajout\u00e9 au bureau ou au dock, selon le syst\u00e8me d&rsquo;exploitation.<\/p>\n<p>Cette application de bureau disposera \u00e9galement de toutes les fonctionnalit\u00e9s de l&rsquo;application mobile. L&rsquo;\u00e9tape de v\u00e9rification est obligatoire avant d&rsquo;effectuer un retrait afin de garantir une int\u00e9grit\u00e9 \u00e9lev\u00e9e et le respect des protocoles de s\u00e9curit\u00e9. La plateforme de bureau est tr\u00e8s performante et prend en charge le jeu sur tous les appareils sans compromettre la s\u00e9curit\u00e9, la vitesse et la facilit\u00e9 d&rsquo;utilisation. Voici comment ajouter l&rsquo;application LuckyCapone :<\/p>\n<table>\n<tbody>\n<tr>\n<td>Plateforme<\/td>\n<td>Comment cr\u00e9er un raccourci<\/td>\n<\/tr>\n<tr>\n<td>Windows<\/td>\n<td>Ouvrez le navigateur, ouvrez le site LuckyCapone Casino et ajoutez un raccourci sur le bureau. Aucun logiciel suppl\u00e9mentaire n&rsquo;est n\u00e9cessaire.<\/td>\n<\/tr>\n<tr>\n<td>macOS<\/td>\n<td>Dans Safari ou Chrome, sur notre site, recherchez dans le menu de la section Fichier : \u00ab Ajouter \u00e0 l&rsquo;\u00e9cran d&rsquo;accueil \u00bb. Aucune installation complexe n&rsquo;est n\u00e9cessaire.<\/td>\n<\/tr>\n<\/tbody>\n<\/table>\n<h3>LuckyCapone PWA vs application native (APK \/ application iOS)<\/h3>\n<p>La PWA LuckyCapone Casino pr\u00e9sente de nombreux avantages. Elle se met automatiquement \u00e0 jour via le navigateur, ce qui signifie que les joueurs peuvent utiliser en permanence les derni\u00e8res fonctionnalit\u00e9s et extensions de s\u00e9curit\u00e9 sans avoir \u00e0 les mettre \u00e0 jour manuellement.<\/p>\n<p>Cela est d\u00fb \u00e0 sa nature l\u00e9g\u00e8re, qui minimise les besoins de stockage et permet de jouer en continu. L&rsquo;APK LuckyCapone n&rsquo;est plus d&rsquo;actualit\u00e9, et les utilisateurs iOS disposent d\u00e9sormais de la PWA. Nous offrons une exp\u00e9rience plus int\u00e9gr\u00e9e, et la PWA LuckyCapone se charge plus rapidement et peut \u00eatre utilis\u00e9e hors ligne.<\/p>\n<p><img loading=\"lazy\" decoding=\"async\" src=\"https:\/\/luckycaponecasino.net\/wp-content\/uploads\/2026\/01\/Luckycapone-Desktop.webp\" alt=\"Luckycapone Desktop\" width=\"1248\" height=\"536\" \/><\/p>\n<\/div><\/div><div style=\"clear: both\"><\/div><div class=\"d-flex justify-content-center\"><button data-item=\"decouvrez_link\" data-group=\"website_links\" class=\"goto fw-bold rounded-pill btn btn-orange\" aria-label=\"T\u00e9l\u00e9chargez l&#039;application Luckycapone\" >T\u00e9l\u00e9chargez l&#039;application Luckycapone<\/button><\/div><div class=\"scrollable-content-wrap my-5\"><div class=\"scrollable-content-inner\"><h2>FAQ<\/h2>\n<h3>Dois-je t\u00e9l\u00e9charger des applications externes pour jouer aux jeux Lucky Capone ?<\/h3>\n<p>Aucun \u00e9l\u00e9ment externe n&rsquo;est n\u00e9cessaire pour jouer aux jeux de Lucky Capone Casino. Nous disposons d&rsquo;une application web progressive qui ne n\u00e9cessite aucun t\u00e9l\u00e9chargement ni installation. La version pour ordinateur de bureau est compatible avec tous les navigateurs standards et ne n\u00e9cessite aucun logiciel suppl\u00e9mentaire. Si les explications relatives \u00e0 l&rsquo;installation ne sont pas claires, \u00e9crivez-nous et notre \u00e9quipe d&rsquo;assistance vous aidera !<\/p>\n<h3>L&rsquo;application PWA est-elle s\u00fbre \u00e0 utiliser ?<\/h3>\n<p>La PWA Lucky Capone dispose de mesures de s\u00e9curit\u00e9 exceptionnelles qui garantissent le cryptage et la s\u00e9curit\u00e9 des donn\u00e9es lors des transactions et du jeu. Elle fonctionne sur un protocole HTTPS s\u00e9curis\u00e9 avec des certificats TLS valides. La conception de l&rsquo;application est bas\u00e9e sur le concept de confidentialit\u00e9 et de s\u00e9curit\u00e9 des utilisateurs, ce qui en fait une bonne option pour les jeux de casino mobiles.<\/p>\n<h3>Tous les jeux LuckyCapone sont-ils disponibles dans l&rsquo;application ?<\/h3>\n<p>L&rsquo;application LuckyCapone donne acc\u00e8s \u00e0 tous les jeux de la biblioth\u00e8que du casino mobile. Toutes vos machines \u00e0 sous pr\u00e9f\u00e9r\u00e9es, vos jeux de table, vos croupiers en direct et vos titres \u00e0 gains instantan\u00e9s y sont disponibles. La plateforme offre une exp\u00e9rience de jeu fluide. L&rsquo;application LuckyCapone vaut vraiment la peine d&rsquo;\u00eatre essay\u00e9e.<\/p>\n<\/div><\/div><\/p>\n","protected":false},"excerpt":{"rendered":"<p>Application LuckyCapone LuckyCapone app red\u00e9finit le divertissement des casinos mobiles en offrant un acc\u00e8s ininterrompu \u00e0 une vaste s\u00e9lection de machines \u00e0 sous en ligne, de jeux de table et d&rsquo;exp\u00e9riences avec des croupiers en direct, o\u00f9 que vous soyez. Nous avons gagn\u00e9 la confiance des joueurs gr\u00e2ce \u00e0 un environnement de jeu s\u00e9curis\u00e9, rapide [&hellip;]<\/p>\n","protected":false},"author":1,"featured_media":0,"parent":0,"menu_order":0,"comment_status":"closed","ping_status":"closed","template":"template-builder.php","meta":{"_acf_changed":false,"inline_featured_image":false,"footnotes":""},"class_list":["post-1443","page","type-page","status-publish","hentry"],"acf":[],"yoast_head":"<!-- This site is optimized with the Yoast SEO plugin v27.3 - https:\/\/yoast.com\/product\/yoast-seo-wordpress\/ -->\n<title>LuckyCapone App Mobile | Download \u2013 iOS, Android<\/title>\n<meta name=\"description\" content=\"LuckyCapone App \u2013 download for iOS and Android to enjoy seamless mobile casino gaming. Access slots, tables, jackpots and live dealers with full account sync at Lucky Capone.\" \/>\n<meta name=\"robots\" content=\"index, follow, max-snippet:-1, max-image-preview:large, max-video-preview:-1\" \/>\n<link rel=\"canonical\" href=\"https:\/\/luckycaponecasino.net\/fr\/app\/\" \/>\n<meta property=\"og:locale\" content=\"fr_FR\" \/>\n<meta property=\"og:type\" content=\"article\" \/>\n<meta property=\"og:title\" content=\"LuckyCapone App Mobile | Download \u2013 iOS, Android\" \/>\n<meta property=\"og:description\" content=\"LuckyCapone App \u2013 download for iOS and Android to enjoy seamless mobile casino gaming. Access slots, tables, jackpots and live dealers with full account sync at Lucky Capone.\" \/>\n<meta property=\"og:url\" content=\"https:\/\/luckycaponecasino.net\/fr\/app\/\" \/>\n<meta property=\"og:site_name\" content=\"luckycapone\" \/>\n<meta property=\"article:modified_time\" content=\"2026-01-26T11:11:23+00:00\" \/>\n<meta name=\"twitter:card\" content=\"summary_large_image\" \/>\n<meta name=\"twitter:label1\" content=\"Dur\u00e9e de lecture estim\u00e9e\" \/>\n\t<meta name=\"twitter:data1\" content=\"2 minutes\" \/>\n<script type=\"application\/ld+json\" class=\"yoast-schema-graph\">{\"@context\":\"https:\\\/\\\/schema.org\",\"@graph\":[{\"@type\":\"WebPage\",\"@id\":\"https:\\\/\\\/luckycaponecasino.net\\\/fr\\\/app\\\/\",\"url\":\"https:\\\/\\\/luckycaponecasino.net\\\/fr\\\/app\\\/\",\"name\":\"LuckyCapone App Mobile | Download \u2013 iOS, Android\",\"isPartOf\":{\"@id\":\"https:\\\/\\\/luckycaponecasino.net\\\/fr\\\/#website\"},\"datePublished\":\"2026-01-25T12:34:31+00:00\",\"dateModified\":\"2026-01-26T11:11:23+00:00\",\"description\":\"LuckyCapone App \u2013 download for iOS and Android to enjoy seamless mobile casino gaming. Access slots, tables, jackpots and live dealers with full account sync at Lucky Capone.\",\"breadcrumb\":{\"@id\":\"https:\\\/\\\/luckycaponecasino.net\\\/fr\\\/app\\\/#breadcrumb\"},\"inLanguage\":\"fr-FR\",\"potentialAction\":[{\"@type\":\"ReadAction\",\"target\":[\"https:\\\/\\\/luckycaponecasino.net\\\/fr\\\/app\\\/\"]}]},{\"@type\":\"BreadcrumbList\",\"@id\":\"https:\\\/\\\/luckycaponecasino.net\\\/fr\\\/app\\\/#breadcrumb\",\"itemListElement\":[{\"@type\":\"ListItem\",\"position\":1,\"name\":\"Luckycapone\",\"item\":\"https:\\\/\\\/luckycaponecasino.net\\\/fr\\\/\"},{\"@type\":\"ListItem\",\"position\":2,\"name\":\"App\"}]},{\"@type\":\"WebSite\",\"@id\":\"https:\\\/\\\/luckycaponecasino.net\\\/fr\\\/#website\",\"url\":\"https:\\\/\\\/luckycaponecasino.net\\\/fr\\\/\",\"name\":\"Luckycapone\",\"description\":\"\",\"publisher\":{\"@id\":\"https:\\\/\\\/luckycaponecasino.net\\\/fr\\\/#organization\"},\"potentialAction\":[{\"@type\":\"SearchAction\",\"target\":{\"@type\":\"EntryPoint\",\"urlTemplate\":\"https:\\\/\\\/luckycaponecasino.net\\\/fr\\\/?s={search_term_string}\"},\"query-input\":{\"@type\":\"PropertyValueSpecification\",\"valueRequired\":true,\"valueName\":\"search_term_string\"}}],\"inLanguage\":\"fr-FR\"},{\"@type\":\"Organization\",\"@id\":\"https:\\\/\\\/luckycaponecasino.net\\\/fr\\\/#organization\",\"name\":\"Luckycapone\",\"url\":\"https:\\\/\\\/luckycaponecasino.net\\\/fr\\\/\",\"logo\":{\"@type\":\"ImageObject\",\"inLanguage\":\"fr-FR\",\"@id\":\"https:\\\/\\\/luckycaponecasino.net\\\/fr\\\/#\\\/schema\\\/logo\\\/image\\\/\",\"url\":\"https:\\\/\\\/luckycaponecasino.net\\\/wp-content\\\/uploads\\\/2026\\\/01\\\/logo-luckycapone.svg\",\"contentUrl\":\"https:\\\/\\\/luckycaponecasino.net\\\/wp-content\\\/uploads\\\/2026\\\/01\\\/logo-luckycapone.svg\",\"width\":70,\"height\":24,\"caption\":\"Luckycapone\"},\"image\":{\"@id\":\"https:\\\/\\\/luckycaponecasino.net\\\/fr\\\/#\\\/schema\\\/logo\\\/image\\\/\"}}]}<\/script>\n<!-- \/ Yoast SEO plugin. -->","yoast_head_json":{"title":"LuckyCapone App Mobile | Download \u2013 iOS, Android","description":"LuckyCapone App \u2013 download for iOS and Android to enjoy seamless mobile casino gaming. Access slots, tables, jackpots and live dealers with full account sync at Lucky Capone.","robots":{"index":"index","follow":"follow","max-snippet":"max-snippet:-1","max-image-preview":"max-image-preview:large","max-video-preview":"max-video-preview:-1"},"canonical":"https:\/\/luckycaponecasino.net\/fr\/app\/","og_locale":"fr_FR","og_type":"article","og_title":"LuckyCapone App Mobile | Download \u2013 iOS, Android","og_description":"LuckyCapone App \u2013 download for iOS and Android to enjoy seamless mobile casino gaming. Access slots, tables, jackpots and live dealers with full account sync at Lucky Capone.","og_url":"https:\/\/luckycaponecasino.net\/fr\/app\/","og_site_name":"luckycapone","article_modified_time":"2026-01-26T11:11:23+00:00","twitter_card":"summary_large_image","twitter_misc":{"Dur\u00e9e de lecture estim\u00e9e":"2 minutes"},"schema":{"@context":"https:\/\/schema.org","@graph":[{"@type":"WebPage","@id":"https:\/\/luckycaponecasino.net\/fr\/app\/","url":"https:\/\/luckycaponecasino.net\/fr\/app\/","name":"LuckyCapone App Mobile | Download \u2013 iOS, Android","isPartOf":{"@id":"https:\/\/luckycaponecasino.net\/fr\/#website"},"datePublished":"2026-01-25T12:34:31+00:00","dateModified":"2026-01-26T11:11:23+00:00","description":"LuckyCapone App \u2013 download for iOS and Android to enjoy seamless mobile casino gaming. Access slots, tables, jackpots and live dealers with full account sync at Lucky Capone.","breadcrumb":{"@id":"https:\/\/luckycaponecasino.net\/fr\/app\/#breadcrumb"},"inLanguage":"fr-FR","potentialAction":[{"@type":"ReadAction","target":["https:\/\/luckycaponecasino.net\/fr\/app\/"]}]},{"@type":"BreadcrumbList","@id":"https:\/\/luckycaponecasino.net\/fr\/app\/#breadcrumb","itemListElement":[{"@type":"ListItem","position":1,"name":"Luckycapone","item":"https:\/\/luckycaponecasino.net\/fr\/"},{"@type":"ListItem","position":2,"name":"App"}]},{"@type":"WebSite","@id":"https:\/\/luckycaponecasino.net\/fr\/#website","url":"https:\/\/luckycaponecasino.net\/fr\/","name":"Luckycapone","description":"","publisher":{"@id":"https:\/\/luckycaponecasino.net\/fr\/#organization"},"potentialAction":[{"@type":"SearchAction","target":{"@type":"EntryPoint","urlTemplate":"https:\/\/luckycaponecasino.net\/fr\/?s={search_term_string}"},"query-input":{"@type":"PropertyValueSpecification","valueRequired":true,"valueName":"search_term_string"}}],"inLanguage":"fr-FR"},{"@type":"Organization","@id":"https:\/\/luckycaponecasino.net\/fr\/#organization","name":"Luckycapone","url":"https:\/\/luckycaponecasino.net\/fr\/","logo":{"@type":"ImageObject","inLanguage":"fr-FR","@id":"https:\/\/luckycaponecasino.net\/fr\/#\/schema\/logo\/image\/","url":"https:\/\/luckycaponecasino.net\/wp-content\/uploads\/2026\/01\/logo-luckycapone.svg","contentUrl":"https:\/\/luckycaponecasino.net\/wp-content\/uploads\/2026\/01\/logo-luckycapone.svg","width":70,"height":24,"caption":"Luckycapone"},"image":{"@id":"https:\/\/luckycaponecasino.net\/fr\/#\/schema\/logo\/image\/"}}]}},"_links":{"self":[{"href":"https:\/\/luckycaponecasino.net\/fr\/wp-json\/wp\/v2\/pages\/1443","targetHints":{"allow":["GET"]}}],"collection":[{"href":"https:\/\/luckycaponecasino.net\/fr\/wp-json\/wp\/v2\/pages"}],"about":[{"href":"https:\/\/luckycaponecasino.net\/fr\/wp-json\/wp\/v2\/types\/page"}],"author":[{"embeddable":true,"href":"https:\/\/luckycaponecasino.net\/fr\/wp-json\/wp\/v2\/users\/1"}],"replies":[{"embeddable":true,"href":"https:\/\/luckycaponecasino.net\/fr\/wp-json\/wp\/v2\/comments?post=1443"}],"version-history":[{"count":2,"href":"https:\/\/luckycaponecasino.net\/fr\/wp-json\/wp\/v2\/pages\/1443\/revisions"}],"predecessor-version":[{"id":1614,"href":"https:\/\/luckycaponecasino.net\/fr\/wp-json\/wp\/v2\/pages\/1443\/revisions\/1614"}],"wp:attachment":[{"href":"https:\/\/luckycaponecasino.net\/fr\/wp-json\/wp\/v2\/media?parent=1443"}],"curies":[{"name":"wp","href":"https:\/\/api.w.org\/{rel}","templated":true}]}}