{"id":1485,"date":"2026-01-25T13:05:59","date_gmt":"2026-01-25T13:05:59","guid":{"rendered":"https:\/\/luckycaponecasino.net\/login-and-registration\/"},"modified":"2026-01-26T14:04:21","modified_gmt":"2026-01-26T14:04:21","slug":"connexion-et-inscription","status":"publish","type":"page","link":"https:\/\/luckycaponecasino.net\/fr\/connexion-et-inscription\/","title":{"rendered":"Connexion et inscription"},"content":{"rendered":"<h1>Connexion et inscription \u00e0 LuckyCapone<\/h1>\n<p>LuckyCapone login permet \u00e0 nos joueurs d&rsquo;acc\u00e9der \u00e0 toutes les fonctionnalit\u00e9s de notre casino en un seul clic, de mani\u00e8re simple et rapide. Vous pouvez profiter d&rsquo;une grande vari\u00e9t\u00e9 de jeux, g\u00e9rer efficacement votre compte et participer \u00e0 des offres sp\u00e9ciales. Tous les utilisateurs enregistr\u00e9s disposent d&rsquo;un syst\u00e8me de connexion s\u00e9curis\u00e9 et facile \u00e0 utiliser qui leur permet de b\u00e9n\u00e9ficier d&rsquo;une meilleure exp\u00e9rience de jeu.<\/p>\n<p><div class=\"banner-wrap\" aria-label=\"Banner\"><img src=\"https:\/\/luckycaponecasino.net\/wp-content\/uploads\/2026\/01\/Luckycapone-banner.webp\" class=\"w-100 d-none d-lg-block img-pc main-banner-img\" alt=\"banner\" fetchpriority=\"high\" decoding=\"async\"><img src=\"https:\/\/luckycaponecasino.net\/wp-content\/uploads\/2026\/01\/Mobile-banner.webp\" class=\"w-100 d-none d-md-block d-lg-none main-banner-img\" alt=\"Mobile banner\" fetchpriority=\"high\" decoding=\"async\"><img src=\"https:\/\/luckycaponecasino.net\/wp-content\/uploads\/2026\/01\/Mobile-banner.webp\" class=\"w-100 d-md-none\" alt=\"Mobile banner\" fetchpriority=\"high\" decoding=\"async\"><div class=\"banner-description\">\n<div class=\"banner-title\">Bonus de bienvenue<\/div>\n<p class=\"banner-header-title\">1000 \u20ac<\/p>\n<div class=\"banner-header-AdditionalText\">+ 100 Tours gratuits<\/div>\n<button data-item=\"homepage_banner_link\" class=\"goto m-button m-gradient-border m-button--primary m-button--large banner-button btn-orange\">\n            <div class=\"m-button-content\">\n                <span>Inscrivez-vous d\u00e8s maintenant<\/span>\n                <span><\/span>\n            <\/div>\n        <\/button>\n<\/div>\n<div class=\"WelcomePack\">\n<p><img loading=\"lazy\" decoding=\"async\" class=\"alignnone size-full wp-image-1442\" src=\"https:\/\/spin-winera.org\/wp-content\/uploads\/2025\/12\/welcome-crown.svg\" alt=\"crown\" width=\"25\" height=\"26\" \/><\/p>\n<div class=\"WelcomePack-Info\">Cashback hebdomadaire jusqu&rsquo;\u00e0 25 %<\/div>\n<p><img loading=\"lazy\" decoding=\"async\" class=\"alignnone size-full wp-image-1527\" src=\"https:\/\/luckycaponecasino.net\/wp-content\/uploads\/2026\/01\/welcome-crown-1.svg\" alt=\"welcome crown\" width=\"25\" height=\"26\" \/><img loading=\"lazy\" decoding=\"async\" class=\"alignnone size-full wp-image-1527\" src=\"https:\/\/luckycaponecasino.net\/wp-content\/uploads\/2026\/01\/welcome-crown-1.svg\" alt=\"welcome crown\" width=\"25\" height=\"26\" \/><\/p>\n<\/div>\n<\/div><div class=\"scrollable-content-wrap my-5\"><div class=\"scrollable-content-inner\"><h2>Proc\u00e9dure d&rsquo;inscription \u00e0 LuckyCapone<\/h2>\n<p>S&rsquo;inscrire sur LuckyCapone Casino, c&rsquo;est b\u00e9n\u00e9ficier d&rsquo;un choix complet de fonctionnalit\u00e9s pour am\u00e9liorer le processus de jeu. Lors de la cr\u00e9ation d&rsquo;un compte, tous les nouveaux joueurs ont \u00e9galement acc\u00e8s \u00e0 notre immense biblioth\u00e8que de plus de 6 000 machines \u00e0 sous, collections de livres, Drops and Wins et jeux de cartes. La connexion \u00e0 LuckyCapone donne \u00e9galement acc\u00e8s \u00e0 des bonus exclusifs, des tournois promotionnels et un programme de fid\u00e9lit\u00e9 (VIP) qui r\u00e9compense les joueurs r\u00e9guliers.<\/p>\n<p>L&rsquo;inscription est rapide et facile. Pour s&rsquo;inscrire, les joueurs doivent fournir des donn\u00e9es personnelles importantes, telles qu&rsquo;une adresse e-mail et un mot de passe fort et s\u00e9curis\u00e9 qu&rsquo;ils cr\u00e9ent eux-m\u00eames (ou g\u00e9n\u00e8rent \u00e0 partir d&rsquo;une source fiable). Plus tard, dans le tableau de bord du casino LuckyCapone, vous pouvez ajouter votre nom et d&rsquo;autres informations personnelles.<\/p>\n<p>Les informations que vous nous fournissez garantissent le respect des r\u00e9glementations l\u00e9gales. Nos normes en mati\u00e8re de jeu responsable nous imposent de n&rsquo;accepter que les joueurs \u00e2g\u00e9s de 18 ans ou plus. Les mineurs ne sont pas accept\u00e9s. De plus, les joueurs peuvent utiliser leur inscription pour cr\u00e9er leurs propres limites de jeu et favoriser un jeu responsable, ce qui encourage un environnement s\u00fbr et r\u00e9glement\u00e9.<\/p>\n<h3>Modification des donn\u00e9es personnelles sur LuckyCapone Casino<\/h3>\n<p>Les joueurs peuvent \u00e0 tout moment mettre \u00e0 jour leurs informations personnelles dans le tableau de bord de leur compte. Certaines de ces modifications peuvent concerner les coordonn\u00e9es, les informations bancaires ou les param\u00e8tres de s\u00e9curit\u00e9. Il est \u00e9galement essentiel de conserver des donn\u00e9es correctes afin que le processus de v\u00e9rification du compte fonctionne correctement. La mise \u00e0 jour des documents est \u00e9galement importante, tout comme le processus de retrait et la communication. Notre site utilise un niveau de s\u00e9curit\u00e9 \u00e9lev\u00e9 pour prot\u00e9ger la confidentialit\u00e9 et l&rsquo;int\u00e9grit\u00e9 des donn\u00e9es de toutes les informations personnelles lors des mises \u00e0 jour.<\/p>\n<h2>\u00c9tapes de connexion \u00e0 LuckyCapone<\/h2>\n<p>La connexion \u00e0 votre compte LuckyCapone est tr\u00e8s simple :<\/p>\n<ol>\n<li>Recherchez la zone de connexion sur le c\u00f4t\u00e9 droit de la page d&rsquo;accueil, en haut de notre casino Lucky Capone.<\/li>\n<li>Saisissez votre adresse e-mail et votre mot de passe enregistr\u00e9s.<\/li>\n<li>Pour y acc\u00e9der, appuyez sur le bouton \u00ab Connexion \u00bb et vous serez redirig\u00e9 vers votre compte LuckyCapone Casino !<\/li>\n<\/ol>\n<p>Une fois connect\u00e9s, les joueurs peuvent effectuer diverses op\u00e9rations qu&rsquo;ils appr\u00e9cient habituellement : d\u00e9poser et retirer leurs gains, \u00e9changer leurs bonus, consulter l&rsquo;historique de leur compte et modifier les param\u00e8tres de leur compte. L&rsquo;interface est simple et nous disposons \u00e9galement d&rsquo;un tableau de bord convivial qui facilite la gestion d&rsquo;un compte.<\/p>\n<p>De plus, Luckycapone propose une authentification \u00e0 deux facteurs en option. Elle renforce la s\u00e9curit\u00e9 des comptes. Cette fonctionnalit\u00e9 est tr\u00e8s pratique et s\u00e9curis\u00e9e : vous n&rsquo;aurez plus \u00e0 vous soucier de votre s\u00e9curit\u00e9. Nous sommes toujours ravis de fournir une protection suppl\u00e9mentaire. Les utilisateurs peuvent acc\u00e9der \u00e0 leurs journaux d&rsquo;activit\u00e9, d\u00e9poser et retirer de l&rsquo;argent, et mettre \u00e0 jour leurs informations personnelles\/de paiement sur la page de leur compte.<\/p>\n<h3>Probl\u00e8mes de connexion et d\u00e9pannage<\/h3>\n<p>Lorsque les joueurs rencontrent des probl\u00e8mes lors de la connexion \u00e0 LuckyCapone, qu&rsquo;il s&rsquo;agisse d&rsquo;un gel de la page, de banni\u00e8res d&rsquo;erreur ou de messages d&rsquo;erreur lorsqu&rsquo;ils oublient leur mot de passe ou que leur compte est bloqu\u00e9, nous pouvons les aider et tout r\u00e9gler imm\u00e9diatement !<\/p>\n<p>Les raisons peuvent \u00eatre nombreuses :<\/p>\n<ul>\n<li>nombreuses tentatives infructueuses de connexion \u00e0 LuckyCapone ;<\/li>\n<li>si vous \u00eates toujours en cours de v\u00e9rification ;<\/li>\n<li>\u00a0restrictions de s\u00e9curit\u00e9.<\/li>\n<\/ul>\n<p>Nous recommandons aux joueurs de contacter notre \u00e9quipe d&rsquo;assistance multilingue par e-mail ou par chat en direct pour r\u00e9soudre ces probl\u00e8mes. La v\u00e9rification d&rsquo;identit\u00e9 peut \u00eatre une condition pr\u00e9alable pour pouvoir acc\u00e9der \u00e0 nouveau au site. Cela vous garantit la s\u00e9curit\u00e9 de votre compte et le respect des exigences r\u00e9glementaires.<\/p>\n<h2>Acc\u00e8s au compte<\/h2>\n<p>L&rsquo;acc\u00e8s aux comptes est important pour pouvoir utiliser toutes les options propos\u00e9es par LuckyCapone Casino. Tous les joueurs doivent suivre ces recommandations :<\/p>\n<table>\n<tbody>\n<tr>\n<td>Conseil de s\u00e9curit\u00e9<\/td>\n<td>Description<\/td>\n<\/tr>\n<tr>\n<td>Activez l&rsquo;authentification \u00e0 deux facteurs<\/td>\n<td>La 2FA ajoute un niveau de s\u00e9curit\u00e9 suppl\u00e9mentaire \u00e0 votre compte.<\/td>\n<\/tr>\n<tr>\n<td>Utilisez des mots de passe efficaces et uniques pour vos comptes<\/td>\n<td>Utilisez des mots de passe forts et uniques, difficiles \u00e0 deviner.<\/td>\n<\/tr>\n<tr>\n<td>Ne partagez pas vos informations de connexion avec d&rsquo;autres personnes<\/td>\n<td>Gardez vos informations de connexion confidentielles afin d&#8217;emp\u00eacher tout acc\u00e8s non autoris\u00e9.<\/td>\n<\/tr>\n<tr>\n<td>V\u00e9rifiez r\u00e9guli\u00e8rement les op\u00e9rations de votre compte afin de d\u00e9tecter toute transaction inconnue<\/td>\n<td>V\u00e9rifiez r\u00e9guli\u00e8rement l&rsquo;activit\u00e9 de votre compte afin de d\u00e9tecter toute activit\u00e9 suspecte ou non autoris\u00e9e.<\/td>\n<\/tr>\n<tr>\n<td>Passez la proc\u00e9dure de v\u00e9rification du casino LuckyCapone.<\/td>\n<td>Essentielle pour v\u00e9rifier l&rsquo;identit\u00e9, l&rsquo;\u00e2ge et pr\u00e9venir la fraude.<\/td>\n<\/tr>\n<\/tbody>\n<\/table>\n<p>Les joueurs peuvent \u00e9galement contacter le service d&rsquo;assistance pour r\u00e9soudre imm\u00e9diatement la situation en cas de blocage temporaire de leur compte. En g\u00e9n\u00e9ral, cela est d\u00fb \u00e0 une activit\u00e9 suspecte, il est donc pr\u00e9f\u00e9rable de nous envoyer des documents et de vous faire v\u00e9rifier. La v\u00e9rification est consid\u00e9r\u00e9e comme faisant partie de la s\u00e9curit\u00e9 du compte. Il vous suffit de fournir des documents officiels, notamment des pi\u00e8ces d&rsquo;identit\u00e9 d\u00e9livr\u00e9es par le gouvernement, des factures de services publics ou des relev\u00e9s bancaires, pendant le processus de v\u00e9rification.<\/p>\n<h2>FAQ<\/h2>\n<h3>Puis-je me connecter \u00e0 partir de plusieurs appareils ?<\/h3>\n<p>La plateforme LuckyCapone Casino est multi-appareils, ce qui signifie que les joueurs peuvent se connecter sur un ordinateur de bureau, une tablette ou un smartphone sans craindre l&rsquo;ins\u00e9curit\u00e9 d&rsquo;Internet. La synchronisation permet de garder vos informations de jeu et de compte en phase avec vos appareils.<\/p>\n<h3>Comment puis-je prot\u00e9ger mon compte Lucky Capone contre tout acc\u00e8s non autoris\u00e9 ?<\/h3>\n<p>L&rsquo;authentification \u00e0 deux facteurs, la cr\u00e9ation de mots de passe complexes et le fait de ne pas partager vos identifiants de connexion sont les principales mesures \u00e0 prendre. M\u00eame si vous pensez avoir beaucoup d&rsquo;amis, vous ne devez faire confiance \u00e0 personne facilement. Il est conseill\u00e9 de surveiller de pr\u00e8s l&rsquo;activit\u00e9 de votre compte et de modifier occasionnellement vos param\u00e8tres de s\u00e9curit\u00e9 pour b\u00e9n\u00e9ficier d&rsquo;une protection suppl\u00e9mentaire.<\/p>\n<h3>Pourquoi dois-je v\u00e9rifier mon compte avant de me connecter ?<\/h3>\n<p>Il est fortement recommand\u00e9 de passer d&rsquo;abord la v\u00e9rification Lucky Capone, simplement en nous soumettant vos pi\u00e8ces d&rsquo;identit\u00e9 officielles pour v\u00e9rification. L&rsquo;\u00e9quipe d&rsquo;assistance vous r\u00e9pondra dans les deux jours, et vous n&rsquo;aurez plus jamais de probl\u00e8me avec votre compte ou pour vous connecter \u00e0 Lucky Capone.<\/p>\n<\/div><\/div><\/p>\n","protected":false},"excerpt":{"rendered":"<p>Connexion et inscription \u00e0 LuckyCapone LuckyCapone login permet \u00e0 nos joueurs d&rsquo;acc\u00e9der \u00e0 toutes les fonctionnalit\u00e9s de notre casino en un seul clic, de mani\u00e8re simple et rapide. Vous pouvez profiter d&rsquo;une grande vari\u00e9t\u00e9 de jeux, g\u00e9rer efficacement votre compte et participer \u00e0 des offres sp\u00e9ciales. Tous les utilisateurs enregistr\u00e9s disposent d&rsquo;un syst\u00e8me de connexion [&hellip;]<\/p>\n","protected":false},"author":1,"featured_media":0,"parent":0,"menu_order":0,"comment_status":"closed","ping_status":"closed","template":"template-builder.php","meta":{"_acf_changed":false,"inline_featured_image":false,"footnotes":""},"class_list":["post-1485","page","type-page","status-publish","hentry"],"acf":[],"yoast_head":"<!-- This site is optimized with the Yoast SEO plugin v27.3 - https:\/\/yoast.com\/product\/yoast-seo-wordpress\/ -->\n<title>LuckyCapone Login \u2013 Connexion S\u00e9curis\u00e9e \u00e0 Votre Compte Casino<\/title>\n<meta name=\"description\" content=\"LuckyCapone Login \u2013 connectez-vous en toute s\u00e9curit\u00e9 ou cr\u00e9ez un compte avec acc\u00e8s chiffr\u00e9. G\u00e9rez v\u00e9rification, r\u00e9cup\u00e9ration du mot de passe et param\u00e8tres sur Lucky Capone.\" \/>\n<meta name=\"robots\" content=\"index, follow, max-snippet:-1, max-image-preview:large, max-video-preview:-1\" \/>\n<link rel=\"canonical\" href=\"https:\/\/luckycaponecasino.net\/fr\/connexion-et-inscription\/\" \/>\n<meta property=\"og:locale\" content=\"fr_FR\" \/>\n<meta property=\"og:type\" content=\"article\" \/>\n<meta property=\"og:title\" content=\"LuckyCapone Login \u2013 Connexion S\u00e9curis\u00e9e \u00e0 Votre Compte Casino\" \/>\n<meta property=\"og:description\" content=\"LuckyCapone Login \u2013 connectez-vous en toute s\u00e9curit\u00e9 ou cr\u00e9ez un compte avec acc\u00e8s chiffr\u00e9. G\u00e9rez v\u00e9rification, r\u00e9cup\u00e9ration du mot de passe et param\u00e8tres sur Lucky Capone.\" \/>\n<meta property=\"og:url\" content=\"https:\/\/luckycaponecasino.net\/fr\/connexion-et-inscription\/\" \/>\n<meta property=\"og:site_name\" content=\"luckycapone\" \/>\n<meta property=\"article:modified_time\" content=\"2026-01-26T14:04:21+00:00\" \/>\n<meta name=\"twitter:card\" content=\"summary_large_image\" \/>\n<meta name=\"twitter:label1\" content=\"Dur\u00e9e de lecture estim\u00e9e\" \/>\n\t<meta name=\"twitter:data1\" content=\"1 minute\" \/>\n<script type=\"application\/ld+json\" class=\"yoast-schema-graph\">{\"@context\":\"https:\\\/\\\/schema.org\",\"@graph\":[{\"@type\":\"WebPage\",\"@id\":\"https:\\\/\\\/luckycaponecasino.net\\\/fr\\\/connexion-et-inscription\\\/\",\"url\":\"https:\\\/\\\/luckycaponecasino.net\\\/fr\\\/connexion-et-inscription\\\/\",\"name\":\"LuckyCapone Login \u2013 Connexion S\u00e9curis\u00e9e \u00e0 Votre Compte Casino\",\"isPartOf\":{\"@id\":\"https:\\\/\\\/luckycaponecasino.net\\\/fr\\\/#website\"},\"datePublished\":\"2026-01-25T13:05:59+00:00\",\"dateModified\":\"2026-01-26T14:04:21+00:00\",\"description\":\"LuckyCapone Login \u2013 connectez-vous en toute s\u00e9curit\u00e9 ou cr\u00e9ez un compte avec acc\u00e8s chiffr\u00e9. G\u00e9rez v\u00e9rification, r\u00e9cup\u00e9ration du mot de passe et param\u00e8tres sur Lucky Capone.\",\"breadcrumb\":{\"@id\":\"https:\\\/\\\/luckycaponecasino.net\\\/fr\\\/connexion-et-inscription\\\/#breadcrumb\"},\"inLanguage\":\"fr-FR\",\"potentialAction\":[{\"@type\":\"ReadAction\",\"target\":[\"https:\\\/\\\/luckycaponecasino.net\\\/fr\\\/connexion-et-inscription\\\/\"]}]},{\"@type\":\"BreadcrumbList\",\"@id\":\"https:\\\/\\\/luckycaponecasino.net\\\/fr\\\/connexion-et-inscription\\\/#breadcrumb\",\"itemListElement\":[{\"@type\":\"ListItem\",\"position\":1,\"name\":\"Luckycapone\",\"item\":\"https:\\\/\\\/luckycaponecasino.net\\\/fr\\\/\"},{\"@type\":\"ListItem\",\"position\":2,\"name\":\"Connexion et inscription\"}]},{\"@type\":\"WebSite\",\"@id\":\"https:\\\/\\\/luckycaponecasino.net\\\/fr\\\/#website\",\"url\":\"https:\\\/\\\/luckycaponecasino.net\\\/fr\\\/\",\"name\":\"Luckycapone\",\"description\":\"\",\"publisher\":{\"@id\":\"https:\\\/\\\/luckycaponecasino.net\\\/fr\\\/#organization\"},\"potentialAction\":[{\"@type\":\"SearchAction\",\"target\":{\"@type\":\"EntryPoint\",\"urlTemplate\":\"https:\\\/\\\/luckycaponecasino.net\\\/fr\\\/?s={search_term_string}\"},\"query-input\":{\"@type\":\"PropertyValueSpecification\",\"valueRequired\":true,\"valueName\":\"search_term_string\"}}],\"inLanguage\":\"fr-FR\"},{\"@type\":\"Organization\",\"@id\":\"https:\\\/\\\/luckycaponecasino.net\\\/fr\\\/#organization\",\"name\":\"Luckycapone\",\"url\":\"https:\\\/\\\/luckycaponecasino.net\\\/fr\\\/\",\"logo\":{\"@type\":\"ImageObject\",\"inLanguage\":\"fr-FR\",\"@id\":\"https:\\\/\\\/luckycaponecasino.net\\\/fr\\\/#\\\/schema\\\/logo\\\/image\\\/\",\"url\":\"https:\\\/\\\/luckycaponecasino.net\\\/wp-content\\\/uploads\\\/2026\\\/01\\\/logo-luckycapone.svg\",\"contentUrl\":\"https:\\\/\\\/luckycaponecasino.net\\\/wp-content\\\/uploads\\\/2026\\\/01\\\/logo-luckycapone.svg\",\"width\":70,\"height\":24,\"caption\":\"Luckycapone\"},\"image\":{\"@id\":\"https:\\\/\\\/luckycaponecasino.net\\\/fr\\\/#\\\/schema\\\/logo\\\/image\\\/\"}}]}<\/script>\n<!-- \/ Yoast SEO plugin. -->","yoast_head_json":{"title":"LuckyCapone Login \u2013 Connexion S\u00e9curis\u00e9e \u00e0 Votre Compte Casino","description":"LuckyCapone Login \u2013 connectez-vous en toute s\u00e9curit\u00e9 ou cr\u00e9ez un compte avec acc\u00e8s chiffr\u00e9. G\u00e9rez v\u00e9rification, r\u00e9cup\u00e9ration du mot de passe et param\u00e8tres sur Lucky Capone.","robots":{"index":"index","follow":"follow","max-snippet":"max-snippet:-1","max-image-preview":"max-image-preview:large","max-video-preview":"max-video-preview:-1"},"canonical":"https:\/\/luckycaponecasino.net\/fr\/connexion-et-inscription\/","og_locale":"fr_FR","og_type":"article","og_title":"LuckyCapone Login \u2013 Connexion S\u00e9curis\u00e9e \u00e0 Votre Compte Casino","og_description":"LuckyCapone Login \u2013 connectez-vous en toute s\u00e9curit\u00e9 ou cr\u00e9ez un compte avec acc\u00e8s chiffr\u00e9. G\u00e9rez v\u00e9rification, r\u00e9cup\u00e9ration du mot de passe et param\u00e8tres sur Lucky Capone.","og_url":"https:\/\/luckycaponecasino.net\/fr\/connexion-et-inscription\/","og_site_name":"luckycapone","article_modified_time":"2026-01-26T14:04:21+00:00","twitter_card":"summary_large_image","twitter_misc":{"Dur\u00e9e de lecture estim\u00e9e":"1 minute"},"schema":{"@context":"https:\/\/schema.org","@graph":[{"@type":"WebPage","@id":"https:\/\/luckycaponecasino.net\/fr\/connexion-et-inscription\/","url":"https:\/\/luckycaponecasino.net\/fr\/connexion-et-inscription\/","name":"LuckyCapone Login \u2013 Connexion S\u00e9curis\u00e9e \u00e0 Votre Compte Casino","isPartOf":{"@id":"https:\/\/luckycaponecasino.net\/fr\/#website"},"datePublished":"2026-01-25T13:05:59+00:00","dateModified":"2026-01-26T14:04:21+00:00","description":"LuckyCapone Login \u2013 connectez-vous en toute s\u00e9curit\u00e9 ou cr\u00e9ez un compte avec acc\u00e8s chiffr\u00e9. G\u00e9rez v\u00e9rification, r\u00e9cup\u00e9ration du mot de passe et param\u00e8tres sur Lucky Capone.","breadcrumb":{"@id":"https:\/\/luckycaponecasino.net\/fr\/connexion-et-inscription\/#breadcrumb"},"inLanguage":"fr-FR","potentialAction":[{"@type":"ReadAction","target":["https:\/\/luckycaponecasino.net\/fr\/connexion-et-inscription\/"]}]},{"@type":"BreadcrumbList","@id":"https:\/\/luckycaponecasino.net\/fr\/connexion-et-inscription\/#breadcrumb","itemListElement":[{"@type":"ListItem","position":1,"name":"Luckycapone","item":"https:\/\/luckycaponecasino.net\/fr\/"},{"@type":"ListItem","position":2,"name":"Connexion et inscription"}]},{"@type":"WebSite","@id":"https:\/\/luckycaponecasino.net\/fr\/#website","url":"https:\/\/luckycaponecasino.net\/fr\/","name":"Luckycapone","description":"","publisher":{"@id":"https:\/\/luckycaponecasino.net\/fr\/#organization"},"potentialAction":[{"@type":"SearchAction","target":{"@type":"EntryPoint","urlTemplate":"https:\/\/luckycaponecasino.net\/fr\/?s={search_term_string}"},"query-input":{"@type":"PropertyValueSpecification","valueRequired":true,"valueName":"search_term_string"}}],"inLanguage":"fr-FR"},{"@type":"Organization","@id":"https:\/\/luckycaponecasino.net\/fr\/#organization","name":"Luckycapone","url":"https:\/\/luckycaponecasino.net\/fr\/","logo":{"@type":"ImageObject","inLanguage":"fr-FR","@id":"https:\/\/luckycaponecasino.net\/fr\/#\/schema\/logo\/image\/","url":"https:\/\/luckycaponecasino.net\/wp-content\/uploads\/2026\/01\/logo-luckycapone.svg","contentUrl":"https:\/\/luckycaponecasino.net\/wp-content\/uploads\/2026\/01\/logo-luckycapone.svg","width":70,"height":24,"caption":"Luckycapone"},"image":{"@id":"https:\/\/luckycaponecasino.net\/fr\/#\/schema\/logo\/image\/"}}]}},"_links":{"self":[{"href":"https:\/\/luckycaponecasino.net\/fr\/wp-json\/wp\/v2\/pages\/1485","targetHints":{"allow":["GET"]}}],"collection":[{"href":"https:\/\/luckycaponecasino.net\/fr\/wp-json\/wp\/v2\/pages"}],"about":[{"href":"https:\/\/luckycaponecasino.net\/fr\/wp-json\/wp\/v2\/types\/page"}],"author":[{"embeddable":true,"href":"https:\/\/luckycaponecasino.net\/fr\/wp-json\/wp\/v2\/users\/1"}],"replies":[{"embeddable":true,"href":"https:\/\/luckycaponecasino.net\/fr\/wp-json\/wp\/v2\/comments?post=1485"}],"version-history":[{"count":3,"href":"https:\/\/luckycaponecasino.net\/fr\/wp-json\/wp\/v2\/pages\/1485\/revisions"}],"predecessor-version":[{"id":1838,"href":"https:\/\/luckycaponecasino.net\/fr\/wp-json\/wp\/v2\/pages\/1485\/revisions\/1838"}],"wp:attachment":[{"href":"https:\/\/luckycaponecasino.net\/fr\/wp-json\/wp\/v2\/media?parent=1485"}],"curies":[{"name":"wp","href":"https:\/\/api.w.org\/{rel}","templated":true}]}}