{"id":1448,"date":"2026-01-25T12:34:31","date_gmt":"2026-01-25T12:34:31","guid":{"rendered":"https:\/\/luckycaponecasino.net\/app\/"},"modified":"2026-01-26T12:44:39","modified_gmt":"2026-01-26T12:44:39","slug":"applicazione","status":"publish","type":"page","link":"https:\/\/luckycaponecasino.net\/it\/applicazione\/","title":{"rendered":"Applicazione"},"content":{"rendered":"<h1>Applicazione LuckyCapone<\/h1>\n<p>LuckyCapone app sta ridefinendo l&#8217;intrattenimento dei casin\u00f2 mobili grazie all&#8217;accesso ininterrotto a un&#8217;ampia variet\u00e0 di slot online, giochi da tavolo ed esperienze con croupier dal vivo ovunque ti trovi. Abbiamo conquistato la fiducia dei giocatori italiani con un ambiente di gioco sicuro, veloce e comodo su qualsiasi dispositivo e garantiamo sessioni di gioco ottimizzate.<\/p>\n<p>Il supporto tramite chat live e un semplice processo di verifica contribuiscono a creare un&#8217;atmosfera generale che rende LuckyCapone Casino il luogo pi\u00f9 popolare tra tutti coloro che desiderano godersi un gioco della migliore qualit\u00e0 su qualsiasi dispositivo.<\/p>\n<p><div class=\"banner-wrap\" aria-label=\"Banner\"><img src=\"https:\/\/luckycaponecasino.net\/wp-content\/uploads\/2026\/01\/Luckycapone-banner.webp\" class=\"w-100 d-none d-lg-block img-pc main-banner-img\" alt=\"banner\" fetchpriority=\"high\" decoding=\"async\"><img src=\"https:\/\/luckycaponecasino.net\/wp-content\/uploads\/2026\/01\/Mobile-banner.webp\" class=\"w-100 d-none d-md-block d-lg-none main-banner-img\" alt=\"Mobile banner\" fetchpriority=\"high\" decoding=\"async\"><img src=\"https:\/\/luckycaponecasino.net\/wp-content\/uploads\/2026\/01\/Mobile-banner.webp\" class=\"w-100 d-md-none\" alt=\"Mobile banner\" fetchpriority=\"high\" decoding=\"async\"><div class=\"banner-description\">\n<div class=\"banner-title\">Bonus di benvenuto<\/div>\n<p class=\"banner-header-title\">1500 \u20ac<\/p>\n<div class=\"banner-header-AdditionalText\">+ 250 Giri gratuiti<\/div>\n<button data-item=\"homepage_banner_link\" class=\"goto m-button m-gradient-border m-button--primary m-button--large banner-button btn-orange\">\n            <div class=\"m-button-content\">\n                <span>Iscriviti ora<\/span>\n                <span><\/span>\n            <\/div>\n        <\/button>\n<\/div>\n<div class=\"WelcomePack\">\n<p><img loading=\"lazy\" decoding=\"async\" class=\"alignnone size-full wp-image-1530\" src=\"https:\/\/luckycaponecasino.net\/wp-content\/uploads\/2026\/01\/welcome-crown-1.svg\" alt=\"welcome crown\" width=\"25\" height=\"26\" \/><\/p>\n<div class=\"WelcomePack-Info\">Cashback settimanale fino al 25%<\/div>\n<p><img loading=\"lazy\" decoding=\"async\" class=\"alignnone size-full wp-image-1530\" src=\"https:\/\/luckycaponecasino.net\/wp-content\/uploads\/2026\/01\/welcome-crown-1.svg\" alt=\"welcome crown\" width=\"25\" height=\"26\" \/><\/p>\n<\/div>\n<\/div><div class=\"scrollable-content-wrap my-5\"><div class=\"scrollable-content-inner\"><h2>App LuckyCapone per iOS<\/h2>\n<p>Gli utenti iOS possono accedere a Lucky Capone Casino tramite il browser Safari. Il sito \u00e8 ottimizzato al massimo per i dispositivi iOS. L&#8217;esperienza di gioco \u00e8 molto fluida. \u00c8 possibile adattare l&#8217;app LuckyCapone a schermi di varie dimensioni. L&#8217;app LuckyCapone pu\u00f2 essere installata su iOS in modo molto semplice:<\/p>\n<ol>\n<li>Per aggiungere un collegamento, utilizzare il simbolo di un quadrato con una freccia rivolta verso l&#8217;alto.<\/li>\n<li>Salva il collegamento sulla schermata iniziale (clicca su &#8220;Aggiungi alla schermata iniziale&#8221;).<\/li>\n<li>Assicurati che si tratti del nostro sito ufficiale e che l&#8217;URL sia corretto, quindi clicca su &#8220;Aggiungi&#8221;.<\/li>\n<\/ol>\n<p>Fatto! Ora hai il collegamento a LuckyCapone Casino direttamente sul tuo schermo. Non \u00e8 necessario ricorrere all&#8217;App Store di Apple, che rispetta le politiche iOS relative alle applicazioni di gioco d&#8217;azzardo online.<\/p>\n<p>La versione iOS ha tutte le caratteristiche essenziali, come giocare, gestire gli account e la chat dal vivo, rendendola simile alla nostra versione desktop Lucky Capone in termini di funzionalit\u00e0. Il design dell&#8217;app \u00e8 attento alla sicurezza e facile da usare, con l&#8217;enfasi posta sul fornire un&#8217;esperienza di gioco stabile su iPhone e iPad.<\/p>\n<p><img loading=\"lazy\" decoding=\"async\" class=\"alignnone wp-image-1336 size-full\" src=\"https:\/\/luckycaponecasino.net\/wp-content\/uploads\/2026\/01\/Luckycapone-iOS.webp\" alt=\"Luckycapone iOS\" width=\"1248\" height=\"536\" srcset=\"https:\/\/luckycaponecasino.net\/wp-content\/uploads\/2026\/01\/Luckycapone-iOS.webp 1248w, https:\/\/luckycaponecasino.net\/wp-content\/uploads\/2026\/01\/Luckycapone-iOS-300x129.webp 300w, https:\/\/luckycaponecasino.net\/wp-content\/uploads\/2026\/01\/Luckycapone-iOS-1024x440.webp 1024w, https:\/\/luckycaponecasino.net\/wp-content\/uploads\/2026\/01\/Luckycapone-iOS-768x330.webp 768w\" sizes=\"auto, (max-width: 1248px) 100vw, 1248px\" \/><\/p>\n<\/div><\/div><div style=\"clear: both\"><\/div><div class=\"d-flex justify-content-center\"><button data-item=\"decouvrez_link\" data-group=\"website_links\" class=\"goto fw-bold rounded-pill btn btn-orange\" aria-label=\"Scarica l&#039;app Luckycapone\" >Scarica l&#039;app Luckycapone<\/button><\/div><\/p>\n<h2>Caratteristiche dell&#8217;app LuckyCapone<\/h2>\n<p>L&#8217;app LuckyCapone offre funzionalit\u00e0 che rendono il gioco pi\u00f9 comodo e divertente. Il suo design intuitivo facilita la navigazione, consentendoti di individuare i giochi che ti piacciono, passare a sezioni diverse, scorrere il nostro sito ed effettuare depositi per le tue scommesse. L&#8217;architettura ad alte prestazioni dell&#8217;app garantisce un caricamento rapido, una bassa latenza e un gioco senza interruzioni: avrai la stessa esperienza che avresti su un browser, davvero!<\/p>\n<p>I dati degli utenti sono protetti da sistemi di sicurezza avanzati (TLS 1.3) e le strutture di supporto integrate, come la chat dal vivo, garantiscono assistenza immediata agli utenti. Inoltre, l&#8217;app \u00e8 compatibile con vari dispositivi, quindi i giocatori avranno la stessa esperienza su smartphone, tablet e persino desktop.<\/p>\n<p><div class=\"scrollable-content-wrap my-5\"><div class=\"scrollable-content-inner\"><h2>App LuckyCapone per sistema operativo Android<\/h2>\n<p>Se parliamo specificamente di Android, per questo sistema abbiamo un&#8217;applicazione web progressiva (PWA) che non richiede download. Si tratta di un&#8217;app basata su browser mobile. Fornisce un&#8217;integrazione di gioco leggera, sicura e reattiva. \u00c8 possibile accedere alla versione Android di Lucky Capone Casino semplicemente scorrendo la pagina fino al pulsante &#8220;Casino App&#8221; e cliccando per generare un collegamento sulla schermata iniziale. Facile! Si tratta di un&#8217;app nativa che consente quindi l&#8217;accesso diretto a tutte le funzionalit\u00e0.<\/p>\n<h3>Autorizzazioni di sicurezza<\/h3>\n<p>L&#8217;applicazione Android LuckyCapone Casino contiene le autorizzazioni minime necessarie per funzionare in modo ottimale. E anche questa piccola limitazione \u00e8 principalmente associata alla necessit\u00e0 di rendere sicure le transazioni e consentire aggiornamenti in tempo reale. Non comporta la raccolta di dati personali invasivi. Manteniamo la privacy e la sicurezza degli utenti in ogni momento.<\/p>\n<p><img loading=\"lazy\" decoding=\"async\" class=\"alignnone wp-image-1339 size-full\" src=\"https:\/\/luckycaponecasino.net\/wp-content\/uploads\/2026\/01\/Luckycapone-Android.webp\" alt=\"Luckycapone Android\" width=\"1248\" height=\"536\" srcset=\"https:\/\/luckycaponecasino.net\/wp-content\/uploads\/2026\/01\/Luckycapone-Android.webp 1248w, https:\/\/luckycaponecasino.net\/wp-content\/uploads\/2026\/01\/Luckycapone-Android-300x129.webp 300w, https:\/\/luckycaponecasino.net\/wp-content\/uploads\/2026\/01\/Luckycapone-Android-1024x440.webp 1024w, https:\/\/luckycaponecasino.net\/wp-content\/uploads\/2026\/01\/Luckycapone-Android-768x330.webp 768w\" sizes=\"auto, (max-width: 1248px) 100vw, 1248px\" \/><\/p>\n<\/div><\/div><div style=\"clear: both\"><\/div><div class=\"d-flex justify-content-center\"><button data-item=\"decouvrez_link\" data-group=\"website_links\" class=\"goto fw-bold rounded-pill btn btn-orange\" aria-label=\"Scarica l&#039;app Luckycapone\" >Scarica l&#039;app Luckycapone<\/button><\/div><div class=\"scrollable-content-wrap my-5\"><div class=\"scrollable-content-inner\"><h2>Versione desktop di Lucky Capone Casino<\/h2>\n<p>La piattaforma desktop di LuckyCapone Casino \u00e8 una versione completa della nostra piattaforma. Puoi giocare ai nostri giochi Lucky Capone Casino con tutti i browser comuni come Chrome, Edge, Safari e Firefox, e anche con quelli pi\u00f9 attenti alla privacy come DuckDuckGo.<\/p>\n<p>La versione desktop ha un&#8217;interfaccia ampliata, pi\u00f9 adatta ai giocatori che desiderano un&#8217;esperienza pi\u00f9 coinvolgente. Le scorciatoie consentono un facile accesso al sito. Le istruzioni sono facilmente accessibili in modo che il casin\u00f2 possa essere aggiunto al desktop o al dock, a seconda del sistema operativo.<\/p>\n<p>Questa app desktop avr\u00e0 anche tutte le funzionalit\u00e0 dell&#8217;applicazione mobile. La fase di verifica \u00e8 necessaria prima di effettuare un prelievo per garantire un&#8217;elevata integrit\u00e0 e il rispetto dei protocolli di sicurezza. La piattaforma desktop \u00e8 ad alte prestazioni e supporta il gioco su tutti i dispositivi senza compromettere la sicurezza, la velocit\u00e0 e l&#8217;usabilit\u00e0. Vi ricordiamo come aggiungere l&#8217;app LuckyCapone:<\/p>\n<table>\n<tbody>\n<tr>\n<td>Piattaforma<\/td>\n<td>Come creare un collegamento<\/td>\n<\/tr>\n<tr>\n<td>Windows<\/td>\n<td>Apri il browser, apri il sito LuckyCapone Casino e aggiungi un collegamento sul desktop. Non \u00e8 necessario alcun software aggiuntivo.<\/td>\n<\/tr>\n<tr>\n<td>macOS<\/td>\n<td>In Safari o Chrome, sul nostro sito, trova nel menu nella sezione file: &#8220;Aggiungi alla schermata Home&#8221;. Non \u00e8 richiesta alcuna installazione complessa.<\/td>\n<\/tr>\n<\/tbody>\n<\/table>\n<h3>LuckyCapone PWA vs. app nativa (APK \/ app iOS)<\/h3>\n<p>La PWA di LuckyCapone Casino offre molti vantaggi. Si aggiorna automaticamente tramite il browser, il che significa che i giocatori possono utilizzare continuamente le ultime funzionalit\u00e0 ed estensioni di sicurezza senza doverle aggiornare manualmente.<\/p>\n<p>Ci\u00f2 \u00e8 dovuto alla sua natura leggera, che riduce al minimo le esigenze di archiviazione e consente un gioco continuo. L&#8217;APK LuckyCapone non \u00e8 pi\u00f9 rilevante e gli utenti iOS ora hanno la PWA. Offriamo un&#8217;esperienza pi\u00f9 integrata e la PWA LuckyCapone si carica pi\u00f9 rapidamente e pu\u00f2 essere utilizzata offline.<\/p>\n<p><img loading=\"lazy\" decoding=\"async\" class=\"alignnone size-full wp-image-1342\" src=\"https:\/\/luckycaponecasino.net\/wp-content\/uploads\/2026\/01\/Luckycapone-Desktop.webp\" alt=\"Luckycapone Desktop\" width=\"1248\" height=\"536\" srcset=\"https:\/\/luckycaponecasino.net\/wp-content\/uploads\/2026\/01\/Luckycapone-Desktop.webp 1248w, https:\/\/luckycaponecasino.net\/wp-content\/uploads\/2026\/01\/Luckycapone-Desktop-300x129.webp 300w, https:\/\/luckycaponecasino.net\/wp-content\/uploads\/2026\/01\/Luckycapone-Desktop-1024x440.webp 1024w, https:\/\/luckycaponecasino.net\/wp-content\/uploads\/2026\/01\/Luckycapone-Desktop-768x330.webp 768w\" sizes=\"auto, (max-width: 1248px) 100vw, 1248px\" \/><\/p>\n<\/div><\/div><div style=\"clear: both\"><\/div><div class=\"d-flex justify-content-center\"><button data-item=\"decouvrez_link\" data-group=\"website_links\" class=\"goto fw-bold rounded-pill btn btn-orange\" aria-label=\"Scarica l&#039;app Luckycapone\" >Scarica l&#039;app Luckycapone<\/button><\/div><div class=\"scrollable-content-wrap my-5\"><div class=\"scrollable-content-inner\"><h2>Domande frequenti<\/h2>\n<h3>Devo scaricare applicazioni esterne per giocare ai giochi Lucky Capone?<\/h3>\n<p>Non \u00e8 necessario nulla di esterno per giocare ai giochi di Lucky Capone Casino. Abbiamo un&#8217;applicazione web progressiva che non richiede alcun download o installazione. La versione desktop \u00e8 compatibile con qualsiasi browser standard e non richiede alcun software aggiuntivo. Se la spiegazione per l&#8217;installazione non \u00e8 ancora chiara, scrivici e il team di assistenza ti aiuter\u00e0!<\/p>\n<h3>L&#8217;applicazione PWA \u00e8 sicura da usare?<\/h3>\n<p>La PWA di Lucky Capone dispone di misure di sicurezza avanzate che garantiscono la crittografia e la sicurezza dei dati nelle transazioni e nel gameplay. Funziona su HTTPS sicuro con certificati TLS validi. Il design dell&#8217;app si basa sul concetto di privacy e sicurezza dell&#8217;utente, il che la rende una buona opzione per i giochi da casin\u00f2 mobili.<\/p>\n<h3>Tutti i giochi LuckyCapone sono disponibili nell&#8217;app?<\/h3>\n<p>L&#8217;app LuckyCapone ha accesso a tutti i giochi presenti nella libreria del casin\u00f2 mobile. Tutti i tuoi giochi preferiti, slot machine, giochi da tavolo, croupier dal vivo e titoli a vincita immediata sono disponibili l\u00ec. La piattaforma garantisce un&#8217;esperienza di gioco senza interruzioni. L&#8217;app LuckyCapone merita davvero di essere provata.<\/p>\n<\/div><\/div><\/p>\n","protected":false},"excerpt":{"rendered":"<p>Applicazione LuckyCapone LuckyCapone app sta ridefinendo l&#8217;intrattenimento dei casin\u00f2 mobili grazie all&#8217;accesso ininterrotto a un&#8217;ampia variet\u00e0 di slot online, giochi da tavolo ed esperienze con croupier dal vivo ovunque ti trovi. Abbiamo conquistato la fiducia dei giocatori italiani con un ambiente di gioco sicuro, veloce e comodo su qualsiasi dispositivo e garantiamo sessioni di gioco [&hellip;]<\/p>\n","protected":false},"author":1,"featured_media":0,"parent":0,"menu_order":0,"comment_status":"closed","ping_status":"closed","template":"template-builder.php","meta":{"_acf_changed":false,"inline_featured_image":false,"footnotes":""},"class_list":["post-1448","page","type-page","status-publish","hentry"],"acf":[],"yoast_head":"<!-- This site is optimized with the Yoast SEO plugin v27.3 - https:\/\/yoast.com\/product\/yoast-seo-wordpress\/ -->\n<title>LuckyCapone App per Mobile | Download \u2013 iOS, Android<\/title>\n<meta name=\"description\" content=\"LuckyCapone App \u2013 scarica l\u2019app su iOS e Android per giocare al casin\u00f2 ovunque. Accedi a slot, tavoli, jackpot e live dealer con sincronizzazione completa su Lucky Capone.\" \/>\n<meta name=\"robots\" content=\"index, follow, max-snippet:-1, max-image-preview:large, max-video-preview:-1\" \/>\n<link rel=\"canonical\" href=\"https:\/\/luckycaponecasino.net\/it\/applicazione\/\" \/>\n<meta property=\"og:locale\" content=\"it_IT\" \/>\n<meta property=\"og:type\" content=\"article\" \/>\n<meta property=\"og:title\" content=\"LuckyCapone App per Mobile | Download \u2013 iOS, Android\" \/>\n<meta property=\"og:description\" content=\"LuckyCapone App \u2013 scarica l\u2019app su iOS e Android per giocare al casin\u00f2 ovunque. Accedi a slot, tavoli, jackpot e live dealer con sincronizzazione completa su Lucky Capone.\" \/>\n<meta property=\"og:url\" content=\"https:\/\/luckycaponecasino.net\/it\/applicazione\/\" \/>\n<meta property=\"og:site_name\" content=\"luckycapone\" \/>\n<meta property=\"article:modified_time\" content=\"2026-01-26T12:44:39+00:00\" \/>\n<meta name=\"twitter:card\" content=\"summary_large_image\" \/>\n<meta name=\"twitter:label1\" content=\"Est. reading time\" \/>\n\t<meta name=\"twitter:data1\" content=\"1 minuto\" \/>\n<script type=\"application\/ld+json\" class=\"yoast-schema-graph\">{\"@context\":\"https:\\\/\\\/schema.org\",\"@graph\":[{\"@type\":\"WebPage\",\"@id\":\"https:\\\/\\\/luckycaponecasino.net\\\/it\\\/applicazione\\\/\",\"url\":\"https:\\\/\\\/luckycaponecasino.net\\\/it\\\/applicazione\\\/\",\"name\":\"LuckyCapone App per Mobile | Download \u2013 iOS, Android\",\"isPartOf\":{\"@id\":\"https:\\\/\\\/luckycaponecasino.net\\\/it\\\/#website\"},\"datePublished\":\"2026-01-25T12:34:31+00:00\",\"dateModified\":\"2026-01-26T12:44:39+00:00\",\"description\":\"LuckyCapone App \u2013 scarica l\u2019app su iOS e Android per giocare al casin\u00f2 ovunque. Accedi a slot, tavoli, jackpot e live dealer con sincronizzazione completa su Lucky Capone.\",\"breadcrumb\":{\"@id\":\"https:\\\/\\\/luckycaponecasino.net\\\/it\\\/applicazione\\\/#breadcrumb\"},\"inLanguage\":\"it-IT\",\"potentialAction\":[{\"@type\":\"ReadAction\",\"target\":[\"https:\\\/\\\/luckycaponecasino.net\\\/it\\\/applicazione\\\/\"]}]},{\"@type\":\"BreadcrumbList\",\"@id\":\"https:\\\/\\\/luckycaponecasino.net\\\/it\\\/applicazione\\\/#breadcrumb\",\"itemListElement\":[{\"@type\":\"ListItem\",\"position\":1,\"name\":\"Luckycapone\",\"item\":\"https:\\\/\\\/luckycaponecasino.net\\\/it\\\/\"},{\"@type\":\"ListItem\",\"position\":2,\"name\":\"Applicazione\"}]},{\"@type\":\"WebSite\",\"@id\":\"https:\\\/\\\/luckycaponecasino.net\\\/it\\\/#website\",\"url\":\"https:\\\/\\\/luckycaponecasino.net\\\/it\\\/\",\"name\":\"Luckycapone\",\"description\":\"\",\"publisher\":{\"@id\":\"https:\\\/\\\/luckycaponecasino.net\\\/it\\\/#organization\"},\"potentialAction\":[{\"@type\":\"SearchAction\",\"target\":{\"@type\":\"EntryPoint\",\"urlTemplate\":\"https:\\\/\\\/luckycaponecasino.net\\\/it\\\/?s={search_term_string}\"},\"query-input\":{\"@type\":\"PropertyValueSpecification\",\"valueRequired\":true,\"valueName\":\"search_term_string\"}}],\"inLanguage\":\"it-IT\"},{\"@type\":\"Organization\",\"@id\":\"https:\\\/\\\/luckycaponecasino.net\\\/it\\\/#organization\",\"name\":\"Luckycapone\",\"url\":\"https:\\\/\\\/luckycaponecasino.net\\\/it\\\/\",\"logo\":{\"@type\":\"ImageObject\",\"inLanguage\":\"it-IT\",\"@id\":\"https:\\\/\\\/luckycaponecasino.net\\\/it\\\/#\\\/schema\\\/logo\\\/image\\\/\",\"url\":\"https:\\\/\\\/luckycaponecasino.net\\\/wp-content\\\/uploads\\\/2026\\\/01\\\/logo-luckycapone.svg\",\"contentUrl\":\"https:\\\/\\\/luckycaponecasino.net\\\/wp-content\\\/uploads\\\/2026\\\/01\\\/logo-luckycapone.svg\",\"width\":70,\"height\":24,\"caption\":\"Luckycapone\"},\"image\":{\"@id\":\"https:\\\/\\\/luckycaponecasino.net\\\/it\\\/#\\\/schema\\\/logo\\\/image\\\/\"}}]}<\/script>\n<!-- \/ Yoast SEO plugin. -->","yoast_head_json":{"title":"LuckyCapone App per Mobile | Download \u2013 iOS, Android","description":"LuckyCapone App \u2013 scarica l\u2019app su iOS e Android per giocare al casin\u00f2 ovunque. Accedi a slot, tavoli, jackpot e live dealer con sincronizzazione completa su Lucky Capone.","robots":{"index":"index","follow":"follow","max-snippet":"max-snippet:-1","max-image-preview":"max-image-preview:large","max-video-preview":"max-video-preview:-1"},"canonical":"https:\/\/luckycaponecasino.net\/it\/applicazione\/","og_locale":"it_IT","og_type":"article","og_title":"LuckyCapone App per Mobile | Download \u2013 iOS, Android","og_description":"LuckyCapone App \u2013 scarica l\u2019app su iOS e Android per giocare al casin\u00f2 ovunque. Accedi a slot, tavoli, jackpot e live dealer con sincronizzazione completa su Lucky Capone.","og_url":"https:\/\/luckycaponecasino.net\/it\/applicazione\/","og_site_name":"luckycapone","article_modified_time":"2026-01-26T12:44:39+00:00","twitter_card":"summary_large_image","twitter_misc":{"Est. reading time":"1 minuto"},"schema":{"@context":"https:\/\/schema.org","@graph":[{"@type":"WebPage","@id":"https:\/\/luckycaponecasino.net\/it\/applicazione\/","url":"https:\/\/luckycaponecasino.net\/it\/applicazione\/","name":"LuckyCapone App per Mobile | Download \u2013 iOS, Android","isPartOf":{"@id":"https:\/\/luckycaponecasino.net\/it\/#website"},"datePublished":"2026-01-25T12:34:31+00:00","dateModified":"2026-01-26T12:44:39+00:00","description":"LuckyCapone App \u2013 scarica l\u2019app su iOS e Android per giocare al casin\u00f2 ovunque. Accedi a slot, tavoli, jackpot e live dealer con sincronizzazione completa su Lucky Capone.","breadcrumb":{"@id":"https:\/\/luckycaponecasino.net\/it\/applicazione\/#breadcrumb"},"inLanguage":"it-IT","potentialAction":[{"@type":"ReadAction","target":["https:\/\/luckycaponecasino.net\/it\/applicazione\/"]}]},{"@type":"BreadcrumbList","@id":"https:\/\/luckycaponecasino.net\/it\/applicazione\/#breadcrumb","itemListElement":[{"@type":"ListItem","position":1,"name":"Luckycapone","item":"https:\/\/luckycaponecasino.net\/it\/"},{"@type":"ListItem","position":2,"name":"Applicazione"}]},{"@type":"WebSite","@id":"https:\/\/luckycaponecasino.net\/it\/#website","url":"https:\/\/luckycaponecasino.net\/it\/","name":"Luckycapone","description":"","publisher":{"@id":"https:\/\/luckycaponecasino.net\/it\/#organization"},"potentialAction":[{"@type":"SearchAction","target":{"@type":"EntryPoint","urlTemplate":"https:\/\/luckycaponecasino.net\/it\/?s={search_term_string}"},"query-input":{"@type":"PropertyValueSpecification","valueRequired":true,"valueName":"search_term_string"}}],"inLanguage":"it-IT"},{"@type":"Organization","@id":"https:\/\/luckycaponecasino.net\/it\/#organization","name":"Luckycapone","url":"https:\/\/luckycaponecasino.net\/it\/","logo":{"@type":"ImageObject","inLanguage":"it-IT","@id":"https:\/\/luckycaponecasino.net\/it\/#\/schema\/logo\/image\/","url":"https:\/\/luckycaponecasino.net\/wp-content\/uploads\/2026\/01\/logo-luckycapone.svg","contentUrl":"https:\/\/luckycaponecasino.net\/wp-content\/uploads\/2026\/01\/logo-luckycapone.svg","width":70,"height":24,"caption":"Luckycapone"},"image":{"@id":"https:\/\/luckycaponecasino.net\/it\/#\/schema\/logo\/image\/"}}]}},"_links":{"self":[{"href":"https:\/\/luckycaponecasino.net\/it\/wp-json\/wp\/v2\/pages\/1448","targetHints":{"allow":["GET"]}}],"collection":[{"href":"https:\/\/luckycaponecasino.net\/it\/wp-json\/wp\/v2\/pages"}],"about":[{"href":"https:\/\/luckycaponecasino.net\/it\/wp-json\/wp\/v2\/types\/page"}],"author":[{"embeddable":true,"href":"https:\/\/luckycaponecasino.net\/it\/wp-json\/wp\/v2\/users\/1"}],"replies":[{"embeddable":true,"href":"https:\/\/luckycaponecasino.net\/it\/wp-json\/wp\/v2\/comments?post=1448"}],"version-history":[{"count":2,"href":"https:\/\/luckycaponecasino.net\/it\/wp-json\/wp\/v2\/pages\/1448\/revisions"}],"predecessor-version":[{"id":1743,"href":"https:\/\/luckycaponecasino.net\/it\/wp-json\/wp\/v2\/pages\/1448\/revisions\/1743"}],"wp:attachment":[{"href":"https:\/\/luckycaponecasino.net\/it\/wp-json\/wp\/v2\/media?parent=1448"}],"curies":[{"name":"wp","href":"https:\/\/api.w.org\/{rel}","templated":true}]}}