{"id":1488,"date":"2026-01-25T13:05:59","date_gmt":"2026-01-25T13:05:59","guid":{"rendered":"https:\/\/luckycaponecasino.net\/login-and-registration\/"},"modified":"2026-01-26T13:00:47","modified_gmt":"2026-01-26T13:00:47","slug":"accesso-e-registrazione","status":"publish","type":"page","link":"https:\/\/luckycaponecasino.net\/it\/accesso-e-registrazione\/","title":{"rendered":"Accesso e registrazione"},"content":{"rendered":"<h1>Accesso e registrazione a LuckyCapone<\/h1>\n<p>LuckyCapone login \u00e8 semplicemente un modo per i nostri giocatori italiani di accedere a tutte le funzionalit\u00e0 del nostro casin\u00f2 con un solo clic, in modo facile e veloce. Puoi divertirti con una vasta gamma di giochi, gestire il tuo account in modo efficace e partecipare a offerte speciali. Tutti gli utenti registrati dispongono di un sistema di accesso sicuro e facile da usare che consente loro di vivere un&#8217;esperienza di gioco migliore.<\/p>\n<p><div class=\"banner-wrap\" aria-label=\"Banner\"><img src=\"https:\/\/luckycaponecasino.net\/wp-content\/uploads\/2026\/01\/Luckycapone-banner.webp\" class=\"w-100 d-none d-lg-block img-pc main-banner-img\" alt=\"banner\" fetchpriority=\"high\" decoding=\"async\"><img src=\"https:\/\/luckycaponecasino.net\/wp-content\/uploads\/2026\/01\/Mobile-banner.webp\" class=\"w-100 d-none d-md-block d-lg-none main-banner-img\" alt=\"Mobile banner\" fetchpriority=\"high\" decoding=\"async\"><img src=\"https:\/\/luckycaponecasino.net\/wp-content\/uploads\/2026\/01\/Mobile-banner.webp\" class=\"w-100 d-md-none\" alt=\"Mobile banner\" fetchpriority=\"high\" decoding=\"async\"><div class=\"banner-description\">\n<div class=\"banner-title\">Bonus di benvenuto<\/div>\n<p class=\"banner-header-title\">1500 \u20ac<\/p>\n<div class=\"banner-header-AdditionalText\">+ 250 Giri gratuiti<\/div>\n<button data-item=\"homepage_banner_link\" class=\"goto m-button m-gradient-border m-button--primary m-button--large banner-button btn-orange\">\n            <div class=\"m-button-content\">\n                <span>Iscriviti ora<\/span>\n                <span><\/span>\n            <\/div>\n        <\/button>\n<\/div>\n<div class=\"WelcomePack\">\n<p><img loading=\"lazy\" decoding=\"async\" class=\"alignnone size-full wp-image-1442\" src=\"https:\/\/spin-winera.org\/wp-content\/uploads\/2025\/12\/welcome-crown.svg\" alt=\"crown\" width=\"25\" height=\"26\" \/><\/p>\n<div class=\"WelcomePack-Info\">Cashback settimanale fino al 25%<\/div>\n<p><img loading=\"lazy\" decoding=\"async\" class=\"alignnone size-full wp-image-1442\" src=\"https:\/\/spin-winera.org\/wp-content\/uploads\/2025\/12\/welcome-crown.svg\" alt=\"crown\" width=\"25\" height=\"26\" \/><\/p>\n<\/div>\n<\/div><div class=\"scrollable-content-wrap my-5\"><div class=\"scrollable-content-inner\"><h2>Procedura di registrazione a LuckyCapone<\/h2>\n<p>Iscriversi a LuckyCapone Casino significa avere a disposizione una scelta completa di funzioni per migliorare il processo di gioco. Quando creano un account, tutti i nuovi giocatori hanno anche accesso alla nostra fantastica e gigantesca libreria di oltre 6.000 slot diverse, collezioni di libri, Drops and Wins e giochi di carte. Il login a LuckyCapone d\u00e0 anche accesso a bonus esclusivi, tornei promozionali e al programma fedelt\u00e0 (VIP), che premia il gioco regolare.<\/p>\n<p>La registrazione \u00e8 facile e veloce. Per registrarsi, i giocatori devono fornire dati personali importanti come un indirizzo e-mail e una password forte e sicura che creano loro stessi (o generano da una fonte affidabile). Successivamente, nella dashboard di LuckyCapone Casino, \u00e8 possibile aggiungere il proprio nome e altre informazioni personali.<\/p>\n<p>Le informazioni che ci fornisci garantiscono il rispetto delle normative legali. I nostri standard di gioco responsabile ci impongono di accettare solo giocatori che hanno compiuto 18 anni. Non sono ammessi minori. Inoltre, i giocatori possono utilizzare la registrazione per creare i propri limiti di gioco unici e consentire un gioco responsabile, che incoraggia un ambiente sicuro e regolamentato.<\/p>\n<h3>Modifica dei dati personali su LuckyCapone Casino<\/h3>\n<p>I giocatori possono sempre aggiornare i propri dati personali quando lo desiderano dalla dashboard del proprio account. Alcune di queste modifiche possono riguardare i dati di contatto, i dati bancari o le impostazioni di sicurezza. \u00c8 inoltre essenziale mantenere i dati corretti affinch\u00e9 il processo di verifica dell&#8217;account funzioni correttamente. Anche l&#8217;aggiornamento dei documenti \u00e8 importante, cos\u00ec come il processo di prelievo e la comunicazione. Il nostro sito utilizza un elevato livello di sicurezza per proteggere la privacy e l&#8217;integrit\u00e0 dei dati di tutte le informazioni personali durante gli aggiornamenti.<\/p>\n<h2>Passaggi per l&#8217;accesso a LuckyCapone<\/h2>\n<p>Il processo di accesso al proprio account LuckyCapone \u00e8 semplice:<\/p>\n<ol>\n<li>Trova l&#8217;area di accesso sul lato destro della homepage nella parte superiore del nostro Lucky Capone Casino.<\/li>\n<li>Digita il tuo indirizzo e-mail registrato e la password.<\/li>\n<li>Per accedervi, premi il pulsante &#8220;Accedi&#8221; e sarai nel tuo account LuckyCapone Casino!<\/li>\n<\/ol>\n<p>Dopo aver effettuato l&#8217;accesso, i giocatori potranno fare varie cose che di solito amano fare: depositare e prelevare le vincite, riscattare i bonus, visualizzare la cronologia dell&#8217;account e modificare le impostazioni dell&#8217;account. L&#8217;interfaccia \u00e8 semplice e abbiamo anche un pannello di controllo intuitivo, che rende pi\u00f9 facile la gestione dell&#8217;account.<\/p>\n<p>Inoltre, LuckyCapone offre l&#8217;autenticazione a due fattori opzionale. Ci\u00f2 aumenta la sicurezza degli account. Questa funzione \u00e8 estremamente comoda e sicura: non dovrai preoccuparti affatto della tua sicurezza. Siamo sempre lieti di fornire una protezione aggiuntiva. Gli utenti possono accedere ai propri registri delle attivit\u00e0, depositare e prelevare denaro e aggiornare le informazioni personali\/di pagamento nella pagina del proprio account.<\/p>\n<h3>Problemi di accesso e risoluzione dei problemi<\/h3>\n<p>Quando i giocatori riscontrano problemi durante l&#8217;accesso a LuckyCapone, che possono essere il blocco della pagina, banner di errore o messaggi di errore quando dimenticano la password o quando il loro account viene bloccato, possiamo assisterli e risolvere immediatamente il problema!<\/p>\n<p>Le ragioni potrebbero essere numerose:<\/p>\n<ul>\n<li>tentativi falliti ripetuti di effettuare il login su LuckyCapone;<\/li>\n<li>se sei ancora in fase di verifica;<\/li>\n<li>limitazioni di sicurezza.<\/li>\n<\/ul>\n<p>Si consiglia ai giocatori di rivolgersi al nostro team di assistenza multilingue tramite e-mail o live chat per risolvere questi problemi. La verifica dell&#8217;identit\u00e0 pu\u00f2 essere un prerequisito per riottenere l&#8217;accesso. Ci\u00f2 garantisce sempre la sicurezza dell&#8217;account e il rispetto dei requisiti normativi.<\/p>\n<h2>Accesso all&#8217;account<\/h2>\n<p>L&#8217;accesso agli account \u00e8 importante per poter utilizzare l&#8217;intera gamma di opzioni offerte da LuckyCapone Casino. Tutti i giocatori devono seguire queste raccomandazioni:<\/p>\n<table>\n<tbody>\n<tr>\n<td>Consiglio di sicurezza<\/td>\n<td>Descrizione<\/td>\n<\/tr>\n<tr>\n<td>Attiva l&#8217;autenticazione a due fattori<\/td>\n<td>La 2FA aggiunge un ulteriore livello di sicurezza al tuo account.<\/td>\n<\/tr>\n<tr>\n<td>Utilizza password efficaci e speciali per i tuoi account<\/td>\n<td>Utilizza password complesse e uniche, difficili da indovinare.<\/td>\n<\/tr>\n<tr>\n<td>Non condividere le tue informazioni di accesso con altre persone<\/td>\n<td>Mantieni riservati i tuoi dati di accesso per impedire accessi non autorizzati.<\/td>\n<\/tr>\n<tr>\n<td>Controlla periodicamente le operazioni dell&#8217;account alla ricerca di transazioni sconosciute<\/td>\n<td>Controlla regolarmente l&#8217;attivit\u00e0 del tuo account per individuare eventuali attivit\u00e0 sospette o non autorizzate.<\/td>\n<\/tr>\n<tr>\n<td>Supera la procedura di verifica di LuckyCapone Casino<\/td>\n<td>Essenziale per ottenere l&#8217;identit\u00e0, l&#8217;et\u00e0 e la prevenzione delle frodi.<\/td>\n<\/tr>\n<\/tbody>\n<\/table>\n<p>I giocatori possono anche comunicare con l&#8217;assistenza per risolvere immediatamente la situazione in caso di blocco temporaneo dei conti. Di solito, ci\u00f2 \u00e8 dovuto ad attivit\u00e0 sospette, quindi \u00e8 meglio inviarci i documenti e ottenere la verifica. La verifica \u00e8 considerata parte della sicurezza del conto. \u00c8 sufficiente presentare documenti ufficiali, inclusi documenti di identit\u00e0 rilasciati dal governo, bollette o estratti conto bancari, durante il processo di verifica.<\/p>\n<h2>Domande frequenti<\/h2>\n<h3>Posso accedere da pi\u00f9 dispositivi?<\/h3>\n<p>La piattaforma LuckyCapone Casino \u00e8 multi-dispositivo, il che significa che i giocatori possono accedere da un computer desktop, tablet o smartphone senza temere l&#8217;insicurezza di Internet. La sincronizzazione mantiene le informazioni di gioco e dell&#8217;account in linea con i dispositivi.<\/p>\n<h3>Come posso proteggere il mio account Lucky Capone da accessi non autorizzati?<\/h3>\n<p>L&#8217;autenticazione a due fattori, la creazione di password complesse e il non condividere i dettagli di accesso sono le misure principali. Anche se pensi di avere molti amici, non dovresti fidarti facilmente di nessuno. \u00c8 consigliabile tenere sotto stretta osservazione l&#8217;attivit\u00e0 del tuo account e modificare occasionalmente le impostazioni di sicurezza come ulteriore livello di protezione.<\/p>\n<h3>Perch\u00e9 devo verificare il mio account prima di accedere?<\/h3>\n<p>Si consiglia vivamente di superare prima la verifica di Lucky Capone, semplicemente inviandoci i tuoi documenti d&#8217;identit\u00e0 ufficiali per un controllo. Il team di assistenza ti risponder\u00e0 entro 2 giorni e non avrai mai problemi con il tuo account o con l&#8217;accesso a Lucky Capone.<\/p>\n<\/div><\/div><\/p>\n","protected":false},"excerpt":{"rendered":"<p>Accesso e registrazione a LuckyCapone LuckyCapone login \u00e8 semplicemente un modo per i nostri giocatori italiani di accedere a tutte le funzionalit\u00e0 del nostro casin\u00f2 con un solo clic, in modo facile e veloce. Puoi divertirti con una vasta gamma di giochi, gestire il tuo account in modo efficace e partecipare a offerte speciali. Tutti [&hellip;]<\/p>\n","protected":false},"author":1,"featured_media":0,"parent":0,"menu_order":0,"comment_status":"closed","ping_status":"closed","template":"template-builder.php","meta":{"_acf_changed":false,"inline_featured_image":false,"footnotes":""},"class_list":["post-1488","page","type-page","status-publish","hentry"],"acf":[],"yoast_head":"<!-- This site is optimized with the Yoast SEO plugin v27.3 - https:\/\/yoast.com\/product\/yoast-seo-wordpress\/ -->\n<title>LuckyCapone Login \u2013 Accedi in Sicurezza al Tuo Conto Casin\u00f2<\/title>\n<meta name=\"description\" content=\"LuckyCapone Login \u2013 accedi in modo sicuro o crea un nuovo account con accesso protetto. Gestisci verifica, recupero password e impostazioni profilo su Lucky Capone.\" \/>\n<meta name=\"robots\" content=\"index, follow, max-snippet:-1, max-image-preview:large, max-video-preview:-1\" \/>\n<link rel=\"canonical\" href=\"https:\/\/luckycaponecasino.net\/it\/accesso-e-registrazione\/\" \/>\n<meta property=\"og:locale\" content=\"it_IT\" \/>\n<meta property=\"og:type\" content=\"article\" \/>\n<meta property=\"og:title\" content=\"LuckyCapone Login \u2013 Accedi in Sicurezza al Tuo Conto Casin\u00f2\" \/>\n<meta property=\"og:description\" content=\"LuckyCapone Login \u2013 accedi in modo sicuro o crea un nuovo account con accesso protetto. Gestisci verifica, recupero password e impostazioni profilo su Lucky Capone.\" \/>\n<meta property=\"og:url\" content=\"https:\/\/luckycaponecasino.net\/it\/accesso-e-registrazione\/\" \/>\n<meta property=\"og:site_name\" content=\"luckycapone\" \/>\n<meta property=\"article:modified_time\" content=\"2026-01-26T13:00:47+00:00\" \/>\n<meta name=\"twitter:card\" content=\"summary_large_image\" \/>\n<meta name=\"twitter:label1\" content=\"Est. reading time\" \/>\n\t<meta name=\"twitter:data1\" content=\"1 minuto\" \/>\n<script type=\"application\/ld+json\" class=\"yoast-schema-graph\">{\"@context\":\"https:\\\/\\\/schema.org\",\"@graph\":[{\"@type\":\"WebPage\",\"@id\":\"https:\\\/\\\/luckycaponecasino.net\\\/it\\\/accesso-e-registrazione\\\/\",\"url\":\"https:\\\/\\\/luckycaponecasino.net\\\/it\\\/accesso-e-registrazione\\\/\",\"name\":\"LuckyCapone Login \u2013 Accedi in Sicurezza al Tuo Conto Casin\u00f2\",\"isPartOf\":{\"@id\":\"https:\\\/\\\/luckycaponecasino.net\\\/it\\\/#website\"},\"datePublished\":\"2026-01-25T13:05:59+00:00\",\"dateModified\":\"2026-01-26T13:00:47+00:00\",\"description\":\"LuckyCapone Login \u2013 accedi in modo sicuro o crea un nuovo account con accesso protetto. Gestisci verifica, recupero password e impostazioni profilo su Lucky Capone.\",\"breadcrumb\":{\"@id\":\"https:\\\/\\\/luckycaponecasino.net\\\/it\\\/accesso-e-registrazione\\\/#breadcrumb\"},\"inLanguage\":\"it-IT\",\"potentialAction\":[{\"@type\":\"ReadAction\",\"target\":[\"https:\\\/\\\/luckycaponecasino.net\\\/it\\\/accesso-e-registrazione\\\/\"]}]},{\"@type\":\"BreadcrumbList\",\"@id\":\"https:\\\/\\\/luckycaponecasino.net\\\/it\\\/accesso-e-registrazione\\\/#breadcrumb\",\"itemListElement\":[{\"@type\":\"ListItem\",\"position\":1,\"name\":\"Luckycapone\",\"item\":\"https:\\\/\\\/luckycaponecasino.net\\\/it\\\/\"},{\"@type\":\"ListItem\",\"position\":2,\"name\":\"Accesso e registrazione\"}]},{\"@type\":\"WebSite\",\"@id\":\"https:\\\/\\\/luckycaponecasino.net\\\/it\\\/#website\",\"url\":\"https:\\\/\\\/luckycaponecasino.net\\\/it\\\/\",\"name\":\"Luckycapone\",\"description\":\"\",\"publisher\":{\"@id\":\"https:\\\/\\\/luckycaponecasino.net\\\/it\\\/#organization\"},\"potentialAction\":[{\"@type\":\"SearchAction\",\"target\":{\"@type\":\"EntryPoint\",\"urlTemplate\":\"https:\\\/\\\/luckycaponecasino.net\\\/it\\\/?s={search_term_string}\"},\"query-input\":{\"@type\":\"PropertyValueSpecification\",\"valueRequired\":true,\"valueName\":\"search_term_string\"}}],\"inLanguage\":\"it-IT\"},{\"@type\":\"Organization\",\"@id\":\"https:\\\/\\\/luckycaponecasino.net\\\/it\\\/#organization\",\"name\":\"Luckycapone\",\"url\":\"https:\\\/\\\/luckycaponecasino.net\\\/it\\\/\",\"logo\":{\"@type\":\"ImageObject\",\"inLanguage\":\"it-IT\",\"@id\":\"https:\\\/\\\/luckycaponecasino.net\\\/it\\\/#\\\/schema\\\/logo\\\/image\\\/\",\"url\":\"https:\\\/\\\/luckycaponecasino.net\\\/wp-content\\\/uploads\\\/2026\\\/01\\\/logo-luckycapone.svg\",\"contentUrl\":\"https:\\\/\\\/luckycaponecasino.net\\\/wp-content\\\/uploads\\\/2026\\\/01\\\/logo-luckycapone.svg\",\"width\":70,\"height\":24,\"caption\":\"Luckycapone\"},\"image\":{\"@id\":\"https:\\\/\\\/luckycaponecasino.net\\\/it\\\/#\\\/schema\\\/logo\\\/image\\\/\"}}]}<\/script>\n<!-- \/ Yoast SEO plugin. -->","yoast_head_json":{"title":"LuckyCapone Login \u2013 Accedi in Sicurezza al Tuo Conto Casin\u00f2","description":"LuckyCapone Login \u2013 accedi in modo sicuro o crea un nuovo account con accesso protetto. Gestisci verifica, recupero password e impostazioni profilo su Lucky Capone.","robots":{"index":"index","follow":"follow","max-snippet":"max-snippet:-1","max-image-preview":"max-image-preview:large","max-video-preview":"max-video-preview:-1"},"canonical":"https:\/\/luckycaponecasino.net\/it\/accesso-e-registrazione\/","og_locale":"it_IT","og_type":"article","og_title":"LuckyCapone Login \u2013 Accedi in Sicurezza al Tuo Conto Casin\u00f2","og_description":"LuckyCapone Login \u2013 accedi in modo sicuro o crea un nuovo account con accesso protetto. Gestisci verifica, recupero password e impostazioni profilo su Lucky Capone.","og_url":"https:\/\/luckycaponecasino.net\/it\/accesso-e-registrazione\/","og_site_name":"luckycapone","article_modified_time":"2026-01-26T13:00:47+00:00","twitter_card":"summary_large_image","twitter_misc":{"Est. reading time":"1 minuto"},"schema":{"@context":"https:\/\/schema.org","@graph":[{"@type":"WebPage","@id":"https:\/\/luckycaponecasino.net\/it\/accesso-e-registrazione\/","url":"https:\/\/luckycaponecasino.net\/it\/accesso-e-registrazione\/","name":"LuckyCapone Login \u2013 Accedi in Sicurezza al Tuo Conto Casin\u00f2","isPartOf":{"@id":"https:\/\/luckycaponecasino.net\/it\/#website"},"datePublished":"2026-01-25T13:05:59+00:00","dateModified":"2026-01-26T13:00:47+00:00","description":"LuckyCapone Login \u2013 accedi in modo sicuro o crea un nuovo account con accesso protetto. Gestisci verifica, recupero password e impostazioni profilo su Lucky Capone.","breadcrumb":{"@id":"https:\/\/luckycaponecasino.net\/it\/accesso-e-registrazione\/#breadcrumb"},"inLanguage":"it-IT","potentialAction":[{"@type":"ReadAction","target":["https:\/\/luckycaponecasino.net\/it\/accesso-e-registrazione\/"]}]},{"@type":"BreadcrumbList","@id":"https:\/\/luckycaponecasino.net\/it\/accesso-e-registrazione\/#breadcrumb","itemListElement":[{"@type":"ListItem","position":1,"name":"Luckycapone","item":"https:\/\/luckycaponecasino.net\/it\/"},{"@type":"ListItem","position":2,"name":"Accesso e registrazione"}]},{"@type":"WebSite","@id":"https:\/\/luckycaponecasino.net\/it\/#website","url":"https:\/\/luckycaponecasino.net\/it\/","name":"Luckycapone","description":"","publisher":{"@id":"https:\/\/luckycaponecasino.net\/it\/#organization"},"potentialAction":[{"@type":"SearchAction","target":{"@type":"EntryPoint","urlTemplate":"https:\/\/luckycaponecasino.net\/it\/?s={search_term_string}"},"query-input":{"@type":"PropertyValueSpecification","valueRequired":true,"valueName":"search_term_string"}}],"inLanguage":"it-IT"},{"@type":"Organization","@id":"https:\/\/luckycaponecasino.net\/it\/#organization","name":"Luckycapone","url":"https:\/\/luckycaponecasino.net\/it\/","logo":{"@type":"ImageObject","inLanguage":"it-IT","@id":"https:\/\/luckycaponecasino.net\/it\/#\/schema\/logo\/image\/","url":"https:\/\/luckycaponecasino.net\/wp-content\/uploads\/2026\/01\/logo-luckycapone.svg","contentUrl":"https:\/\/luckycaponecasino.net\/wp-content\/uploads\/2026\/01\/logo-luckycapone.svg","width":70,"height":24,"caption":"Luckycapone"},"image":{"@id":"https:\/\/luckycaponecasino.net\/it\/#\/schema\/logo\/image\/"}}]}},"_links":{"self":[{"href":"https:\/\/luckycaponecasino.net\/it\/wp-json\/wp\/v2\/pages\/1488","targetHints":{"allow":["GET"]}}],"collection":[{"href":"https:\/\/luckycaponecasino.net\/it\/wp-json\/wp\/v2\/pages"}],"about":[{"href":"https:\/\/luckycaponecasino.net\/it\/wp-json\/wp\/v2\/types\/page"}],"author":[{"embeddable":true,"href":"https:\/\/luckycaponecasino.net\/it\/wp-json\/wp\/v2\/users\/1"}],"replies":[{"embeddable":true,"href":"https:\/\/luckycaponecasino.net\/it\/wp-json\/wp\/v2\/comments?post=1488"}],"version-history":[{"count":2,"href":"https:\/\/luckycaponecasino.net\/it\/wp-json\/wp\/v2\/pages\/1488\/revisions"}],"predecessor-version":[{"id":1759,"href":"https:\/\/luckycaponecasino.net\/it\/wp-json\/wp\/v2\/pages\/1488\/revisions\/1759"}],"wp:attachment":[{"href":"https:\/\/luckycaponecasino.net\/it\/wp-json\/wp\/v2\/media?parent=1488"}],"curies":[{"name":"wp","href":"https:\/\/api.w.org\/{rel}","templated":true}]}}