{"id":1450,"date":"2026-01-25T12:34:31","date_gmt":"2026-01-25T12:34:31","guid":{"rendered":"https:\/\/luckycaponecasino.net\/app\/"},"modified":"2026-01-26T14:38:34","modified_gmt":"2026-01-26T14:38:34","slug":"aplikacja","status":"publish","type":"page","link":"https:\/\/luckycaponecasino.net\/pl\/aplikacja\/","title":{"rendered":"Aplikacja"},"content":{"rendered":"<h1>Aplikacja LuckyCapone<\/h1>\n<p>LuckyCapone app zmienia oblicze mobilnej rozrywki kasynowej, zapewniaj\u0105c nieprzerwany dost\u0119p do szerokiej gamy online lots, gier sto\u0142owych i do\u015bwiadcze\u0144 z krupierem na \u017cywo w podr\u00f3\u017cy. Zdobyli\u015bmy zaufanie polskich graczy dzi\u0119ki bezpiecznemu, szybkiemu i wygodnemu \u015brodowisku gry na ka\u017cdym urz\u0105dzeniu oraz gwarantujemy zoptymalizowane sesje gry.<\/p>\n<p>Czat na \u017cywo i \u0142atwy proces weryfikacji r\u00f3wnie\u017c wp\u0142ywaj\u0105 na og\u00f3ln\u0105 atmosfer\u0119, dzi\u0119ki czemu kasyno LuckyCapone jest najpopularniejszym miejscem w\u015br\u00f3d wszystkich os\u00f3b, kt\u00f3re chc\u0105 cieszy\u0107 si\u0119 gr\u0105 najwy\u017cszej jako\u015bci na dowolnym urz\u0105dzeniu.<\/p>\n<p><div class=\"banner-wrap\" aria-label=\"Banner\"><img src=\"https:\/\/luckycaponecasino.net\/wp-content\/uploads\/2026\/01\/Luckycapone-banner.webp\" class=\"w-100 d-none d-lg-block img-pc main-banner-img\" alt=\"banner\" fetchpriority=\"high\" decoding=\"async\"><img src=\"https:\/\/luckycaponecasino.net\/wp-content\/uploads\/2026\/01\/Mobile-banner.webp\" class=\"w-100 d-none d-md-block d-lg-none main-banner-img\" alt=\"Mobile banner\" fetchpriority=\"high\" decoding=\"async\"><img src=\"https:\/\/luckycaponecasino.net\/wp-content\/uploads\/2026\/01\/Mobile-banner.webp\" class=\"w-100 d-md-none\" alt=\"Mobile banner\" fetchpriority=\"high\" decoding=\"async\"><div class=\"banner-description\">\n<div class=\"banner-title\">Bonusy powitalne<\/div>\n<p class=\"banner-header-title\">1500 \u20ac<\/p>\n<div class=\"banner-header-AdditionalText\">+ 250 Darmowe spiny<\/div>\n<button data-item=\"homepage_banner_link\" class=\"goto m-button m-gradient-border m-button--primary m-button--large banner-button btn-orange\">\n            <div class=\"m-button-content\">\n                <span>Zarejestruj si\u0119 teraz<\/span>\n                <span><\/span>\n            <\/div>\n        <\/button>\n<\/div>\n<div class=\"WelcomePack\">\n<p><img loading=\"lazy\" decoding=\"async\" class=\"alignnone size-full wp-image-1531\" src=\"https:\/\/luckycaponecasino.net\/wp-content\/uploads\/2026\/01\/welcome-crown-1.svg\" alt=\"welcome crown\" width=\"25\" height=\"26\" \/><\/p>\n<div class=\"WelcomePack-Info\">Cotygodniowy zwrot got\u00f3wki do 25%<\/div>\n<p><img loading=\"lazy\" decoding=\"async\" class=\"alignnone size-full wp-image-1531\" src=\"https:\/\/luckycaponecasino.net\/wp-content\/uploads\/2026\/01\/welcome-crown-1.svg\" alt=\"welcome crown\" width=\"25\" height=\"26\" \/><\/p>\n<\/div>\n<\/div><div class=\"scrollable-content-wrap my-5\"><div class=\"scrollable-content-inner\"><h2>Aplikacja LuckyCapone na iOS<\/h2>\n<p>U\u017cytkownicy systemu iOS mog\u0105 uzyska\u0107 dost\u0119p do kasyna Lucky Capone za po\u015brednictwem przegl\u0105darki Safari. Witryna jest w pe\u0142ni zoptymalizowana pod k\u0105tem urz\u0105dze\u0144 z systemem iOS. Gra przebiega bardzo p\u0142ynnie. Aplikacj\u0119 LuckyCapone mo\u017cna dostosowa\u0107 do r\u00f3\u017cnych rozmiar\u00f3w ekranu. Aplikacj\u0119 LuckyCapone mo\u017cna bardzo \u0142atwo zainstalowa\u0107 w systemie iOS:<\/p>\n<ol>\n<li>Aby doda\u0107 skr\u00f3t, u\u017cyj symbolu kwadratu ze strza\u0142k\u0105 w g\u00f3r\u0119.<\/li>\n<li>Zapisz skr\u00f3t na ekranie g\u0142\u00f3wnym (kliknij \u201eDodaj do ekranu g\u0142\u00f3wnego\u201d).<\/li>\n<li>Upewnij si\u0119, \u017ce jest to nasza oficjalna strona, a adres URL jest poprawny, a nast\u0119pnie kliknij \u201eDodaj\u201d.<\/li>\n<\/ol>\n<p>Gotowe! Skr\u00f3t do kasyna LuckyCapone znajduje si\u0119 teraz na ekranie. Nie wymaga to udzia\u0142u Apple App Store, co jest zgodne z polityk\u0105 iOS dotycz\u0105c\u0105 aplikacji hazardowych online.<\/p>\n<p>Wersja na iOS posiada wszystkie niezb\u0119dne funkcje, takie jak granie w gry, zarz\u0105dzanie kontami i czat na \u017cywo, dzi\u0119ki czemu pod wzgl\u0119dem funkcji jest podobna do naszej wersji Lucky Capone na komputery stacjonarne. Aplikacja zosta\u0142a zaprojektowana z my\u015bl\u0105 o bezpiecze\u0144stwie i jest przyjazna dla u\u017cytkownika, a nacisk po\u0142o\u017cono na zapewnienie stabilnego dzia\u0142ania gier na iPhone&#8217;ach i iPadach.<\/p>\n<p><img loading=\"lazy\" decoding=\"async\" src=\"https:\/\/luckycaponecasino.net\/wp-content\/uploads\/2026\/01\/Luckycapone-iOS.webp\" alt=\"Luckycapone iOS\" width=\"1248\" height=\"536\" \/><\/p>\n<\/div><\/div><div style=\"clear: both\"><\/div><div class=\"d-flex justify-content-center\"><button data-item=\"decouvrez_link\" data-group=\"website_links\" class=\"goto fw-bold rounded-pill btn btn-orange\" aria-label=\"Pobierz aplikacj\u0119 Luckycapone\" >Pobierz aplikacj\u0119 Luckycapone<\/button><\/div><\/p>\n<h2>Funkcje aplikacji LuckyCapone<\/h2>\n<p>Aplikacja LuckyCapone oferuje funkcje, kt\u00f3re sprawiaj\u0105, \u017ce gra jest wygodniejsza i przyjemniejsza. Jej przyjazny dla u\u017cytkownika wygl\u0105d u\u0142atwia nawigacj\u0119, pozwalaj\u0105c znale\u017a\u0107 ulubione gry, przechodzi\u0107 do r\u00f3\u017cnych sekcji, przewija\u0107 nasz\u0105 stron\u0119 i dokonywa\u0107 wp\u0142at na zak\u0142ady. Wysokowydajna architektura aplikacji gwarantuje szybkie \u0142adowanie, niskie op\u00f3\u017anienia i p\u0142ynn\u0105 rozgrywk\u0119 \u2014 naprawd\u0119 b\u0119dziesz mie\u0107 takie same wra\u017cenia, jak w przegl\u0105darce!<\/p>\n<p>Dane u\u017cytkownik\u00f3w s\u0105 zabezpieczone za pomoc\u0105 zaawansowanych system\u00f3w bezpiecze\u0144stwa (TLS 1.3), a zintegrowane funkcje wsparcia, takie jak czat na \u017cywo, zapewniaj\u0105 natychmiastow\u0105 pomoc u\u017cytkownikom. Ponadto aplikacja jest kompatybilna z r\u00f3\u017cnymi urz\u0105dzeniami, dzi\u0119ki czemu gracze b\u0119d\u0105 mieli takie same wra\u017cenia na smartfonach, tabletach, a nawet komputerach stacjonarnych.<\/p>\n<p><div class=\"scrollable-content-wrap my-5\"><div class=\"scrollable-content-inner\"><h2>Aplikacja LuckyCapone dla systemu Android<\/h2>\n<p>Je\u015bli m\u00f3wimy konkretnie o systemie Android, mamy dla niego progresywn\u0105 aplikacj\u0119 internetow\u0105 (PWA), kt\u00f3ra nie wymaga pobierania. Jest to aplikacja oparta na przegl\u0105darce mobilnej. Zapewnia lekk\u0105, bezpieczn\u0105 i responsywn\u0105 integracj\u0119 gier. Dost\u0119p do wersji Lucky Capone Casino na Androida mo\u017cna uzyska\u0107, po prostu przewijaj\u0105c stron\u0119 w d\u00f3\u0142 do przycisku \u201eAplikacja kasyna\u201d i klikaj\u0105c, aby wygenerowa\u0107 skr\u00f3t na ekranie g\u0142\u00f3wnym. To proste! Jest to aplikacja natywna, kt\u00f3ra umo\u017cliwia bezpo\u015bredni dost\u0119p do wszystkich funkcji.<\/p>\n<h3>Uprawnienia bezpiecze\u0144stwa<\/h3>\n<p>Aplikacja LuckyCapone Casino na Androida zawiera minimalne uprawnienia wymagane do optymalnego dzia\u0142ania. Nawet to niewielkie ograniczenie wi\u0105\u017ce si\u0119 g\u0142\u00f3wnie z konieczno\u015bci\u0105 zapewnienia bezpiecze\u0144stwa transakcji i umo\u017cliwienia aktualizacji w czasie rzeczywistym. Nie wi\u0105\u017ce si\u0119 to z gromadzeniem inwazyjnych danych osobowych. Przez ca\u0142y czas dbamy o prywatno\u015b\u0107 i bezpiecze\u0144stwo u\u017cytkownik\u00f3w.<\/p>\n<p><img loading=\"lazy\" decoding=\"async\" class=\"alignnone wp-image-1339 size-full\" src=\"https:\/\/luckycaponecasino.net\/wp-content\/uploads\/2026\/01\/Luckycapone-Android.webp\" alt=\"Luckycapone Android\" width=\"1248\" height=\"536\" srcset=\"https:\/\/luckycaponecasino.net\/wp-content\/uploads\/2026\/01\/Luckycapone-Android.webp 1248w, https:\/\/luckycaponecasino.net\/wp-content\/uploads\/2026\/01\/Luckycapone-Android-300x129.webp 300w, https:\/\/luckycaponecasino.net\/wp-content\/uploads\/2026\/01\/Luckycapone-Android-1024x440.webp 1024w, https:\/\/luckycaponecasino.net\/wp-content\/uploads\/2026\/01\/Luckycapone-Android-768x330.webp 768w\" sizes=\"auto, (max-width: 1248px) 100vw, 1248px\" \/><\/p>\n<\/div><\/div><div style=\"clear: both\"><\/div><div class=\"d-flex justify-content-center\"><button data-item=\"decouvrez_link\" data-group=\"website_links\" class=\"goto fw-bold rounded-pill btn btn-orange\" aria-label=\"Pobierz aplikacj\u0119 Luckycapone\" >Pobierz aplikacj\u0119 Luckycapone<\/button><\/div><div class=\"scrollable-content-wrap my-5\"><div class=\"scrollable-content-inner\"><h2>Wersja Lucky Capone Casino na komputery stacjonarne<\/h2>\n<p>Platforma komputerowa LuckyCapone Casino jest pe\u0142n\u0105 wersj\u0105 naszej platformy. W gry Lucky Capone Casino mo\u017cna gra\u0107 we wszystkich popularnych przegl\u0105darkach, takich jak Chrome, Edge, Safari i Firefox, a nawet w tych nastawionych na prywatno\u015b\u0107, takich jak DuckDuckGo.<\/p>\n<p>Wersja na komputery stacjonarne ma rozbudowany interfejs, kt\u00f3ry jest bardziej odpowiedni dla graczy potrzebuj\u0105cych bardziej wci\u0105gaj\u0105cych wra\u017ce\u0144. Skr\u00f3ty umo\u017cliwiaj\u0105 \u0142atwy dost\u0119p do strony. Instrukcje s\u0105 \u0142atwo dost\u0119pne, dzi\u0119ki czemu kasyno mo\u017cna doda\u0107 do pulpitu lub doku, w zale\u017cno\u015bci od systemu operacyjnego.<\/p>\n<p>Ta aplikacja na komputery stacjonarne b\u0119dzie mia\u0142a r\u00f3wnie\u017c wszystkie funkcje aplikacji mobilnej. Przed dokonaniem wyp\u0142aty wymagany jest etap weryfikacji, aby zapewni\u0107 wysok\u0105 integralno\u015b\u0107 i zgodno\u015b\u0107 z protoko\u0142ami bezpiecze\u0144stwa. Platforma na komputery stacjonarne charakteryzuje si\u0119 wysok\u0105 wydajno\u015bci\u0105 i obs\u0142uguje gry na wszystkich urz\u0105dzeniach bez uszczerbku dla bezpiecze\u0144stwa, szybko\u015bci i u\u017cyteczno\u015bci. Przypomnijmy, jak doda\u0107 aplikacj\u0119 LuckyCapone:<\/p>\n<table>\n<tbody>\n<tr>\n<td>Platforma<\/td>\n<td>Jak utworzy\u0107 skr\u00f3t<\/td>\n<\/tr>\n<tr>\n<td>Windows<\/td>\n<td>Otw\u00f3rz przegl\u0105dark\u0119, otw\u00f3rz stron\u0119 LuckyCapone Casino i dodaj skr\u00f3t na pulpicie. Nie jest potrzebne \u017cadne dodatkowe oprogramowanie.<\/td>\n<\/tr>\n<tr>\n<td>macOS<\/td>\n<td>W przegl\u0105darce Safari lub Chrome na naszej stronie znajd\u017a w menu w sekcji plik\u00f3w opcj\u0119 \u201eDodaj do ekranu g\u0142\u00f3wnego\u201d. Nie jest wymagana \u017cadna skomplikowana instalacja.<\/td>\n<\/tr>\n<\/tbody>\n<\/table>\n<h3>LuckyCapone PWA a aplikacja natywna (APK \/ aplikacja iOS)<\/h3>\n<p>PWA LuckyCapone Casino ma wiele zalet. Aktualizuje si\u0119 automatycznie przez przegl\u0105dark\u0119, co oznacza, \u017ce gracze mog\u0105 stale korzysta\u0107 z najnowszych funkcji i rozszerze\u0144 zabezpiecze\u0144 bez konieczno\u015bci r\u0119cznej aktualizacji.<\/p>\n<p>Wynika to z jej lekko\u015bci, kt\u00f3ra minimalizuje zapotrzebowanie na pami\u0119\u0107 i umo\u017cliwia ci\u0105g\u0142\u0105 gr\u0119. Aplikacja LuckyCapone APK nie jest ju\u017c potrzebna, a u\u017cytkownicy iOS maj\u0105 teraz aplikacj\u0119 PWA. Zapewniamy bardziej zintegrowane do\u015bwiadczenie, a aplikacja LuckyCapone PWA \u0142aduje si\u0119 szybciej i mo\u017ce by\u0107 u\u017cywana w trybie offline.<\/p>\n<p><img loading=\"lazy\" decoding=\"async\" src=\"https:\/\/luckycaponecasino.net\/wp-content\/uploads\/2026\/01\/Luckycapone-Desktop.webp\" alt=\"Luckycapone Desktop\" width=\"1248\" height=\"536\" \/><\/p>\n<\/div><\/div><div style=\"clear: both\"><\/div><div class=\"d-flex justify-content-center\"><button data-item=\"decouvrez_link\" data-group=\"website_links\" class=\"goto fw-bold rounded-pill btn btn-orange\" aria-label=\"Pobierz aplikacj\u0119 Luckycapone\" >Pobierz aplikacj\u0119 Luckycapone<\/button><\/div><div class=\"scrollable-content-wrap my-5\"><div class=\"scrollable-content-inner\"><h2>FAQ<\/h2>\n<h3>Czy musz\u0119 pobiera\u0107 jakie\u015b zewn\u0119trzne aplikacje, aby gra\u0107 w gry Lucky Capone?<\/h3>\n<p>Do grania w gry Lucky Capone Casino nie s\u0105 potrzebne \u017cadne zewn\u0119trzne aplikacje. Posiadamy progresywn\u0105 aplikacj\u0119 internetow\u0105, kt\u00f3ra nie wymaga pobierania ani instalacji. Wersja na komputery stacjonarne jest kompatybilna z ka\u017cd\u0105 standardow\u0105 przegl\u0105dark\u0105 i nie wymaga dodatkowego oprogramowania. Je\u015bli wyja\u015bnienia dotycz\u0105ce instalacji s\u0105 nadal niejasne, po prostu napisz do nas, a zesp\u00f3\u0142 pomocy technicznej ch\u0119tnie Ci pomo\u017ce!<\/p>\n<h3>Czy PWA jest bezpieczna w u\u017cyciu?<\/h3>\n<p>Lucky Capone PWA posiada szalone zabezpieczenia, kt\u00f3re gwarantuj\u0105 szyfrowanie i bezpiecze\u0144stwo danych podczas transakcji i rozgrywki. Dzia\u0142a na bezpiecznym protokole HTTPS z wa\u017cnymi certyfikatami TLS. Projekt aplikacji opiera si\u0119 na koncepcji prywatno\u015bci i bezpiecze\u0144stwa u\u017cytkownik\u00f3w, co czyni j\u0105 dobrym wyborem dla mobilnych gier kasynowych.<\/p>\n<h3>Czy wszystkie gry LuckyCapone s\u0105 dost\u0119pne w aplikacji?<\/h3>\n<p>Aplikacja LuckyCapone zapewnia dost\u0119p do wszystkich gier z biblioteki kasyna mobilnego. Znajdziesz tam wszystkie swoje ulubione automaty, gry sto\u0142owe, gry z krupierem na \u017cywo i gry z natychmiastow\u0105 wygran\u0105. Platforma zapewnia p\u0142ynn\u0105 rozgrywk\u0119. Aplikacja LuckyCapone jest naprawd\u0119 warta wypr\u00f3bowania.<\/p>\n<\/div><\/div><\/p>\n","protected":false},"excerpt":{"rendered":"<p>Aplikacja LuckyCapone LuckyCapone app zmienia oblicze mobilnej rozrywki kasynowej, zapewniaj\u0105c nieprzerwany dost\u0119p do szerokiej gamy online lots, gier sto\u0142owych i do\u015bwiadcze\u0144 z krupierem na \u017cywo w podr\u00f3\u017cy. Zdobyli\u015bmy zaufanie polskich graczy dzi\u0119ki bezpiecznemu, szybkiemu i wygodnemu \u015brodowisku gry na ka\u017cdym urz\u0105dzeniu oraz gwarantujemy zoptymalizowane sesje gry. Czat na \u017cywo i \u0142atwy proces weryfikacji r\u00f3wnie\u017c wp\u0142ywaj\u0105 [&hellip;]<\/p>\n","protected":false},"author":1,"featured_media":0,"parent":0,"menu_order":0,"comment_status":"closed","ping_status":"closed","template":"template-builder.php","meta":{"_acf_changed":false,"inline_featured_image":false,"footnotes":""},"class_list":["post-1450","page","type-page","status-publish","hentry"],"acf":[],"yoast_head":"<!-- This site is optimized with the Yoast SEO plugin v27.3 - https:\/\/yoast.com\/product\/yoast-seo-wordpress\/ -->\n<title>LuckyCapone App na Mobile | Download \u2013 iOS, Android<\/title>\n<meta name=\"description\" content=\"LuckyCapone App \u2013 pobierz na iOS i Android, aby gra\u0107 w kasynie mobilnym. Dost\u0119p do slot\u00f3w, sto\u0142\u00f3w, jackpot\u00f3w i gier na \u017cywo z pe\u0142n\u0105 synchronizacj\u0105 konta w Lucky Capone.\" \/>\n<meta name=\"robots\" content=\"index, follow, max-snippet:-1, max-image-preview:large, max-video-preview:-1\" \/>\n<link rel=\"canonical\" href=\"https:\/\/luckycaponecasino.net\/pl\/aplikacja\/\" \/>\n<meta property=\"og:locale\" content=\"pl_PL\" \/>\n<meta property=\"og:type\" content=\"article\" \/>\n<meta property=\"og:title\" content=\"LuckyCapone App na Mobile | Download \u2013 iOS, Android\" \/>\n<meta property=\"og:description\" content=\"LuckyCapone App \u2013 pobierz na iOS i Android, aby gra\u0107 w kasynie mobilnym. Dost\u0119p do slot\u00f3w, sto\u0142\u00f3w, jackpot\u00f3w i gier na \u017cywo z pe\u0142n\u0105 synchronizacj\u0105 konta w Lucky Capone.\" \/>\n<meta property=\"og:url\" content=\"https:\/\/luckycaponecasino.net\/pl\/aplikacja\/\" \/>\n<meta property=\"og:site_name\" content=\"luckycapone\" \/>\n<meta property=\"article:modified_time\" content=\"2026-01-26T14:38:34+00:00\" \/>\n<meta name=\"twitter:card\" content=\"summary_large_image\" \/>\n<meta name=\"twitter:label1\" content=\"Est. reading time\" \/>\n\t<meta name=\"twitter:data1\" content=\"1 minuta\" \/>\n<script type=\"application\/ld+json\" class=\"yoast-schema-graph\">{\"@context\":\"https:\\\/\\\/schema.org\",\"@graph\":[{\"@type\":\"WebPage\",\"@id\":\"https:\\\/\\\/luckycaponecasino.net\\\/pl\\\/aplikacja\\\/\",\"url\":\"https:\\\/\\\/luckycaponecasino.net\\\/pl\\\/aplikacja\\\/\",\"name\":\"LuckyCapone App na Mobile | Download \u2013 iOS, Android\",\"isPartOf\":{\"@id\":\"https:\\\/\\\/luckycaponecasino.net\\\/pl\\\/#website\"},\"datePublished\":\"2026-01-25T12:34:31+00:00\",\"dateModified\":\"2026-01-26T14:38:34+00:00\",\"description\":\"LuckyCapone App \u2013 pobierz na iOS i Android, aby gra\u0107 w kasynie mobilnym. Dost\u0119p do slot\u00f3w, sto\u0142\u00f3w, jackpot\u00f3w i gier na \u017cywo z pe\u0142n\u0105 synchronizacj\u0105 konta w Lucky Capone.\",\"breadcrumb\":{\"@id\":\"https:\\\/\\\/luckycaponecasino.net\\\/pl\\\/aplikacja\\\/#breadcrumb\"},\"inLanguage\":\"pl-PL\",\"potentialAction\":[{\"@type\":\"ReadAction\",\"target\":[\"https:\\\/\\\/luckycaponecasino.net\\\/pl\\\/aplikacja\\\/\"]}]},{\"@type\":\"BreadcrumbList\",\"@id\":\"https:\\\/\\\/luckycaponecasino.net\\\/pl\\\/aplikacja\\\/#breadcrumb\",\"itemListElement\":[{\"@type\":\"ListItem\",\"position\":1,\"name\":\"Luckycapone\",\"item\":\"https:\\\/\\\/luckycaponecasino.net\\\/pl\\\/\"},{\"@type\":\"ListItem\",\"position\":2,\"name\":\"Aplikacja\"}]},{\"@type\":\"WebSite\",\"@id\":\"https:\\\/\\\/luckycaponecasino.net\\\/pl\\\/#website\",\"url\":\"https:\\\/\\\/luckycaponecasino.net\\\/pl\\\/\",\"name\":\"Luckycapone\",\"description\":\"\",\"publisher\":{\"@id\":\"https:\\\/\\\/luckycaponecasino.net\\\/pl\\\/#organization\"},\"potentialAction\":[{\"@type\":\"SearchAction\",\"target\":{\"@type\":\"EntryPoint\",\"urlTemplate\":\"https:\\\/\\\/luckycaponecasino.net\\\/pl\\\/?s={search_term_string}\"},\"query-input\":{\"@type\":\"PropertyValueSpecification\",\"valueRequired\":true,\"valueName\":\"search_term_string\"}}],\"inLanguage\":\"pl-PL\"},{\"@type\":\"Organization\",\"@id\":\"https:\\\/\\\/luckycaponecasino.net\\\/pl\\\/#organization\",\"name\":\"Luckycapone\",\"url\":\"https:\\\/\\\/luckycaponecasino.net\\\/pl\\\/\",\"logo\":{\"@type\":\"ImageObject\",\"inLanguage\":\"pl-PL\",\"@id\":\"https:\\\/\\\/luckycaponecasino.net\\\/pl\\\/#\\\/schema\\\/logo\\\/image\\\/\",\"url\":\"https:\\\/\\\/luckycaponecasino.net\\\/wp-content\\\/uploads\\\/2026\\\/01\\\/logo-luckycapone.svg\",\"contentUrl\":\"https:\\\/\\\/luckycaponecasino.net\\\/wp-content\\\/uploads\\\/2026\\\/01\\\/logo-luckycapone.svg\",\"width\":70,\"height\":24,\"caption\":\"Luckycapone\"},\"image\":{\"@id\":\"https:\\\/\\\/luckycaponecasino.net\\\/pl\\\/#\\\/schema\\\/logo\\\/image\\\/\"}}]}<\/script>\n<!-- \/ Yoast SEO plugin. -->","yoast_head_json":{"title":"LuckyCapone App na Mobile | Download \u2013 iOS, Android","description":"LuckyCapone App \u2013 pobierz na iOS i Android, aby gra\u0107 w kasynie mobilnym. Dost\u0119p do slot\u00f3w, sto\u0142\u00f3w, jackpot\u00f3w i gier na \u017cywo z pe\u0142n\u0105 synchronizacj\u0105 konta w Lucky Capone.","robots":{"index":"index","follow":"follow","max-snippet":"max-snippet:-1","max-image-preview":"max-image-preview:large","max-video-preview":"max-video-preview:-1"},"canonical":"https:\/\/luckycaponecasino.net\/pl\/aplikacja\/","og_locale":"pl_PL","og_type":"article","og_title":"LuckyCapone App na Mobile | Download \u2013 iOS, Android","og_description":"LuckyCapone App \u2013 pobierz na iOS i Android, aby gra\u0107 w kasynie mobilnym. Dost\u0119p do slot\u00f3w, sto\u0142\u00f3w, jackpot\u00f3w i gier na \u017cywo z pe\u0142n\u0105 synchronizacj\u0105 konta w Lucky Capone.","og_url":"https:\/\/luckycaponecasino.net\/pl\/aplikacja\/","og_site_name":"luckycapone","article_modified_time":"2026-01-26T14:38:34+00:00","twitter_card":"summary_large_image","twitter_misc":{"Est. reading time":"1 minuta"},"schema":{"@context":"https:\/\/schema.org","@graph":[{"@type":"WebPage","@id":"https:\/\/luckycaponecasino.net\/pl\/aplikacja\/","url":"https:\/\/luckycaponecasino.net\/pl\/aplikacja\/","name":"LuckyCapone App na Mobile | Download \u2013 iOS, Android","isPartOf":{"@id":"https:\/\/luckycaponecasino.net\/pl\/#website"},"datePublished":"2026-01-25T12:34:31+00:00","dateModified":"2026-01-26T14:38:34+00:00","description":"LuckyCapone App \u2013 pobierz na iOS i Android, aby gra\u0107 w kasynie mobilnym. Dost\u0119p do slot\u00f3w, sto\u0142\u00f3w, jackpot\u00f3w i gier na \u017cywo z pe\u0142n\u0105 synchronizacj\u0105 konta w Lucky Capone.","breadcrumb":{"@id":"https:\/\/luckycaponecasino.net\/pl\/aplikacja\/#breadcrumb"},"inLanguage":"pl-PL","potentialAction":[{"@type":"ReadAction","target":["https:\/\/luckycaponecasino.net\/pl\/aplikacja\/"]}]},{"@type":"BreadcrumbList","@id":"https:\/\/luckycaponecasino.net\/pl\/aplikacja\/#breadcrumb","itemListElement":[{"@type":"ListItem","position":1,"name":"Luckycapone","item":"https:\/\/luckycaponecasino.net\/pl\/"},{"@type":"ListItem","position":2,"name":"Aplikacja"}]},{"@type":"WebSite","@id":"https:\/\/luckycaponecasino.net\/pl\/#website","url":"https:\/\/luckycaponecasino.net\/pl\/","name":"Luckycapone","description":"","publisher":{"@id":"https:\/\/luckycaponecasino.net\/pl\/#organization"},"potentialAction":[{"@type":"SearchAction","target":{"@type":"EntryPoint","urlTemplate":"https:\/\/luckycaponecasino.net\/pl\/?s={search_term_string}"},"query-input":{"@type":"PropertyValueSpecification","valueRequired":true,"valueName":"search_term_string"}}],"inLanguage":"pl-PL"},{"@type":"Organization","@id":"https:\/\/luckycaponecasino.net\/pl\/#organization","name":"Luckycapone","url":"https:\/\/luckycaponecasino.net\/pl\/","logo":{"@type":"ImageObject","inLanguage":"pl-PL","@id":"https:\/\/luckycaponecasino.net\/pl\/#\/schema\/logo\/image\/","url":"https:\/\/luckycaponecasino.net\/wp-content\/uploads\/2026\/01\/logo-luckycapone.svg","contentUrl":"https:\/\/luckycaponecasino.net\/wp-content\/uploads\/2026\/01\/logo-luckycapone.svg","width":70,"height":24,"caption":"Luckycapone"},"image":{"@id":"https:\/\/luckycaponecasino.net\/pl\/#\/schema\/logo\/image\/"}}]}},"_links":{"self":[{"href":"https:\/\/luckycaponecasino.net\/pl\/wp-json\/wp\/v2\/pages\/1450","targetHints":{"allow":["GET"]}}],"collection":[{"href":"https:\/\/luckycaponecasino.net\/pl\/wp-json\/wp\/v2\/pages"}],"about":[{"href":"https:\/\/luckycaponecasino.net\/pl\/wp-json\/wp\/v2\/types\/page"}],"author":[{"embeddable":true,"href":"https:\/\/luckycaponecasino.net\/pl\/wp-json\/wp\/v2\/users\/1"}],"replies":[{"embeddable":true,"href":"https:\/\/luckycaponecasino.net\/pl\/wp-json\/wp\/v2\/comments?post=1450"}],"version-history":[{"count":3,"href":"https:\/\/luckycaponecasino.net\/pl\/wp-json\/wp\/v2\/pages\/1450\/revisions"}],"predecessor-version":[{"id":1769,"href":"https:\/\/luckycaponecasino.net\/pl\/wp-json\/wp\/v2\/pages\/1450\/revisions\/1769"}],"wp:attachment":[{"href":"https:\/\/luckycaponecasino.net\/pl\/wp-json\/wp\/v2\/media?parent=1450"}],"curies":[{"name":"wp","href":"https:\/\/api.w.org\/{rel}","templated":true}]}}