{"id":1489,"date":"2026-01-25T13:05:59","date_gmt":"2026-01-25T13:05:59","guid":{"rendered":"https:\/\/luckycaponecasino.net\/login-and-registration\/"},"modified":"2026-01-26T13:20:34","modified_gmt":"2026-01-26T13:20:34","slug":"logowanie-i-rejestracja","status":"publish","type":"page","link":"https:\/\/luckycaponecasino.net\/pl\/logowanie-i-rejestracja\/","title":{"rendered":"Logowanie i rejestracja"},"content":{"rendered":"<h1>Logowanie i rejestracja w LuckyCapone<\/h1>\n<p>LuckyCapone login to po prostu spos\u00f3b dla naszych polskich graczy na dost\u0119p do wszystkich funkcji naszego kasyna za pomoc\u0105 jednego klikni\u0119cia \u2014 \u0142atwo i szybko. Mo\u017cesz cieszy\u0107 si\u0119 ca\u0142\u0105 gam\u0105 gier, efektywnie zarz\u0105dza\u0107 swoim kontem i bra\u0107 udzia\u0142 w ofertach specjalnych. Wszyscy zarejestrowani u\u017cytkownicy maj\u0105 bezpieczny, \u0142atwy w u\u017cyciu system logowania, kt\u00f3ry zapewnia im lepsze wra\u017cenia z gry.<\/p>\n<p><div class=\"banner-wrap\" aria-label=\"Banner\"><img src=\"https:\/\/luckycaponecasino.net\/wp-content\/uploads\/2026\/01\/Luckycapone-banner.webp\" class=\"w-100 d-none d-lg-block img-pc main-banner-img\" alt=\"banner\" fetchpriority=\"high\" decoding=\"async\"><img src=\"https:\/\/luckycaponecasino.net\/wp-content\/uploads\/2026\/01\/Mobile-banner.webp\" class=\"w-100 d-none d-md-block d-lg-none main-banner-img\" alt=\"Mobile banner\" fetchpriority=\"high\" decoding=\"async\"><img src=\"https:\/\/luckycaponecasino.net\/wp-content\/uploads\/2026\/01\/Mobile-banner.webp\" class=\"w-100 d-md-none\" alt=\"Mobile banner\" fetchpriority=\"high\" decoding=\"async\"><div class=\"banner-description\">\n<div class=\"banner-title\">Bonusy powitalne<\/div>\n<p class=\"banner-header-title\">1500 \u20ac<\/p>\n<div class=\"banner-header-AdditionalText\">+ 250 Darmowe spiny<\/div>\n<button data-item=\"homepage_banner_link\" class=\"goto m-button m-gradient-border m-button--primary m-button--large banner-button btn-orange\">\n            <div class=\"m-button-content\">\n                <span>Zarejestruj si\u0119 teraz<\/span>\n                <span><\/span>\n            <\/div>\n        <\/button>\n<\/div>\n<div class=\"WelcomePack\">\n<p><img loading=\"lazy\" decoding=\"async\" class=\"alignnone size-full wp-image-1531\" src=\"https:\/\/luckycaponecasino.net\/wp-content\/uploads\/2026\/01\/welcome-crown-1.svg\" alt=\"welcome crown\" width=\"25\" height=\"26\" \/><\/p>\n<div class=\"WelcomePack-Info\">Cotygodniowy zwrot got\u00f3wki do 25%<\/div>\n<p><img loading=\"lazy\" decoding=\"async\" class=\"alignnone size-full wp-image-1531\" src=\"https:\/\/luckycaponecasino.net\/wp-content\/uploads\/2026\/01\/welcome-crown-1.svg\" alt=\"welcome crown\" width=\"25\" height=\"26\" \/><\/p>\n<\/div>\n<\/div><div class=\"scrollable-content-wrap my-5\"><div class=\"scrollable-content-inner\"><h2>Procedura rejestracji w LuckyCapone<\/h2>\n<p>Rejestracja w kasynie LuckyCapone oznacza dost\u0119p do wszystkich funkcji poprawiaj\u0105cych proces gry. Po za\u0142o\u017ceniu konta wszyscy nowi gracze otrzymuj\u0105 r\u00f3wnie\u017c dost\u0119p do naszej super fajnej, ogromnej biblioteki zawieraj\u0105cej ponad 6000 r\u00f3\u017cnych automat\u00f3w, kolekcji ksi\u0105\u017cek, gier Drops and Wins oraz gier karcianych. Logowanie do LuckyCapone otwiera r\u00f3wnie\u017c dost\u0119p do ekskluzywnych bonus\u00f3w, turniej\u00f3w promocyjnych i programu lojalno\u015bciowego (VIP), kt\u00f3ry nagradza regularn\u0105 gr\u0119.<\/p>\n<p>Rejestracja jest szybka i \u0142atwa. Aby si\u0119 zarejestrowa\u0107, gracze musz\u0105 poda\u0107 wa\u017cne dane osobowe, takie jak adres e-mail i silne, bezpieczne has\u0142o, kt\u00f3re sami tworz\u0105 (lub generuj\u0105 z zaufanego \u017ar\u00f3d\u0142a). P\u00f3\u017aniej, w panelu LuckyCapone Casino, mo\u017cna doda\u0107 swoje imi\u0119 i nazwisko oraz inne dane osobowe.<\/p>\n<p>Informacje, kt\u00f3re nam przekazujesz, gwarantuj\u0105 zgodno\u015b\u0107 z przepisami prawa. Nasze standardy odpowiedzialnej gry nakazuj\u0105 nam przyjmowanie wy\u0142\u0105cznie graczy, kt\u00f3rzy uko\u0144czyli 18 lat. Nie przyjmujemy os\u00f3b niepe\u0142noletnich. Ponadto gracze mog\u0105 skorzysta\u0107 z rejestracji, aby stworzy\u0107 w\u0142asne, unikalne ograniczenia gry i umo\u017cliwi\u0107 odpowiedzialn\u0105 gr\u0119, co sprzyja bezpiecznemu i regulowanemu \u015brodowisku.<\/p>\n<h3>Zmiana danych osobowych w LuckyCapone Casino<\/h3>\n<p>Gracze mog\u0105 w dowolnym momencie aktualizowa\u0107 swoje dane osobowe w panelu swojego konta. Niekt\u00f3re z tych zmian mog\u0105 dotyczy\u0107 danych kontaktowych, danych bankowych lub ustawie\u0144 bezpiecze\u0144stwa. Bardzo wa\u017cne jest r\u00f3wnie\u017c przechowywanie prawid\u0142owych danych, aby proces weryfikacji konta przebiega\u0142 prawid\u0142owo. Aktualizacja dokument\u00f3w jest r\u00f3wnie\u017c wa\u017cna, podobnie jak proces wyp\u0142aty \u015brodk\u00f3w i komunikacja. Nasza strona wykorzystuje wysoki poziom bezpiecze\u0144stwa, aby chroni\u0107 prywatno\u015b\u0107 i integralno\u015b\u0107 danych wszystkich informacji osobowych podczas aktualizacji.<\/p>\n<h2>Kroki logowania do LuckyCapone<\/h2>\n<p>Logowanie do konta LuckyCapone jest proste:<\/p>\n<ol>\n<li>Znajd\u017a obszar logowania po prawej stronie strony g\u0142\u00f3wnej, u g\u00f3ry naszego kasyna Lucky Capone.<\/li>\n<li>Wpisz sw\u00f3j zarejestrowany adres e-mail i has\u0142o.<\/li>\n<li>Aby uzyska\u0107 dost\u0119p, naci\u015bnij przycisk \u201eZaloguj si\u0119\u201d i znajdziesz si\u0119 na swoim koncie w kasynie LuckyCapone!<\/li>\n<\/ol>\n<p>Po zalogowaniu gracze mog\u0105 wykonywa\u0107 r\u00f3\u017cne czynno\u015bci, kt\u00f3re zazwyczaj sprawiaj\u0105 im przyjemno\u015b\u0107 \u2014 wp\u0142aca\u0107 i wyp\u0142aca\u0107 wygrane, realizowa\u0107 bonusy, przegl\u0105da\u0107 histori\u0119 konta i dostosowywa\u0107 ustawienia konta. Interfejs jest prosty, a ponadto mamy przyjazny dla u\u017cytkownika pulpit nawigacyjny, kt\u00f3ry u\u0142atwia zarz\u0105dzanie kontem.<\/p>\n<p>Ponadto Luckycapone oferuje opcjonalne uwierzytelnianie dwusk\u0142adnikowe. Zwi\u0119ksza to bezpiecze\u0144stwo kont. Ta funkcja jest niezwykle wygodna i bezpieczna \u2013 nie musisz si\u0119 martwi\u0107 o swoje bezpiecze\u0144stwo. Zawsze ch\u0119tnie zapewniamy dodatkow\u0105 ochron\u0119. U\u017cytkownicy mog\u0105 uzyska\u0107 dost\u0119p do dziennik\u00f3w aktywno\u015bci, wp\u0142aca\u0107 i wyp\u0142aca\u0107 pieni\u0105dze oraz aktualizowa\u0107 dane osobowe\/p\u0142atnicze na stronie swojego konta.<\/p>\n<h3>Problemy z logowaniem i rozwi\u0105zywanie problem\u00f3w<\/h3>\n<p>Gdy gracze napotykaj\u0105 problemy podczas logowania do LuckyCapone \u2013 mo\u017ce to by\u0107 zawieszanie si\u0119 strony, b\u0142\u0119dy w banerach lub komunikaty o b\u0142\u0119dach, gdy zapomn\u0105 has\u0142a lub gdy ich konto zostanie zablokowane \u2013 mo\u017cemy pom\u00f3c i natychmiast wszystko naprawi\u0107!<\/p>\n<p>Przyczyn mo\u017ce by\u0107 wiele:<\/p>\n<ul>\n<li>wielokrotne nieudane pr\u00f3by zalogowania si\u0119 do LuckyCapone;<\/li>\n<li>je\u015bli nadal trwa proces weryfikacji;<\/li>\n<li>ograniczenia bezpiecze\u0144stwa.<\/li>\n<\/ul>\n<p>Zalecamy graczom skontaktowanie si\u0119 z naszym wieloj\u0119zycznym zespo\u0142em pomocy technicznej za po\u015brednictwem poczty elektronicznej lub czatu na \u017cywo w celu rozwi\u0105zania tych problem\u00f3w. Weryfikacja to\u017csamo\u015bci mo\u017ce by\u0107 warunkiem koniecznym do ponownego uzyskania dost\u0119pu. Zapewnia to zawsze bezpiecze\u0144stwo konta i zgodno\u015b\u0107 z wymogami regulacyjnymi.<\/p>\n<h2>Dost\u0119p do konta<\/h2>\n<p>Dost\u0119p do kont jest wa\u017cny, aby\u015b m\u00f3g\u0142 korzysta\u0107 z pe\u0142nego zakresu opcji kasyna LuckyCapone. Wszyscy gracze powinni przestrzega\u0107 nast\u0119puj\u0105cych zalece\u0144:<\/p>\n<table>\n<tbody>\n<tr>\n<td>Wskaz\u00f3wka dotycz\u0105ca bezpiecze\u0144stwa<\/td>\n<td>Opis<\/td>\n<\/tr>\n<tr>\n<td>W\u0142\u0105cz uwierzytelnianie dwusk\u0142adnikowe<\/td>\n<td>2FA zapewnia dodatkow\u0105 warstw\u0119 bezpiecze\u0144stwa Twojego konta.<\/td>\n<\/tr>\n<tr>\n<td>U\u017cywaj dobrych, specjalnych hase\u0142 do swoich kont<\/td>\n<td>U\u017cywaj silnych, unikalnych hase\u0142, kt\u00f3re s\u0105 trudne do odgadni\u0119cia.<\/td>\n<\/tr>\n<tr>\n<td>Nie udost\u0119pniaj innym osobom swoich danych logowania<\/td>\n<td>Zachowaj swoje dane logowania w tajemnicy, aby zapobiec nieautoryzowanemu dost\u0119powi.<\/td>\n<\/tr>\n<tr>\n<td>Okresowo sprawdzaj operacje na koncie pod k\u0105tem nieznanych transakcji<\/td>\n<td>Regularnie sprawdzaj aktywno\u015b\u0107 swojego konta, aby wykry\u0107 wszelkie podejrzane lub nieautoryzowane dzia\u0142ania.<\/td>\n<\/tr>\n<tr>\n<td>Przejd\u017a procedur\u0119 weryfikacyjn\u0105 kasyna LuckyCapone<\/td>\n<td>Jest to niezb\u0119dne do potwierdzenia to\u017csamo\u015bci, wieku i zapobiegania oszustwom.<\/td>\n<\/tr>\n<\/tbody>\n<\/table>\n<p>Gracze mog\u0105 r\u00f3wnie\u017c skontaktowa\u0107 si\u0119 z obs\u0142ug\u0105 klienta, aby natychmiast rozwi\u0105za\u0107 problem w przypadku tymczasowego zablokowania konta. Zazwyczaj wynika to z podejrzanej aktywno\u015bci, dlatego lepiej jest przes\u0142a\u0107 nam dokumenty i przej\u015b\u0107 weryfikacj\u0119. Weryfikacja jest uwa\u017cana za cz\u0119\u015b\u0107 zabezpieczenia konta. Wystarczy przed\u0142o\u017cy\u0107 oficjalne dokumenty, w tym dokumenty to\u017csamo\u015bci wydane przez rz\u0105d, rachunki za media lub wyci\u0105gi bankowe, podczas procesu weryfikacji.<\/p>\n<h2>FAQ<\/h2>\n<h3>Czy mog\u0119 logowa\u0107 si\u0119 z wielu urz\u0105dze\u0144?<\/h3>\n<p>Platforma LuckyCapone Casino obs\u0142uguje wiele urz\u0105dze\u0144, co oznacza, \u017ce gracze mog\u0105 logowa\u0107 si\u0119 na komputerze stacjonarnym, tablecie lub smartfonie bez obaw o bezpiecze\u0144stwo w Internecie. Synchronizacja zapewnia sp\u00f3jno\u015b\u0107 informacji o grze i koncie na wszystkich urz\u0105dzeniach.<\/p>\n<h3>Jak mog\u0119 chroni\u0107 swoje konto Lucky Capone przed nieautoryzowanym dost\u0119pem?<\/h3>\n<p>G\u0142\u00f3wnymi krokami s\u0105 uwierzytelnianie dwusk\u0142adnikowe, tworzenie z\u0142o\u017conych hase\u0142 i nieudost\u0119pnianie danych logowania. Nawet je\u015bli uwa\u017casz, \u017ce masz wielu przyjaci\u00f3\u0142, nie powiniene\u015b \u0142atwo ufa\u0107 nikomu. Zaleca si\u0119 uwa\u017cne obserwowanie aktywno\u015bci na koncie i okazjonaln\u0105 zmian\u0119 ustawie\u0144 zabezpiecze\u0144 jako dodatkow\u0105 warstw\u0119 ochrony.<\/p>\n<h3>Dlaczego musz\u0119 zweryfikowa\u0107 swoje konto przed zalogowaniem si\u0119?<\/h3>\n<p>Zdecydowanie zalecamy najpierw przej\u015b\u0107 weryfikacj\u0119 Lucky Capone, po prostu przesy\u0142aj\u0105c nam swoje oficjalne dokumenty to\u017csamo\u015bci do sprawdzenia. Zesp\u00f3\u0142 pomocy technicznej skontaktuje si\u0119 z Tob\u0105 w ci\u0105gu 2 dni, a Ty nigdy nie b\u0119dziesz mie\u0107 \u017cadnych problem\u00f3w z kontem ani logowaniem do Lucky Capone.<\/p>\n<\/div><\/div><\/p>\n","protected":false},"excerpt":{"rendered":"<p>Logowanie i rejestracja w LuckyCapone LuckyCapone login to po prostu spos\u00f3b dla naszych polskich graczy na dost\u0119p do wszystkich funkcji naszego kasyna za pomoc\u0105 jednego klikni\u0119cia \u2014 \u0142atwo i szybko. Mo\u017cesz cieszy\u0107 si\u0119 ca\u0142\u0105 gam\u0105 gier, efektywnie zarz\u0105dza\u0107 swoim kontem i bra\u0107 udzia\u0142 w ofertach specjalnych. Wszyscy zarejestrowani u\u017cytkownicy maj\u0105 bezpieczny, \u0142atwy w u\u017cyciu system [&hellip;]<\/p>\n","protected":false},"author":1,"featured_media":0,"parent":0,"menu_order":0,"comment_status":"closed","ping_status":"closed","template":"template-builder.php","meta":{"_acf_changed":false,"inline_featured_image":false,"footnotes":""},"class_list":["post-1489","page","type-page","status-publish","hentry"],"acf":[],"yoast_head":"<!-- This site is optimized with the Yoast SEO plugin v27.3 - https:\/\/yoast.com\/product\/yoast-seo-wordpress\/ -->\n<title>LuckyCapone Login \u2013 Bezpieczne Logowanie do Konta Kasyna<\/title>\n<meta name=\"description\" content=\"LuckyCapone Login \u2013 zaloguj si\u0119 bezpiecznie lub za\u0142\u00f3\u017c nowe konto z szyfrowanym dost\u0119pem. Zarz\u0105dzaj weryfikacj\u0105, odzyskiwaniem has\u0142a i ustawieniami profilu w Lucky Capone.\" \/>\n<meta name=\"robots\" content=\"index, follow, max-snippet:-1, max-image-preview:large, max-video-preview:-1\" \/>\n<link rel=\"canonical\" href=\"https:\/\/luckycaponecasino.net\/pl\/logowanie-i-rejestracja\/\" \/>\n<meta property=\"og:locale\" content=\"pl_PL\" \/>\n<meta property=\"og:type\" content=\"article\" \/>\n<meta property=\"og:title\" content=\"LuckyCapone Login \u2013 Bezpieczne Logowanie do Konta Kasyna\" \/>\n<meta property=\"og:description\" content=\"LuckyCapone Login \u2013 zaloguj si\u0119 bezpiecznie lub za\u0142\u00f3\u017c nowe konto z szyfrowanym dost\u0119pem. Zarz\u0105dzaj weryfikacj\u0105, odzyskiwaniem has\u0142a i ustawieniami profilu w Lucky Capone.\" \/>\n<meta property=\"og:url\" content=\"https:\/\/luckycaponecasino.net\/pl\/logowanie-i-rejestracja\/\" \/>\n<meta property=\"og:site_name\" content=\"luckycapone\" \/>\n<meta property=\"article:modified_time\" content=\"2026-01-26T13:20:34+00:00\" \/>\n<meta name=\"twitter:card\" content=\"summary_large_image\" \/>\n<meta name=\"twitter:label1\" content=\"Est. reading time\" \/>\n\t<meta name=\"twitter:data1\" content=\"1 minuta\" \/>\n<script type=\"application\/ld+json\" class=\"yoast-schema-graph\">{\"@context\":\"https:\\\/\\\/schema.org\",\"@graph\":[{\"@type\":\"WebPage\",\"@id\":\"https:\\\/\\\/luckycaponecasino.net\\\/pl\\\/logowanie-i-rejestracja\\\/\",\"url\":\"https:\\\/\\\/luckycaponecasino.net\\\/pl\\\/logowanie-i-rejestracja\\\/\",\"name\":\"LuckyCapone Login \u2013 Bezpieczne Logowanie do Konta Kasyna\",\"isPartOf\":{\"@id\":\"https:\\\/\\\/luckycaponecasino.net\\\/pl\\\/#website\"},\"datePublished\":\"2026-01-25T13:05:59+00:00\",\"dateModified\":\"2026-01-26T13:20:34+00:00\",\"description\":\"LuckyCapone Login \u2013 zaloguj si\u0119 bezpiecznie lub za\u0142\u00f3\u017c nowe konto z szyfrowanym dost\u0119pem. Zarz\u0105dzaj weryfikacj\u0105, odzyskiwaniem has\u0142a i ustawieniami profilu w Lucky Capone.\",\"breadcrumb\":{\"@id\":\"https:\\\/\\\/luckycaponecasino.net\\\/pl\\\/logowanie-i-rejestracja\\\/#breadcrumb\"},\"inLanguage\":\"pl-PL\",\"potentialAction\":[{\"@type\":\"ReadAction\",\"target\":[\"https:\\\/\\\/luckycaponecasino.net\\\/pl\\\/logowanie-i-rejestracja\\\/\"]}]},{\"@type\":\"BreadcrumbList\",\"@id\":\"https:\\\/\\\/luckycaponecasino.net\\\/pl\\\/logowanie-i-rejestracja\\\/#breadcrumb\",\"itemListElement\":[{\"@type\":\"ListItem\",\"position\":1,\"name\":\"Luckycapone\",\"item\":\"https:\\\/\\\/luckycaponecasino.net\\\/pl\\\/\"},{\"@type\":\"ListItem\",\"position\":2,\"name\":\"Logowanie i rejestracja\"}]},{\"@type\":\"WebSite\",\"@id\":\"https:\\\/\\\/luckycaponecasino.net\\\/pl\\\/#website\",\"url\":\"https:\\\/\\\/luckycaponecasino.net\\\/pl\\\/\",\"name\":\"Luckycapone\",\"description\":\"\",\"publisher\":{\"@id\":\"https:\\\/\\\/luckycaponecasino.net\\\/pl\\\/#organization\"},\"potentialAction\":[{\"@type\":\"SearchAction\",\"target\":{\"@type\":\"EntryPoint\",\"urlTemplate\":\"https:\\\/\\\/luckycaponecasino.net\\\/pl\\\/?s={search_term_string}\"},\"query-input\":{\"@type\":\"PropertyValueSpecification\",\"valueRequired\":true,\"valueName\":\"search_term_string\"}}],\"inLanguage\":\"pl-PL\"},{\"@type\":\"Organization\",\"@id\":\"https:\\\/\\\/luckycaponecasino.net\\\/pl\\\/#organization\",\"name\":\"Luckycapone\",\"url\":\"https:\\\/\\\/luckycaponecasino.net\\\/pl\\\/\",\"logo\":{\"@type\":\"ImageObject\",\"inLanguage\":\"pl-PL\",\"@id\":\"https:\\\/\\\/luckycaponecasino.net\\\/pl\\\/#\\\/schema\\\/logo\\\/image\\\/\",\"url\":\"https:\\\/\\\/luckycaponecasino.net\\\/wp-content\\\/uploads\\\/2026\\\/01\\\/logo-luckycapone.svg\",\"contentUrl\":\"https:\\\/\\\/luckycaponecasino.net\\\/wp-content\\\/uploads\\\/2026\\\/01\\\/logo-luckycapone.svg\",\"width\":70,\"height\":24,\"caption\":\"Luckycapone\"},\"image\":{\"@id\":\"https:\\\/\\\/luckycaponecasino.net\\\/pl\\\/#\\\/schema\\\/logo\\\/image\\\/\"}}]}<\/script>\n<!-- \/ Yoast SEO plugin. -->","yoast_head_json":{"title":"LuckyCapone Login \u2013 Bezpieczne Logowanie do Konta Kasyna","description":"LuckyCapone Login \u2013 zaloguj si\u0119 bezpiecznie lub za\u0142\u00f3\u017c nowe konto z szyfrowanym dost\u0119pem. Zarz\u0105dzaj weryfikacj\u0105, odzyskiwaniem has\u0142a i ustawieniami profilu w Lucky Capone.","robots":{"index":"index","follow":"follow","max-snippet":"max-snippet:-1","max-image-preview":"max-image-preview:large","max-video-preview":"max-video-preview:-1"},"canonical":"https:\/\/luckycaponecasino.net\/pl\/logowanie-i-rejestracja\/","og_locale":"pl_PL","og_type":"article","og_title":"LuckyCapone Login \u2013 Bezpieczne Logowanie do Konta Kasyna","og_description":"LuckyCapone Login \u2013 zaloguj si\u0119 bezpiecznie lub za\u0142\u00f3\u017c nowe konto z szyfrowanym dost\u0119pem. Zarz\u0105dzaj weryfikacj\u0105, odzyskiwaniem has\u0142a i ustawieniami profilu w Lucky Capone.","og_url":"https:\/\/luckycaponecasino.net\/pl\/logowanie-i-rejestracja\/","og_site_name":"luckycapone","article_modified_time":"2026-01-26T13:20:34+00:00","twitter_card":"summary_large_image","twitter_misc":{"Est. reading time":"1 minuta"},"schema":{"@context":"https:\/\/schema.org","@graph":[{"@type":"WebPage","@id":"https:\/\/luckycaponecasino.net\/pl\/logowanie-i-rejestracja\/","url":"https:\/\/luckycaponecasino.net\/pl\/logowanie-i-rejestracja\/","name":"LuckyCapone Login \u2013 Bezpieczne Logowanie do Konta Kasyna","isPartOf":{"@id":"https:\/\/luckycaponecasino.net\/pl\/#website"},"datePublished":"2026-01-25T13:05:59+00:00","dateModified":"2026-01-26T13:20:34+00:00","description":"LuckyCapone Login \u2013 zaloguj si\u0119 bezpiecznie lub za\u0142\u00f3\u017c nowe konto z szyfrowanym dost\u0119pem. Zarz\u0105dzaj weryfikacj\u0105, odzyskiwaniem has\u0142a i ustawieniami profilu w Lucky Capone.","breadcrumb":{"@id":"https:\/\/luckycaponecasino.net\/pl\/logowanie-i-rejestracja\/#breadcrumb"},"inLanguage":"pl-PL","potentialAction":[{"@type":"ReadAction","target":["https:\/\/luckycaponecasino.net\/pl\/logowanie-i-rejestracja\/"]}]},{"@type":"BreadcrumbList","@id":"https:\/\/luckycaponecasino.net\/pl\/logowanie-i-rejestracja\/#breadcrumb","itemListElement":[{"@type":"ListItem","position":1,"name":"Luckycapone","item":"https:\/\/luckycaponecasino.net\/pl\/"},{"@type":"ListItem","position":2,"name":"Logowanie i rejestracja"}]},{"@type":"WebSite","@id":"https:\/\/luckycaponecasino.net\/pl\/#website","url":"https:\/\/luckycaponecasino.net\/pl\/","name":"Luckycapone","description":"","publisher":{"@id":"https:\/\/luckycaponecasino.net\/pl\/#organization"},"potentialAction":[{"@type":"SearchAction","target":{"@type":"EntryPoint","urlTemplate":"https:\/\/luckycaponecasino.net\/pl\/?s={search_term_string}"},"query-input":{"@type":"PropertyValueSpecification","valueRequired":true,"valueName":"search_term_string"}}],"inLanguage":"pl-PL"},{"@type":"Organization","@id":"https:\/\/luckycaponecasino.net\/pl\/#organization","name":"Luckycapone","url":"https:\/\/luckycaponecasino.net\/pl\/","logo":{"@type":"ImageObject","inLanguage":"pl-PL","@id":"https:\/\/luckycaponecasino.net\/pl\/#\/schema\/logo\/image\/","url":"https:\/\/luckycaponecasino.net\/wp-content\/uploads\/2026\/01\/logo-luckycapone.svg","contentUrl":"https:\/\/luckycaponecasino.net\/wp-content\/uploads\/2026\/01\/logo-luckycapone.svg","width":70,"height":24,"caption":"Luckycapone"},"image":{"@id":"https:\/\/luckycaponecasino.net\/pl\/#\/schema\/logo\/image\/"}}]}},"_links":{"self":[{"href":"https:\/\/luckycaponecasino.net\/pl\/wp-json\/wp\/v2\/pages\/1489","targetHints":{"allow":["GET"]}}],"collection":[{"href":"https:\/\/luckycaponecasino.net\/pl\/wp-json\/wp\/v2\/pages"}],"about":[{"href":"https:\/\/luckycaponecasino.net\/pl\/wp-json\/wp\/v2\/types\/page"}],"author":[{"embeddable":true,"href":"https:\/\/luckycaponecasino.net\/pl\/wp-json\/wp\/v2\/users\/1"}],"replies":[{"embeddable":true,"href":"https:\/\/luckycaponecasino.net\/pl\/wp-json\/wp\/v2\/comments?post=1489"}],"version-history":[{"count":2,"href":"https:\/\/luckycaponecasino.net\/pl\/wp-json\/wp\/v2\/pages\/1489\/revisions"}],"predecessor-version":[{"id":1780,"href":"https:\/\/luckycaponecasino.net\/pl\/wp-json\/wp\/v2\/pages\/1489\/revisions\/1780"}],"wp:attachment":[{"href":"https:\/\/luckycaponecasino.net\/pl\/wp-json\/wp\/v2\/media?parent=1489"}],"curies":[{"name":"wp","href":"https:\/\/api.w.org\/{rel}","templated":true}]}}